{"id":3350,"date":"2025-05-30T09:41:02","date_gmt":"2025-05-30T08:41:02","guid":{"rendered":"https:\/\/fsi-2025.dev.taxjustice.net\/?page_id=3350"},"modified":"2025-06-02T22:48:16","modified_gmt":"2025-06-02T21:48:16","slug":"about-the-index","status":"publish","type":"page","link":"https:\/\/fsi.taxjustice.net\/pt\/about-the-index\/","title":{"rendered":"Sobre o \u00cdndice"},"content":{"rendered":"\n<h2 class=\"wp-block-heading has-text-align-center\">Hoje, h\u00e1 duas vezes mais riqueza escondida no exterior do que todos os d\u00f3lares e euros em circula\u00e7\u00e3o<\/h2>\n\n\n\n<p class=\"has-text-align-center leader-text\">Quando a riqueza \u00e9 escondida no exterior, ela fica fora do alcance da lei. Isso alimenta o abuso fiscal e o crime, al\u00e9m de minar os direitos humanos e as democracias.<\/p>\n\n\n\n<div class=\"full-width-section-normal\">\n<div class=\"narrowcontent\">\n\n\n\n<div class=\"wp-block-cover has-medium-font-size\" style=\"min-height:180px;aspect-ratio:unset;\"><span aria-hidden=\"true\" class=\"wp-block-cover__background has-background-dim-0 has-background-dim\"><\/span><img fetchpriority=\"high\" decoding=\"async\" width=\"1024\" height=\"397\" class=\"wp-block-cover__image-background wp-image-2360\" alt=\"Image of green dollar bills\" src=\"https:\/\/fsi-2025.dev.taxjustice.net\/wp-content\/uploads\/2025\/05\/Dollar_Bills-1024x397.png\" data-object-fit=\"cover\" srcset=\"https:\/\/fsi.taxjustice.net\/wp-content\/uploads\/2025\/05\/Dollar_Bills-1024x397.png 1024w, https:\/\/fsi.taxjustice.net\/wp-content\/uploads\/2025\/05\/Dollar_Bills-300x116.png 300w, https:\/\/fsi.taxjustice.net\/wp-content\/uploads\/2025\/05\/Dollar_Bills-768x298.png 768w, https:\/\/fsi.taxjustice.net\/wp-content\/uploads\/2025\/05\/Dollar_Bills.png 1406w\" sizes=\"(max-width: 1024px) 100vw, 1024px\" \/><div class=\"wp-block-cover__inner-container is-layout-constrained wp-block-cover-is-layout-constrained\">\n<h2 class=\"wp-block-heading has-text-align-center has-white-color has-text-color has-link-color has-medium-font-size wp-elements-665cde8da924555cc2538818500cea9f\">Quais pa\u00edses s\u00e3o mais respons\u00e1veis por o sigilo financeiro e o que podemos fazer a respeito deles? O \u00cdndice de Sigilo Financeiro foi desenhado justamente para responder isso.<\/h2>\n<\/div><\/div>\n\n\n\n<p>A maioria das pessoas pensa que os para\u00edsos fiscais s\u00e3o pequenas ilhas cercadas de palmeiras. Mas o \u00cdndice de Sigilo Financeiro mostra que os facilitadores do sigilo mais prejudiciais s\u00e3o algumas das maiores economias do mundo e seus territ\u00f3rios dependentes. De fato, todos os pa\u00edses permitem o sigilo financeiro em maior ou menor grau, de forma que todos eles t\u00eam a responsabilidade de fortalecer suas leis contra essa pr\u00e1tica, e o \u00cdndice de Sigilo Financeiro pode auxili\u00e1-los.<\/p>\n\n\n\n<\/div>\n<\/div>\n<div class=\"full-width-section-light\">\n<div class=\"narrowcontent\">\n\n\n\n<h1 class=\"wp-block-heading has-text-align-center page-title-content\">O como<\/h1>\n\n\n\n<h2 class=\"wp-block-heading has-text-align-center smaller\">Metodologia do \u00edndice<\/h2>\n\n\n\n<p class=\"has-text-align-center leader-text\">Atualizamos regularmente a metodologia do \u00cdndice de Sigilo Financeiro para abordar a natureza evolutiva das pr\u00e1ticas globais de sigilo financeiro, assim como um firewall tamb\u00e9m passa regularmente por atualiza\u00e7\u00f5es para ser capaz de proteger contra novos tipos de vulnerabilidades.<\/p>\n\n\n\n<div style=\"height:5px\" aria-hidden=\"true\" class=\"wp-block-spacer\"><\/div>\n\n\n<div style=\"gap: 20px;\" class=\"align-button-center ub-buttons orientation-button-row ub-flex-wrap wp-block-ub-button\" id=\"ub-button-9f6fa1b0-7608-47f6-a2c2-3ffbc9c17edc\"><div class=\"ub-button-container\">\n\t\t\t<a href=\"\/wp-content\/uploads\/2025\/06\/2025-06-FSIMethodology8.0.pdf\" target=\"_blank\" rel=\"noopener noreferrer  \" class=\"ub-button-block-main ub-button-medium   ub-button-flex-medium\" role=\"button\" style=\"--ub-button-background-color: #2e4e33; --ub-button-color: #ffffff; --ub-button-border: none; --ub-button-hover-background-color: #50805e; --ub-button-hover-color: #ffffff; --ub-button-hover-border: none; border-top-left-radius: 5px;; border-top-right-radius: 5px;; border-bottom-left-radius: 5px;; border-bottom-right-radius: 5px;; \">\n\t\t\t\t<div class=\"ub-button-content-holder\" style=\"flex-direction: row-reverse\">\n\t\t\t\t\t<span class=\"ub-button-block-btn\"><strong><strong>Baixe o PDF da Metodologia<\/strong> PDF<\/strong>     <strong>\u2197<\/strong><\/span>\n\t\t\t\t<\/div>\n\t\t\t<\/a>\n\t\t<\/div><\/div>\n\n\n<div style=\"height:10px\" aria-hidden=\"true\" class=\"wp-block-spacer\"><\/div>\n\n\n\n<div class=\"wp-block-group wide-padding has-white-background-color has-background is-vertical is-layout-flex wp-container-core-group-is-layout-1 wp-block-group-is-layout-flex\">\n<h3 class=\"wp-block-heading\">Como o \u00edndice classifica os pa\u00edses<\/h3>\n\n\n\n<p>O \u00cdndice de Sigilo Financeiro avalia minuciosamente as leis das jurisdi\u00e7\u00f5es e monitora o volume de servi\u00e7os financeiros prestados por jurisdi\u00e7\u00f5es a residentes de outros pa\u00edses, tudo isso com o objetivo de criar um quadro claro dos maiores facilitadores do sigilo financeiro global.<\/p>\n\n\n\n<p><\/p>\n\n\n\n<h4 class=\"wp-block-heading\">Pontua\u00e7\u00e3o de sigilo<\/h4>\n\n\n\n<p>Mede quanto espa\u00e7o as leis e regulamenta\u00e7\u00f5es da jurisdi\u00e7\u00e3o oferecem, de forma intencional ou n\u00e3o, para o sigilo financeiro. As pontua\u00e7\u00f5es variam de 0 (sem espa\u00e7o para sigilo financeiro) a 100 (espa\u00e7o ilimitado para sigilo financeiro). Avaliado com base em mais de 100 perguntas, organizadas em 20 indicadores.<\/p>\n\n\n\n<div class=\"wp-block-media-text is-stacked-on-mobile has-small-font-size\" style=\"grid-template-columns:38% auto\"><figure class=\"wp-block-media-text__media\"><img decoding=\"async\" width=\"710\" height=\"150\" src=\"https:\/\/fsi-2025.dev.taxjustice.net\/wp-content\/uploads\/2025\/05\/SecrecyScoreHigh.png\" alt=\"\" class=\"wp-image-3461 size-full\" srcset=\"https:\/\/fsi.taxjustice.net\/wp-content\/uploads\/2025\/05\/SecrecyScoreHigh.png 710w, https:\/\/fsi.taxjustice.net\/wp-content\/uploads\/2025\/05\/SecrecyScoreHigh-300x63.png 300w\" sizes=\"(max-width: 710px) 100vw, 710px\" \/><\/figure><div class=\"wp-block-media-text__content\">\n<p>Pontua\u00e7\u00e3o alta = as leis da jurisdi\u00e7\u00e3o abrem muito espa\u00e7o para sigilo financeiro<\/p>\n<\/div><\/div>\n\n\n\n<div class=\"wp-block-media-text is-stacked-on-mobile\" style=\"grid-template-columns:38% auto\"><figure class=\"wp-block-media-text__media\"><img decoding=\"async\" width=\"711\" height=\"151\" src=\"https:\/\/fsi-2025.dev.taxjustice.net\/wp-content\/uploads\/2025\/05\/SecrecyScoreLow.png\" alt=\"\" class=\"wp-image-3462 size-full\" srcset=\"https:\/\/fsi.taxjustice.net\/wp-content\/uploads\/2025\/05\/SecrecyScoreLow.png 711w, https:\/\/fsi.taxjustice.net\/wp-content\/uploads\/2025\/05\/SecrecyScoreLow-300x64.png 300w\" sizes=\"(max-width: 711px) 100vw, 711px\" \/><\/figure><div class=\"wp-block-media-text__content\">\n<p class=\"has-small-font-size\">Pontua\u00e7\u00e3o baixa = as leis da jurisdi\u00e7\u00e3o abrem pouco espa\u00e7o para sigilo financeiro<\/p>\n<\/div><\/div>\n\n\n\n<p><\/p>\n\n\n\n<h4 class=\"wp-block-heading\">Pondera\u00e7\u00e3o Global<\/h4>\n\n\n\n<p>Mede o volume de servi\u00e7os financeiros que uma jurisdi\u00e7\u00e3o presta a residentes de outros pa\u00edses. Apresentado como uma percentagem do total dos servi\u00e7os financeiros offshore prestados a n\u00edvel mundial. Com base nos dados do FMI.<\/p>\n\n\n\n<div class=\"wp-block-media-text is-stacked-on-mobile\" style=\"grid-template-columns:15% auto\"><figure class=\"wp-block-media-text__media\"><img loading=\"lazy\" decoding=\"async\" width=\"496\" height=\"492\" src=\"https:\/\/fsi-2025.dev.taxjustice.net\/wp-content\/uploads\/2025\/05\/GlobalScaleWeight.png\" alt=\"\" class=\"wp-image-3459 size-full\" srcset=\"https:\/\/fsi.taxjustice.net\/wp-content\/uploads\/2025\/05\/GlobalScaleWeight.png 496w, https:\/\/fsi.taxjustice.net\/wp-content\/uploads\/2025\/05\/GlobalScaleWeight-300x298.png 300w, https:\/\/fsi.taxjustice.net\/wp-content\/uploads\/2025\/05\/GlobalScaleWeight-150x150.png 150w\" sizes=\"(max-width: 496px) 100vw, 496px\" \/><\/figure><div class=\"wp-block-media-text__content\">\n<p class=\"has-small-font-size\">A jurisdi\u00e7\u00e3o fornece 1,2% dos servi\u00e7os financeiros offshore globais<\/p>\n<\/div><\/div>\n\n\n\n<p><\/p>\n\n\n\n<h4 class=\"wp-block-heading\">Valor do \u00cdndice de Sigilo Financeiro (Valor FSI)<\/h4>\n\n\n\n<p>Combina a Pontua\u00e7\u00e3o de sigilo com a Pondera\u00e7\u00e3o Global para determinar o peso do papel exercido pela jurisdi\u00e7\u00e3o na permissibilidade de sigilo financeiro global. As jurisdi\u00e7\u00f5es s\u00e3o ranqueadas no \u00edndice com base nesse valor.<\/p>\n\n\n\n<div class=\"wp-block-media-text is-stacked-on-mobile has-small-font-size\" style=\"grid-template-columns:38% auto\"><figure class=\"wp-block-media-text__media\"><img loading=\"lazy\" decoding=\"async\" width=\"709\" height=\"151\" src=\"https:\/\/fsi-2025.dev.taxjustice.net\/wp-content\/uploads\/2025\/05\/FSIValueHigh.png\" alt=\"\" class=\"wp-image-3463 size-full\" srcset=\"https:\/\/fsi.taxjustice.net\/wp-content\/uploads\/2025\/05\/FSIValueHigh.png 709w, https:\/\/fsi.taxjustice.net\/wp-content\/uploads\/2025\/05\/FSIValueHigh-300x64.png 300w\" sizes=\"(max-width: 709px) 100vw, 709px\" \/><\/figure><div class=\"wp-block-media-text__content\">\n<p>Valor alto = grande facilitador do sigilo financeiro<\/p>\n<\/div><\/div>\n\n\n\n<div class=\"wp-block-media-text is-stacked-on-mobile\" style=\"grid-template-columns:38% auto\"><figure class=\"wp-block-media-text__media\"><img loading=\"lazy\" decoding=\"async\" width=\"712\" height=\"151\" src=\"https:\/\/fsi-2025.dev.taxjustice.net\/wp-content\/uploads\/2025\/05\/FSIValueLow.png\" alt=\"\" class=\"wp-image-3464 size-full\" srcset=\"https:\/\/fsi.taxjustice.net\/wp-content\/uploads\/2025\/05\/FSIValueLow.png 712w, https:\/\/fsi.taxjustice.net\/wp-content\/uploads\/2025\/05\/FSIValueLow-300x64.png 300w\" sizes=\"(max-width: 712px) 100vw, 712px\" \/><\/figure><div class=\"wp-block-media-text__content\">\n<p class=\"has-small-font-size\">Valor baixo = pequeno facilitador do sigilo financeiro<\/p>\n<\/div><\/div>\n\n\n\n<p><\/p>\n\n\n\n<h4 class=\"wp-block-heading\">Participa\u00e7\u00e3o no \u00cdndice de Sigilo Financeiro (Participa\u00e7\u00e3o no FSI)<\/h4>\n\n\n\n<p>Mede quanto sigilo financeiro a jurisdi\u00e7\u00e3o \u00e9 respons\u00e1vel por permitir em rela\u00e7\u00e3o ao total de sigilo financeiro permitido em todo o mundo. Calculado a partir do valor FSI da jurisdi\u00e7\u00e3o dividido pela soma dos valores FSI de todas as jurisdi\u00e7\u00f5es.<\/p>\n\n\n\n<div class=\"wp-block-media-text is-stacked-on-mobile\" style=\"grid-template-columns:15% auto\"><figure class=\"wp-block-media-text__media\"><img loading=\"lazy\" decoding=\"async\" width=\"497\" height=\"493\" src=\"https:\/\/fsi-2025.dev.taxjustice.net\/wp-content\/uploads\/2025\/05\/FSIShare.png\" alt=\"\" class=\"wp-image-3460 size-full\" srcset=\"https:\/\/fsi.taxjustice.net\/wp-content\/uploads\/2025\/05\/FSIShare.png 497w, https:\/\/fsi.taxjustice.net\/wp-content\/uploads\/2025\/05\/FSIShare-300x298.png 300w, https:\/\/fsi.taxjustice.net\/wp-content\/uploads\/2025\/05\/FSIShare-150x150.png 150w\" sizes=\"(max-width: 497px) 100vw, 497px\" \/><\/figure><div class=\"wp-block-media-text__content\">\n<p class=\"has-small-font-size\">Facilita 1,6% do sigilo financeiro global<\/p>\n<\/div><\/div>\n<\/div>\n\n\n\n<\/div>\n<\/div>\n<div class=\"full-width-section-normal\">\n<div class=\"narrowcontent\">\n\n\n\n<h1 class=\"wp-block-heading has-text-align-center page-title-content\">Atualiza\u00e7\u00e3o cont\u00ednua<\/h1>\n\n\n\n<h2 class=\"wp-block-heading has-text-align-center smaller\">Como atualizamos nossos dados<\/h2>\n\n\n\n<div class=\"wp-block-group wide-padding has-white-background-color has-background is-vertical is-layout-flex wp-container-core-group-is-layout-2 wp-block-group-is-layout-flex\">\n<p>Atualizamos o \u00cdndice de Sigilo Financeiro de maneira cont\u00ednua e regular. Avaliamos as leis e regulamenta\u00e7\u00f5es dos pa\u00edses com rela\u00e7\u00e3o a mais de 100 perguntas, que organizamos em 20 indicadores.<\/p>\n\n\n\n<p>Atualizamos uma pequena quantidade de indicadores de cada vez, em intervalos de poucos meses, cobrindo a totalidade dos indicadores em lotes ao longo de nosso ciclo de atualiza\u00e7\u00e3o. Todas as altera\u00e7\u00f5es regulat\u00f3rias trazidas \u00e0 nossa aten\u00e7\u00e3o relativas a indicadores que n\u00e3o est\u00e3o na fila para a pr\u00f3xima atualiza\u00e7\u00e3o s\u00e3o publicadas antes do ciclo como parte da pr\u00f3xima atualiza\u00e7\u00e3o. Essas altera\u00e7\u00f5es s\u00e3o publicadas como &#8220;atualiza\u00e7\u00f5es suplementares&#8221; juntamente com nossas &#8220;atualiza\u00e7\u00f5es de indicadores&#8221; na fila. Essa flexibilidade nos permite capturar mudan\u00e7as no \u00cdndice de Sigilo Financeiro sem ter que esperar que nosso ciclo de atualiza\u00e7\u00e3o chegue at\u00e9 o indicador afetado.<\/p>\n\n\n\n<p>As Pontua\u00e7\u00f5es de Sigilo dos pa\u00edses &#8211; baseadas nos 20 indicadores &#8211; s\u00e3o atualizadas sempre que publicamos atualiza\u00e7\u00f5es suplementares e de indicadores.<\/p>\n\n\n\n<p>Juntamente com os indicadores, atualizamos as Pondera\u00e7\u00f5es Globais dos pa\u00edses uma vez por ano, cujo c\u00e1lculo \u00e9 incorporado nas classifica\u00e7\u00f5es dos pa\u00edses.<\/p>\n\n\n\n<p>Antes de 2025, o \u00cdndice de Sigilo Financeiro era atualizado uma vez a cada dois anos. Todos os indicadores eram atualizados juntos, ao mesmo tempo, como parte de cada atualiza\u00e7\u00e3o bienal do \u00edndice. A nova base cont\u00ednua de atualiza\u00e7\u00e3o nos permite capturar as mudan\u00e7as mais de perto quando elas ocorrem, e oferecer uma vis\u00e3o mais din\u00e2mica das fun\u00e7\u00f5es dos pa\u00edses no sigilo financeiro global.<br>Compartilhamos nossas avalia\u00e7\u00f5es com todos os pa\u00edses no \u00cdndice de Sigilo Financeiro antes de public\u00e1-las, dando a cada pa\u00eds a chance de verificar nossas avalia\u00e7\u00f5es e questionar quaisquer discrep\u00e2ncias. Se um pa\u00eds fornece evid\u00eancias suficientes para alterar uma avalia\u00e7\u00e3o que fizemos, ent\u00e3o n\u00f3s atualizamos a avalia\u00e7\u00e3o para refleti-las.<\/p>\n<\/div>\n\n\n\n<\/div>\n<\/div>\n<div class=\"full-width-section-light\">\n<div class=\"slidercontent\">\n<h1 class=\"wp-block-heading has-text-align-center page-title-content\">O quadro completo<\/h1>\n<h2 class=\"wp-block-heading has-text-align-center smaller\">\u00cdndice de Sigilo Financeiro vs <br \/> \u00cdndice de Para\u00edsos Fiscais Corporativos<\/h2>\n<p class=\"leader-text\">De maneira geral, dois ter\u00e7os do abuso fiscal em todo o mundo que ocorre a cada ano \u00e9 cometido por empresas multinacionais que transferem seus lucros para o exterior. O restante \u00e9 feito por pessoas f\u00edsicas que escondem suas finan\u00e7as no exterior. A Tax Justice Network administra dois \u00edndices para monitorar esses dois lados do abuso fiscal global.<\/p>\n\n<\/div>\n<\/div>\n\n\n\n<div class=\"full-width-section-normal\">\n<div class=\"slidercontent\">\n<h1 class=\"wp-block-heading has-text-align-center page-title-content\">Cita\u00e7\u00f5es do \u00edndice<\/h1>\n<h2 class=\"wp-block-heading has-text-align-center smaller\">Dados em a\u00e7\u00e3o<\/h2>\n<p class=\"leader-text\">O \u00cdndice de Sigilo Financeiro \u00e9 usado por governos, \u00f3rg\u00e3os internacionais, jornalistas, acad\u00eamicos e ativistas para entender e combater o sigilo financeiro global.<\/p>\n\n<\/div>\n<\/div>\n","protected":false},"excerpt":{"rendered":"<p>Hoje, h\u00e1 duas vezes mais riqueza escondida no exterior do que todos os d\u00f3lares e euros em circula\u00e7\u00e3o Quando a riqueza \u00e9 escondida no exterior, ela fica&hellip;<\/p>\n<p> <a class=\"more-link\" href=\"https:\/\/fsi.taxjustice.net\/pt\/about-the-index\/\">Read more<\/a><\/p>\n","protected":false},"author":1,"featured_media":0,"parent":0,"menu_order":0,"comment_status":"closed","ping_status":"closed","template":"","meta":{"inline_featured_image":false,"ub_ctt_via":"","footnotes":""},"class_list":["post-3350","page","type-page","status-publish"],"translation":{"provider":"WPGlobus","version":"3.0.0","language":"pt","enabled_languages":["en","es","fr","pt"],"languages":{"en":{"title":true,"content":true,"excerpt":false},"es":{"title":true,"content":true,"excerpt":false},"fr":{"title":true,"content":true,"excerpt":false},"pt":{"title":true,"content":true,"excerpt":false}}},"featured_image_src":null,"_links":{"self":[{"href":"https:\/\/fsi.taxjustice.net\/pt\/wp-json\/wp\/v2\/pages\/3350","targetHints":{"allow":["GET"]}}],"collection":[{"href":"https:\/\/fsi.taxjustice.net\/pt\/wp-json\/wp\/v2\/pages"}],"about":[{"href":"https:\/\/fsi.taxjustice.net\/pt\/wp-json\/wp\/v2\/types\/page"}],"author":[{"embeddable":true,"href":"https:\/\/fsi.taxjustice.net\/pt\/wp-json\/wp\/v2\/users\/1"}],"replies":[{"embeddable":true,"href":"https:\/\/fsi.taxjustice.net\/pt\/wp-json\/wp\/v2\/comments?post=3350"}],"version-history":[{"count":34,"href":"https:\/\/fsi.taxjustice.net\/pt\/wp-json\/wp\/v2\/pages\/3350\/revisions"}],"predecessor-version":[{"id":3633,"href":"https:\/\/fsi.taxjustice.net\/pt\/wp-json\/wp\/v2\/pages\/3350\/revisions\/3633"}],"wp:attachment":[{"href":"https:\/\/fsi.taxjustice.net\/pt\/wp-json\/wp\/v2\/media?parent=3350"}],"curies":[{"name":"wp","href":"https:\/\/api.w.org\/{rel}","templated":true}]}}