{"id":2589,"date":"2025-05-19T21:39:10","date_gmt":"2025-05-19T20:39:10","guid":{"rendered":"https:\/\/fsi-2025.dev.taxjustice.net\/?page_id=2589"},"modified":"2025-05-28T14:54:02","modified_gmt":"2025-05-28T13:54:02","slug":"full-list","status":"publish","type":"page","link":"https:\/\/fsi.taxjustice.net\/pt\/full-list\/","title":{"rendered":"Lista completa"},"content":{"rendered":"\n<h2 class=\"wp-block-heading has-text-align-center\">Os maiores facilitadores do sigilo financeiro no mundo<\/h2>\n\n\n<h5 style=\"text-align: center;color: #919191;font-size: 16px;letter-spacing: 0px;text-transform: uppercase;, sans-serif;font-weight: Bold;line-height: 10px\" class=\"ub_advanced_heading wp-block-ub-advanced-heading\" id=\"ub-advanced-heading-65099435-af74-450a-bdae-99140da26c47\" data-blockid=\"65099435-af74-450a-bdae-99140da26c47\"><strong>\u00daltima atualiza\u00e7\u00e3o em 3 de junho de 2025<\/strong><\/h5>\n\n\n<div style=\"text-align:end;margin-right:-20px;margin-bottom:1em;\">\n  <tjn-scoring-selector><\/tjn-scoring-selector>\n<\/div>\n\n<div style=\"background-color:#fff;padding:0px;margin: 0 -20px;border-radius:8px;overflow: hidden;\">\n  <tjn-country-ranking detail_url=\"country-detail\/\" scoring_id=\"168\" limit=\"\" lang=\"pt\"><\/tjn-country-ranking>\n<\/div>\n","protected":false},"excerpt":{"rendered":"<p>Os maiores facilitadores do sigilo financeiro no mundo<\/p>\n","protected":false},"author":1,"featured_media":0,"parent":0,"menu_order":0,"comment_status":"closed","ping_status":"closed","template":"","meta":{"inline_featured_image":false,"ub_ctt_via":"","footnotes":""},"class_list":["post-2589","page","type-page","status-publish"],"translation":{"provider":"WPGlobus","version":"3.0.0","language":"pt","enabled_languages":["en","es","fr","pt"],"languages":{"en":{"title":true,"content":true,"excerpt":false},"es":{"title":true,"content":true,"excerpt":false},"fr":{"title":true,"content":true,"excerpt":false},"pt":{"title":true,"content":true,"excerpt":false}}},"featured_image_src":null,"_links":{"self":[{"href":"https:\/\/fsi.taxjustice.net\/pt\/wp-json\/wp\/v2\/pages\/2589","targetHints":{"allow":["GET"]}}],"collection":[{"href":"https:\/\/fsi.taxjustice.net\/pt\/wp-json\/wp\/v2\/pages"}],"about":[{"href":"https:\/\/fsi.taxjustice.net\/pt\/wp-json\/wp\/v2\/types\/page"}],"author":[{"embeddable":true,"href":"https:\/\/fsi.taxjustice.net\/pt\/wp-json\/wp\/v2\/users\/1"}],"replies":[{"embeddable":true,"href":"https:\/\/fsi.taxjustice.net\/pt\/wp-json\/wp\/v2\/comments?post=2589"}],"version-history":[{"count":31,"href":"https:\/\/fsi.taxjustice.net\/pt\/wp-json\/wp\/v2\/pages\/2589\/revisions"}],"predecessor-version":[{"id":3211,"href":"https:\/\/fsi.taxjustice.net\/pt\/wp-json\/wp\/v2\/pages\/2589\/revisions\/3211"}],"wp:attachment":[{"href":"https:\/\/fsi.taxjustice.net\/pt\/wp-json\/wp\/v2\/media?parent=2589"}],"curies":[{"name":"wp","href":"https:\/\/api.w.org\/{rel}","templated":true}]}}