{"id":1509,"date":"2025-03-24T13:59:55","date_gmt":"2025-03-24T13:59:55","guid":{"rendered":"https:\/\/fsi-2025.dev.taxjustice.net\/?page_id=1509"},"modified":"2025-06-02T23:22:19","modified_gmt":"2025-06-02T22:22:19","slug":"indicator-profiles","status":"publish","type":"page","link":"https:\/\/fsi.taxjustice.net\/pt\/indicator-profiles\/","title":{"rendered":"Perfis de Indicadores"},"content":{"rendered":"\n<h2 class=\"wp-block-heading has-text-align-center\">Explorar por indicador<\/h2>\n\n\n\n<p class=\"has-text-align-center leader-text\">Usamos 20 indicadores de sigilo em quatro \u00e1reas principais para avaliar a efic\u00e1cia de um pa\u00eds na preven\u00e7\u00e3o do sigilo financeiro.<\/p>\n\n\n\n<div class=\"wp-block-group wide-padding has-white-background-color has-background is-vertical is-layout-flex wp-container-core-group-is-layout-1 wp-block-group-is-layout-flex\">\n<h3 class=\"wp-block-heading has-text-align-left subtitlecolour-1 has-text-color has-link-color wp-elements-e4f6cc8363a12289c3915032d0df794d\" id=\"1-asset-and-ownership-registration-\" style=\"color:#c27136\">Registro de ativos e propriedade<\/h3>\n\n\n\n<p>Os pa\u00edses deixam a porta aberta para os criminosos quando permitem que benefici\u00e1rios finais &#8211; as pessoas reais feitas de carne e osso que, em \u00faltima an\u00e1lise, s\u00e3o propriet\u00e1rias de uma empresa, sociedade em comandita, Trust ou funda\u00e7\u00e3o &#8211; permane\u00e7am ocultos. Com o objetivo de esclarecer a propriedade e o uso de ativos, essa categoria avalia o sigilo banc\u00e1rio e os requisitos para que ve\u00edculos legais, im\u00f3veis e freeports registrem publicamente e mantenham atualizados seus benefici\u00e1rios finais junto a uma autoridade governamental.<\/p>\n\n\n\n<p class=\"indicatorlink-1\"><a href=\"\/pt\/indicator-detail\/#indicator=SI01\">Sigilo banc\u00e1rio \u2192<\/a><\/p>\n\n\n\n<p class=\"indicatorlink-1\"><a href=\"\/pt\/indicator-detail\/#indicator=SI02\">Benefici\u00e1rios finais de trusts \u2192<\/a><\/p>\n\n\n\n<p class=\"indicatorlink-1\"><a href=\"\/pt\/indicator-detail\/#indicator=SI03\">Benefici\u00e1rios finais de funda\u00e7\u00f5es \u2192<\/a><\/p>\n\n\n\n<p class=\"indicatorlink-1\"><a href=\"\/pt\/indicator-detail\/#indicator=SI04\">Benefici\u00e1rios finais de empresas \u2192<\/a><\/p>\n\n\n\n<p class=\"indicatorlink-1\"><a href=\"\/pt\/indicator-detail\/#indicator=SI05\">Registro de propriedade em zonas francas \u2192<\/a><\/p>\n\n\n\n<p class=\"indicatorlink-1\"><a href=\"\/pt\/indicator-detail\/#indicator=SI06\">Registro de propriedade de im\u00f3veis \u2192<\/a><\/p>\n<\/div>\n\n\n\n<div style=\"height:50px\" aria-hidden=\"true\" class=\"wp-block-spacer\"><\/div>\n\n\n\n<div class=\"wp-block-group wide-padding has-white-background-color has-background is-vertical is-layout-flex wp-container-core-group-is-layout-2 wp-block-group-is-layout-flex\">\n<h3 class=\"wp-block-heading has-text-align-left subtitlecolour-2 has-text-color has-link-color wp-elements-f3ddbfbd09e671a94f86715ae6a66c35\" id=\"8-legal-entity-transparency-\" style=\"color:#c27136\">Transpar\u00eancia de entidade jur\u00eddica&nbsp;<\/h3>\n\n\n\n<p>Os pa\u00edses facilitam para os benefici\u00e1rios finais &#8211; as pessoas reais de carne e osso que, em \u00faltima an\u00e1lise, s\u00e3o propriet\u00e1rias de uma empresa, sociedade em comandita, Trust ou funda\u00e7\u00e3o &#8211; a divulga\u00e7\u00e3o de informa\u00e7\u00f5es imprecisas quando os dados de propriedade n\u00e3o s\u00e3o acess\u00edveis publicamente on-line e s\u00e3o ocultados do escrut\u00ednio p\u00fablico. Esta categoria avalia se os pa\u00edses est\u00e3o disponibilizando os principais dados de transpar\u00eancia &#8211; como benefici\u00e1rios finais, relat\u00f3rios pa\u00eds por pa\u00eds e n\u00fameros de Identificador de Entidade Jur\u00eddica &#8211; publicamente on-line abaixo ou nenhum custo para promover a responsabilidade p\u00fablica.<\/p>\n\n\n\n<p class=\"indicatorlink-2\"><a href=\"\/pt\/indicator-detail\/#indicator=SI07\">Transpar\u00eancia das sociedades em comandita simples \u2192<\/a>&nbsp;<\/p>\n\n\n\n<p class=\"indicatorlink-2\"><a href=\"\/pt\/indicator-detail\/#indicator=SI08\">Transpar\u00eancia em rela\u00e7\u00e3o aos propriet\u00e1rios de empresas \u2192<\/a><\/p>\n\n\n\n<p class=\"indicatorlink-2\"><a href=\"\/pt\/indicator-detail\/#indicator=SI09\">Transpar\u00eancia de informa\u00e7\u00f5es cont\u00e1beis das empresas \u2192<\/a><\/p>\n\n\n\n<p class=\"indicatorlink-2\"><a href=\"\/pt\/indicator-detail\/#indicator=SI10\">Relat\u00f3rios p\u00fablicos pa\u00eds-a-pa\u00eds  \u2192<\/a><\/p>\n\n\n\n<p class=\"indicatorlink-2\"><a href=\"\/pt\/indicator-detail\/#indicator=SI11\">Identificador global da entidade jur\u00eddica (LEI) \u2192<\/a><\/p>\n<\/div>\n\n\n\n<div style=\"height:50px\" aria-hidden=\"true\" class=\"wp-block-spacer\"><\/div>\n\n\n\n<div class=\"wp-block-group wide-padding has-white-background-color has-background is-vertical is-layout-flex wp-container-core-group-is-layout-3 wp-block-group-is-layout-flex\">\n<h3 class=\"wp-block-heading has-text-align-left subtitlecolour-3 has-text-color has-link-color wp-elements-6ccac64bba5714cbf22cb03593147a63\" id=\"8-legal-entity-transparency-\" style=\"color:#c27136\">Integridade da regulamenta\u00e7\u00e3o fiscal e financeira&nbsp;<\/h3>\n\n\n\n<p>Os pa\u00edses s\u00e3o prop\u00edcios a abusos fiscais quando suas administra\u00e7\u00f5es tribut\u00e1rias n\u00e3o t\u00eam a capacidade, o conhecimento e os meios para fazer cumprir as leis tribut\u00e1rias e aplicar uma cultura de conformidade com as normas legais. Esta categoria avalia a capacidade das administra\u00e7\u00f5es tribut\u00e1rias de lidar com quest\u00f5es tribut\u00e1rias complexas e se os pa\u00edses tributam a renda de seus residentes no exterior e permitem a compra de resid\u00eancia contra investimento. Avalia tamb\u00e9m at\u00e9 que ponto o pa\u00eds obriga a publica\u00e7\u00e3o de decis\u00f5es tribut\u00e1rias e contratos de ind\u00fastrias extrativas.<\/p>\n\n\n\n<p class=\"indicatorlink-3\"><a href=\"\/pt\/indicator-detail\/#indicator=SI12\">Conformidade tribut\u00e1ria \u2192<\/a>&nbsp;<\/p>\n\n\n\n<p class=\"indicatorlink-3\"><a href=\"\/indicator-detail\/#indicator=SI13\">Golden Visas \u2192<\/a><\/p>\n\n\n\n<p class=\"indicatorlink-3\"><a href=\"\/pt\/indicator-detail\/#indicator=SI14\">Renda de investimento estrangeiro \u2192<\/a><\/p>\n\n\n\n<p class=\"indicatorlink-3\"><a href=\"\/pt\/indicator-detail\/#indicator=SI15\">Dados p\u00fablicos \u2192<\/a><\/p>\n\n\n\n<p class=\"indicatorlink-3\"><a href=\"\/pt\/indicator-detail\/#indicator=SI16\">Decis\u00f5es tribut\u00e1rias e contratos de ind\u00fastrias extrativas  \u2192<\/a><\/p>\n<\/div>\n\n\n\n<div style=\"height:50px\" aria-hidden=\"true\" class=\"wp-block-spacer\"><\/div>\n\n\n\n<div class=\"wp-block-group wide-padding has-white-background-color has-background is-vertical is-layout-flex wp-container-core-group-is-layout-4 wp-block-group-is-layout-flex\">\n<h3 class=\"wp-block-heading has-text-align-left subtitlecolour-4 has-text-color has-link-color wp-elements-e0440696c18aa7c40d43a790ed228444\" id=\"8-legal-entity-transparency-\" style=\"color:#c27136\">Normas internacionais e coopera\u00e7\u00e3o<\/h3>\n\n\n\n<p>Os pa\u00edses podem fornecer aos ve\u00edculos legais e \u00e0s pessoas f\u00edsicas muitos meios para ocultar suas quest\u00f5es financeiras quando n\u00e3o compartilham informa\u00e7\u00f5es relevantes com outros pa\u00edses e n\u00e3o aderem a conven\u00e7\u00f5es e acordos internacionais para melhorar a coopera\u00e7\u00e3o em quest\u00f5es judiciais e tribut\u00e1rias. Essa categoria avalia a ades\u00e3o dos pa\u00edses a mecanismos de coopera\u00e7\u00e3o e conven\u00e7\u00f5es internacionais que visam esclarecer assuntos fiscais e combater a corrup\u00e7\u00e3o e a lavagem de dinheiro.<\/p>\n\n\n\n<p class=\"indicatorlink-4\"><a href=\"\/pt\/indicator-detail\/#indicator=SI17\">Combate \u00e0 lavagem de dinheiro \u2192<\/a>&nbsp;<\/p>\n\n\n\n<p class=\"indicatorlink-4\"><a href=\"\/pt\/indicator-detail\/#indicator=SI18\">Interc\u00e2mbio autom\u00e1tico de informa\u00e7\u00f5es  \u2192<\/a><\/p>\n\n\n\n<p class=\"indicatorlink-4\"><a href=\"\/pt\/indicator-detail\/#indicator=SI19\">Interc\u00e2mbio de informa\u00e7\u00e3o pr\u00e9vio requerimento \u2192<\/a><\/p>\n\n\n\n<p class=\"indicatorlink-4\"><a href=\"\/pt\/indicator-detail\/#indicator=SI20\">Coopera\u00e7\u00e3o jur\u00eddica internacional \u2192<\/a><\/p>\n<\/div>\n\n\n\n<p><\/p>\n","protected":false},"excerpt":{"rendered":"<p>Explorar por indicador Usamos 20 indicadores de sigilo em quatro \u00e1reas principais para avaliar a efic\u00e1cia de um pa\u00eds na preven\u00e7\u00e3o do sigilo financeiro. Registro de ativos&hellip;<\/p>\n<p> <a class=\"more-link\" href=\"https:\/\/fsi.taxjustice.net\/pt\/indicator-profiles\/\">Read more<\/a><\/p>\n","protected":false},"author":1,"featured_media":0,"parent":0,"menu_order":0,"comment_status":"closed","ping_status":"closed","template":"","meta":{"inline_featured_image":false,"ub_ctt_via":"","footnotes":""},"class_list":["post-1509","page","type-page","status-publish"],"translation":{"provider":"WPGlobus","version":"3.0.0","language":"pt","enabled_languages":["en","es","fr","pt"],"languages":{"en":{"title":true,"content":true,"excerpt":false},"es":{"title":true,"content":true,"excerpt":false},"fr":{"title":true,"content":true,"excerpt":false},"pt":{"title":true,"content":true,"excerpt":false}}},"featured_image_src":null,"_links":{"self":[{"href":"https:\/\/fsi.taxjustice.net\/pt\/wp-json\/wp\/v2\/pages\/1509","targetHints":{"allow":["GET"]}}],"collection":[{"href":"https:\/\/fsi.taxjustice.net\/pt\/wp-json\/wp\/v2\/pages"}],"about":[{"href":"https:\/\/fsi.taxjustice.net\/pt\/wp-json\/wp\/v2\/types\/page"}],"author":[{"embeddable":true,"href":"https:\/\/fsi.taxjustice.net\/pt\/wp-json\/wp\/v2\/users\/1"}],"replies":[{"embeddable":true,"href":"https:\/\/fsi.taxjustice.net\/pt\/wp-json\/wp\/v2\/comments?post=1509"}],"version-history":[{"count":176,"href":"https:\/\/fsi.taxjustice.net\/pt\/wp-json\/wp\/v2\/pages\/1509\/revisions"}],"predecessor-version":[{"id":3651,"href":"https:\/\/fsi.taxjustice.net\/pt\/wp-json\/wp\/v2\/pages\/1509\/revisions\/3651"}],"wp:attachment":[{"href":"https:\/\/fsi.taxjustice.net\/pt\/wp-json\/wp\/v2\/media?parent=1509"}],"curies":[{"name":"wp","href":"https:\/\/api.w.org\/{rel}","templated":true}]}}