{"id":1505,"date":"2025-03-24T13:54:10","date_gmt":"2025-03-24T13:54:10","guid":{"rendered":"https:\/\/fsi-2025.dev.taxjustice.net\/?page_id=1505"},"modified":"2025-06-02T22:25:25","modified_gmt":"2025-06-02T21:25:25","slug":"latest-updates","status":"publish","type":"page","link":"https:\/\/fsi.taxjustice.net\/pt\/latest-updates\/","title":{"rendered":"\u00daltimas atualiza\u00e7\u00f5es"},"content":{"rendered":"\n<h1 class=\"wp-block-heading has-text-align-center page-title\">\u00cdndice de Sigilo Financeiro<\/h1>\n\n\n\n<h2 class=\"wp-block-heading has-text-align-center\">\u00daltimas atualiza\u00e7\u00f5es<\/h2>\n\n\n\n<p class=\"has-text-align-center leader-text\">O \u00cdndice de Sigilo Financeiro&nbsp;\u00e9 atualizado de maneira cont\u00ednua e regular. A cada intervalo de poucos meses, atualizamos um conjunto de indicadores, de forma a cobrirmos todos os indicadores ao longo de nosso ciclo de atualiza\u00e7\u00e3o. Os dados relativos \u00e0 Pondera\u00e7\u00e3o Global s\u00e3o atualizados anualmente. Realizamos atualiza\u00e7\u00f5es complementares no caso de haver novos dados sendo disponibilizados antes da atualiza\u00e7\u00e3o de um indicador que est\u00e1 na fila do ciclo.<\/p>\n\n\n\n<head>\n  <meta charset=\"UTF-8\">\n  <title>Latest Updates &#8211; Portuguese<\/title>\n  <style>\n    body {\n      background-color: #FFFFFF;\n    }\n\n    table {\n      width: 80%;\n      border-collapse: collapse;\n      background-color: #FFFFFF;\n      margin: 20px auto;\n    }\n\nth {\n  border: none;\n  padding: 10px;\n  text-align: left;\n  vertical-align: top;\n}\n\ntd {\n  border: none;\n  border-bottom: 1px solid #e0e0e0; \/* light grey lines between rows *\/\n  padding: 10px;\n  text-align: left;\n  vertical-align: top;\n}\n\nthead tr {\n  background-color: #fafafa;\n  border-bottom: 1px solid #777; \/* strong dark grey line under header *\/\n}\n\n    thead tr {\n      background-color: #fafafa;\n    }\n\n    th:nth-child(2),\n    th:nth-child(3),\n    td:nth-child(2),\n    td:nth-child(3) {\n      width: 15%;\n      white-space: nowrap;\n      overflow: hidden;\n      text-overflow: ellipsis;\n    }\n\ntd:nth-child(1) details p {\n  font-size: 0.85em;\n}\n\n    td:nth-child(2) {\n      font-size: 0.75em;\n    }\n\ntd:nth-child(3) {\n  font-size: 0.75em;\n  color: grey;\n}\n\n   details summary {\n  font-weight: bold;\n  cursor: pointer;\n  display: flex;\n  align-items: center;\n  gap: 0.5em;\n  color: rgb(53, 47, 71); \/* custom text color *\/\n}\n\ndetails summary::before {\n  content: \"\u25b8\";          \/* closed state *\/\n  font-size: 1.6em;      \/* bigger arrow *\/\n  color: #777;\n  transition: transform 0.2s ease-in-out, color 0.2s ease-in-out;\n  line-height: 1;\n  display: inline-block;\n  width: 1em;            \/* helps align vertically *\/\n}\n\ndetails[open] summary::before {\n  content: \"\u25be\";          \/* open state *\/\n  color: #777;\n}\n  <\/style>\n<\/head>\n\n<body>\n  <table>\n    <thead>\n      <tr>\n        <th>Atualiza\u00e7\u00e3o<\/th>\n        <th>Tipo<\/th>\n        <th>Data<\/th>\n      <\/tr>\n    <\/thead>\n    <tbody>\n      <tr>\n        <td>\n          <details>\n            <summary> Dados p\u00fablicos <\/summary>\n            <p> Este indicador avalia se o pa\u00eds disponibiliza ao p\u00fablico 10 conjuntos de dados estat\u00edsticos espec\u00edficos.<\/p>\n<a href=\"\/pt\/indicator-detail\/#indicator=SI15\"> Ir para o indicador &#x2794;<\/a>\n          <\/details>\n        <\/td>\n        <td>INDICADOR<\/td>\n        <td>3 DE JUNHO DE 2025<\/td>\n      <\/tr>\n      <tr>\n        <td>\n          <details>\n            <summary> Interc\u00e2mbio autom\u00e1tico de informa\u00e7\u00f5es <\/summary>\n<p> Este indicador avalia se o pa\u00eds assinou e est\u00e1 implementando efetivamente o Acordo Multilateral de Autoridades Competentes (MCAA), aplicando o Common Reporting Standard (CRS) da OCDE para a troca de informa\u00e7\u00f5es sobre contas financeiras. Ele tamb\u00e9m verifica a ado\u00e7\u00e3o do MCAA para a interc\u00e2mbio de informa\u00e7\u00f5es sobre criptoativos (CARF) e o MCAA sobre Renda Derivada de Plataformas Digitais (DPI).<\/p>\n<a href=\"\/pt\/indicator-detail\/#indicator=SI18\"> Ir para o indicador &#x2794;<\/a>\n          <\/details>\n        <\/td>\n        <td>INDICADOR<\/td>\n        <td>3 DE JUNHO DE 2025<\/td>\n      <\/tr>\n      <tr>\n        <td>\n          <details>\n            <summary> Interc\u00e2mbio de informa\u00e7\u00e3o pr\u00e9vio requerimento <\/summary>\n<p> Esse indicador avalia se o pa\u00eds \u00e9 signat\u00e1rio da Conven\u00e7\u00e3o do Conselho da Europa\/OCDE sobre Assist\u00eancia Administrativa M\u00fatua em Mat\u00e9ria Tribut\u00e1ria, que permite ao interc\u00e2mbio de informa\u00e7\u00f5es mediante solicita\u00e7\u00e3o entre as jurisdi\u00e7\u00f5es participantes.<\/p>\n<a href=\"\/pt\/indicator-detail\/#indicator=SI19\"> Ir para o indicador &#x2794;<\/a>\n          <\/details>\n        <\/td>\n        <td>INDICADOR<\/td>\n        <td>3 DE JUNHO DE 2025<\/td>\n      <\/tr>\n      <tr>\n        <td>\n          <details>\n            <summary> Coopera\u00e7\u00e3o jur\u00eddica internacional <\/summary>\n            <p> Este indicador avalia o desempenho de um pa\u00eds na assist\u00eancia administrativa em quest\u00f5es tribut\u00e1rias, al\u00e9m da troca de informa\u00e7\u00f5es, e se ele \u00e9 parte das conven\u00e7\u00f5es internacionais mais relevantes sobre assist\u00eancia jur\u00eddica em casos de corrup\u00e7\u00e3o e lavagem de dinheiro. Tamb\u00e9m analisa a implementa\u00e7\u00e3o pr\u00e1tica dessa coopera\u00e7\u00e3o legal, conforme as diretrizes do Grupo de A\u00e7\u00e3o Financeira (GAFI\/FATF).\t<\/p>\n<a href=\"\/pt\/indicator-detail\/#indicator=SI20\"> Ir para o indicador &#x2794;<\/a>\n          <\/details>\n        <\/td>\n        <td>INDICADOR<\/td>\n        <td>3 DE JUNHO DE 2025<\/td>\n      <\/tr>\n      <tr>\n        <td>\n          <details>\n            <summary> Atualiza\u00e7\u00f5es complementares por pa\u00eds<\/summary>\n            <p> Atualiza\u00e7\u00f5es complementares porpa\u00edses s\u00e3o feitas para pa\u00edses espec\u00edficos se tomarmos conhecimento de novos dados para um pa\u00eds antes da atualiza\u00e7\u00e3o do indicador em fila que normalmente capturaria esses dados. Isso inclui casos em que novas evid\u00eancias s\u00e3o compartilhadas conosco, em resposta aos nossos question\u00e1rios e avalia\u00e7\u00f5es, por Minist\u00e9rios da Fazenda ou por outros atores.<\/p>\n            <p> Resumo de IDs por pa\u00eds:<\/p>\n<div style=\"font-size: 0.75em;\">\n            <ul>\n<li><a href=\"\/pt\/country-detail\/#jurisdiction_id=BB\" style=\"font-weight: bold;\">Barbados:<\/a> IDs 157, 272, 273, 274, 317, 360, 363, 400, 403, 405, 406, 421, 435, 489, 552, 553, 555, 558, 559.<\/li>\n<li><a href=\"\/pt\/country-detail\/#jurisdiction_id=CZ\" style=\"font-weight: bold;\"> Ch\u00e9quia <\/a>: IDs 157, 158, 188, 189, 201, 272, 273, 274, 317, 360, 363, 400, 403, 404, 405, 406, 414, 415, 416, 418, 420, 421, 435, 437, 439, 487, 488, 489, 552, 553, 555, 558, 559, 561, 562, 563, 564.<\/li>\n<li><a href=\"\/pt\/country-detail\/#jurisdiction_id=EC\" style=\"font-weight: bold;\"> Equador <\/a>: IDs 404, 406.<\/li>\n<li><a href=\"\/pt\/country-detail\/#jurisdiction_id=DE\" style=\"font-weight: bold;\"> Alemanha <\/a>: IDs 363, 416, 435, 437, 487, 489, 552, 553, 555, 558, 559.<\/li>\n<li><a href=\"\/pt\/country-detail\/#jurisdiction_id=IE\" style=\"font-weight: bold;\"> Irlanda <\/a>: IDs 158, 272, 273, 274, 317, 363, 400, 403, 404, 405, 406, 418, 421, 435, 439, 489, 552, 553, 555, 558, 559, 561, 562, 563, 564.<\/li>\n<li><a href=\"\/pt\/country-detail\/#jurisdiction_id=LI\" style=\"font-weight: bold;\">Liechtenstein<\/a>: IDs 157, 158, 188, 189, 272, 273, 274, 420, 435, 489, 552, 553, 555, 558, 559.<\/li>\n<li><a href=\"\/pt\/country-detail\/#jurisdiction_id=LU\" style=\"font-weight: bold;\"> Luxemburgo <\/a>: IDs 201, 403, 404, 405, 406, 421, 435, 489, 552, 553, 555, 558, 559.<\/li>\n<li><a href=\"\/pt\/country-detail\/#jurisdiction_id=MT\" style=\"font-weight: bold;\">Malta<\/a>: IDs 188, 189, 201, 206, 240, 244, 272, 273, 414, 418, 420, 439, 471, 485.<\/li>\n<li><a href=\"\/pt\/country-detail\/#jurisdiction_id=ME\" style=\"font-weight: bold;\">Montenegro<\/a>: IDs 157, 158, 188, 189, 201, 272, 273, 274, 360, 363, 415, 416, 420, 435, 437, 487, 489, 552, 553, 555, 558, 559.<\/li>\n<li><a href=\"\/pt\/country-detail\/#jurisdiction_id=NL\" style=\"font-weight: bold;\"> Pa\u00edses Baixos <\/a>: IDs 188, 189, 363, 403, 404, 418, 421, 435, 439, 488, 489, 552, 553, 555, 558, 559.<\/li>\n<li><a href=\"\/pt\/country-detail\/#jurisdiction_id=SC\" style=\"font-weight: bold;\"> Seicheles <\/a>: IDs 188, 272, 435, 489, 552, 553, 555, 558, 559.<\/li>\n<li><a href=\"\/pt\/country-detail\/#jurisdiction_id=SK\" style=\"font-weight: bold;\"> Eslov\u00e1quia <\/a>: IDs 188, 189, 201, 435, 489, 552, 553, 555, 558, 559.<\/li>\n<li><a href=\"\/pt\/country-detail\/#jurisdiction_id=TW\" style=\"font-weight: bold;\">Taiwan<\/a>: IDs 157, 158, 317, 363, 400, 403, 404, 405, 406, 418, 421, 435, 439, 488, 489, 552, 553, 555, 558, 559.<\/li>\n<li><a href=\"\/pt\/country-detail\/#jurisdiction_id=AE\" style=\"font-weight: bold;\"> Emirados \u00c1rabes Unidos <\/a>: IDs 317,363, 400, 403, 404, 405, 406, 435, 489, 552, 553, 555, 558, 559.<\/li>\n<li><a href=\"\/pt\/country-detail\/#jurisdiction_id=US\" style=\"font-weight: bold;\"> Estados Unidos <\/a>: ID 188.<\/li>\n            <\/ul>\n<\/div>\n          <\/details>\n        <\/td>\n        <td>SUPLEMENTAR<\/td>\n        <td>3 DE JUNHO DE 2025<\/td>\n      <\/tr>\n      <tr>\n        <td>\n          <details>\n            <summary> Atualiza\u00e7\u00f5es complementares por ID<\/summary>\n            <p> Atualiza\u00e7\u00f5es complementares de IDs s\u00e3o feitas para IDs se tomarmos conhecimento de novos dados ou desenvolvimentos que afetem as pontua\u00e7\u00f5es de todos os pa\u00edses em um ID antes da atualiza\u00e7\u00e3o do indicador na fila para esse ID, ou quando h\u00e1 uma mudan\u00e7a metodol\u00f3gica.<\/p>\n            <p> Resumo de IDs por indicador:<\/p>\n<div style=\"font-size: 0.75em;\">\n<b> Revis\u00f5es por pares do GAFI <\/b>\n<ul>\n<li><a href=\"\/pt\/indicator-detail\/#indicator=SI01\" style=\"font-weight: bold;\"> Sigilo banc\u00e1rio <\/a>:  IDs 352, 353, 643.<\/li>\n<li><a href=\"\/pt\/indicator-detail\/#indicator=SI17\" style=\"font-weight: bold;\"> Combate \u00e0 lavagem de dinheiro <\/a>: ID 335<\/li>\n<\/ul>\n<b> Disponibilidade de informa\u00e7\u00f5es sobre benefici\u00e1rio final <\/b>\n<ul>\n<li><a href=\"\/pt\/indicator-detail\/#indicator=SI02\" style=\"font-weight: bold;\"> Benefici\u00e1rios finais de trusts <\/a>: ID 214<\/li>\n<li><a href=\"\/pt\/indicator-detail\/#indicator=SI03\" style=\"font-weight: bold;\"> Benefici\u00e1rios finais de funda\u00e7\u00f5es <\/a>: ID 244<\/li>\n<li><a href=\"\/pt\/indicator-detail\/#indicator=SI07\" style=\"font-weight: bold;\"> Transpar\u00eancia das sociedades em comandita simples <\/a>: ID 482.<\/li>\n<li><a href=\"\/pt\/indicator-detail\/#indicator=SI08\" style=\"font-weight: bold;\"> Transpar\u00eancia em rela\u00e7\u00e3o aos propriet\u00e1rios de empresas <\/a>: ID 474<\/li>\n<\/ul>\n<b> Para pa\u00edses que aderiram ao CRS desde 2022<\/b>\n<ul>\n<li> Uso de LEI para fins do CRS: ID 420<\/li>\n<\/ul>\n<\/div>\n          <\/details>\n        <\/td>\n        <td>SUPLEMENTAR<\/td>\n        <td>3 DE JUNHO DE 2025<\/td>\n      <\/tr>\n            <tr>\n        <td>\n          <details>\n            <summary> Pondera\u00e7\u00e3o Global Atualiza\u00e7\u00f5es 2025<\/summary>\n            <p> Mede o volume de servi\u00e7os financeiros que uma jurisdi\u00e7\u00e3o presta a residentes de outros pa\u00edses. Apresentado como uma  percentagem do total dos servi\u00e7os financeiros offshore prestados a n\u00edvel mundial. Com base nos dados do FMI.\nActualizamos os pesos da pondera\u00e7\u00e3o global de todos os pa\u00edses uma vez por ano.<\/p>\n          <\/details>\n        <\/td>\n        <td>GSW<\/td>\n        <td>3 DE JUNHO DE 2025<\/td>\n      <\/tr>\n      \n    <\/tbody>\n  <\/table>\n<\/body>\n","protected":false},"excerpt":{"rendered":"<p>\u00cdndice de Sigilo Financeiro \u00daltimas atualiza\u00e7\u00f5es O \u00cdndice de Sigilo Financeiro&nbsp;\u00e9 atualizado de maneira cont\u00ednua e regular. A cada intervalo de poucos meses, atualizamos um conjunto de&hellip;<\/p>\n<p> <a class=\"more-link\" href=\"https:\/\/fsi.taxjustice.net\/pt\/latest-updates\/\">Read more<\/a><\/p>\n","protected":false},"author":1,"featured_media":0,"parent":0,"menu_order":0,"comment_status":"closed","ping_status":"closed","template":"","meta":{"inline_featured_image":false,"ub_ctt_via":"","footnotes":""},"class_list":["post-1505","page","type-page","status-publish"],"translation":{"provider":"WPGlobus","version":"3.0.0","language":"pt","enabled_languages":["en","es","fr","pt"],"languages":{"en":{"title":true,"content":true,"excerpt":false},"es":{"title":true,"content":true,"excerpt":false},"fr":{"title":true,"content":true,"excerpt":false},"pt":{"title":true,"content":true,"excerpt":false}}},"featured_image_src":null,"_links":{"self":[{"href":"https:\/\/fsi.taxjustice.net\/pt\/wp-json\/wp\/v2\/pages\/1505","targetHints":{"allow":["GET"]}}],"collection":[{"href":"https:\/\/fsi.taxjustice.net\/pt\/wp-json\/wp\/v2\/pages"}],"about":[{"href":"https:\/\/fsi.taxjustice.net\/pt\/wp-json\/wp\/v2\/types\/page"}],"author":[{"embeddable":true,"href":"https:\/\/fsi.taxjustice.net\/pt\/wp-json\/wp\/v2\/users\/1"}],"replies":[{"embeddable":true,"href":"https:\/\/fsi.taxjustice.net\/pt\/wp-json\/wp\/v2\/comments?post=1505"}],"version-history":[{"count":156,"href":"https:\/\/fsi.taxjustice.net\/pt\/wp-json\/wp\/v2\/pages\/1505\/revisions"}],"predecessor-version":[{"id":3625,"href":"https:\/\/fsi.taxjustice.net\/pt\/wp-json\/wp\/v2\/pages\/1505\/revisions\/3625"}],"wp:attachment":[{"href":"https:\/\/fsi.taxjustice.net\/pt\/wp-json\/wp\/v2\/media?parent=1505"}],"curies":[{"name":"wp","href":"https:\/\/api.w.org\/{rel}","templated":true}]}}