{"id":10,"date":"2021-12-16T14:00:12","date_gmt":"2021-12-16T14:00:12","guid":{"rendered":"https:\/\/fsi.tjn.smallhill.cz\/?page_id=10"},"modified":"2025-06-02T22:40:23","modified_gmt":"2025-06-02T21:40:23","slug":"home","status":"publish","type":"page","link":"https:\/\/fsi.taxjustice.net\/pt\/","title":{"rendered":"\u00cdndice de Sigilo Financeiro"},"content":{"rendered":"\n<h2 class=\"wp-block-heading has-text-align-center\">Os maiores facilitadores de sigilo financeiro no mundo<\/h2>\n\n\n<h5 style=\"text-align: center;color: #919191;font-size: 16px;letter-spacing: 0px;text-transform: uppercase;, sans-serif;font-weight: Bold;line-height: 10px\" class=\"ub_advanced_heading wp-block-ub-advanced-heading\" id=\"ub-advanced-heading-927e06d8-c272-4935-b907-e03dbc2c5314\" data-blockid=\"927e06d8-c272-4935-b907-e03dbc2c5314\"><strong>\u00daltima atualiza\u00e7\u00e3o em 3 de junho de 2025<\/strong><\/h5>\n\n\n<div style=\"height:30px\" aria-hidden=\"true\" class=\"wp-block-spacer\"><\/div>\n\n\n\n<div style=\"text-align:end;margin-right:-20px;margin-bottom:1em;\">\n  <tjn-scoring-selector><\/tjn-scoring-selector>\n<\/div>\n\n\n\n<div style=\"background-color:#fff;padding:0px;margin: 0 -20px;border-radius:8px;overflow: hidden;\">\n  <tjn-country-ranking detail_url=\"\/pt\/country-detail\/\" scoring_id=\"168\" limit=\"10\" lang=\"pt\"><\/tjn-country-ranking>\n<\/div>\n\n\n\n<div style=\"height:20px\" aria-hidden=\"true\" class=\"wp-block-spacer\"><\/div>\n\n\n<div style=\"gap: ;\" class=\"align-button-center ub-buttons orientation-button-row ub-flex-wrap wp-block-ub-button\" id=\"ub-button-e9f06adb-30c5-4867-a027-560af4167db0\"><div class=\"ub-button-container\">\n\t\t\t<a href=\"\/pt\/full-list\" target=\"_self\" rel=\"noopener noreferrer  \" class=\"ub-button-block-main ub-button-medium   ub-button-flex-medium\" role=\"button\" style=\"--ub-button-background-color: transparent; --ub-button-color: #2e4e33; --ub-button-border: 3px solid #2e4e33; --ub-button-hover-color: #919191; --ub-button-hover-border: 3px solid #919191; border-top-left-radius: 0px;; border-top-right-radius: 0px;; border-bottom-left-radius: 0px;; border-bottom-right-radius: 0px;; \">\n\t\t\t\t<div class=\"ub-button-content-holder\" style=\"flex-direction: row-reverse\">\n\t\t\t\t\t<span class=\"ub-button-block-btn\"><strong>VER LISTA COMPLETA<\/strong>   \u2794<\/span>\n\t\t\t\t<\/div>\n\t\t\t<\/a>\n\t\t<\/div><\/div>\n\n\n<div style=\"height:30px\" aria-hidden=\"true\" class=\"wp-block-spacer\"><\/div>\n\n\n\n<div class=\"full-width-section-normal\">\n<div class=\"narrowcontent\">\n\n\n\n<h1 class=\"wp-block-heading has-text-align-center page-title-content\">Metodologia<\/h1>\n\n\n\n<h2 class=\"wp-block-heading has-text-align-center smaller\">Duas dimens\u00f5es explicam o papel do pa\u00eds em rela\u00e7\u00e3o ao sigilo financeiro<\/h2>\n\n\n\n<p>O \u00cdndice de Sigilo Financeiro \u00e9 uma classifica\u00e7\u00e3o dos pa\u00edses que s\u00e3o mais c\u00famplices em ajudar indiv\u00edduos e empresas a ocultar suas finan\u00e7as da lei. O \u00edndice avalia a margem de manobra que as leis e regulamenta\u00e7\u00f5es de um pa\u00eds oferecem para o sigilo financeiro &#8211; trata-se da \u201cPontua\u00e7\u00e3o de sigilo\u201d do pa\u00eds. O \u00edndice tamb\u00e9m monitora quanto em servi\u00e7os financeiros o pa\u00eds oferece aos residentes de outros pa\u00edses &#8211; trata-se da \u201cPondera\u00e7\u00e3o global\u201d do pa\u00eds.<\/p>\n\n\n\n<p>Esses dois fatores s\u00e3o, ent\u00e3o, combinados para determinar o peso do papel exercido pelo pa\u00eds na facilita\u00e7\u00e3o global do sigilo financeiro &#8211; trata-se do \u201cValor FSI\u201d do pa\u00eds e \u00e9 com base nele que o pa\u00eds \u00e9 ranqueado.<\/p>\n\n\n<div class=\"wp-block-ub-content-toggle wp-block-ub-content-toggle-block\" id=\"ub-content-toggle-block-46d92732-6fc9-4061-bb28-efaf538436d7\" data-mobilecollapse=\"true\" data-desktopcollapse=\"true\" data-preventcollapse=\"false\" data-showonlyone=\"false\">\n<div class=\"wp-block-ub-content-toggle-accordion\" style=\"border-color: #ede7e0;\" id=\"ub-content-toggle-panel-block-\">\n\t\t\t<div class=\"wp-block-ub-content-toggle-accordion-title-wrap\" style=\"background-color: #ede7e0;\" aria-controls=\"ub-content-toggle-panel-0-46d92732-6fc9-4061-bb28-efaf538436d7\" tabindex=\"0\">\n\t\t\t<h4 class=\"wp-block-ub-content-toggle-accordion-title ub-content-toggle-title-46d92732-6fc9-4061-bb28-efaf538436d7\" style=\"color: #000000; \">Veja mais detalhes<\/h4>\n\t\t\t<div class=\"wp-block-ub-content-toggle-accordion-toggle-wrap left\" style=\"color: #000000;\"><span class=\"wp-block-ub-content-toggle-accordion-state-indicator wp-block-ub-chevron-down\"><\/span><\/div>\n\t\t<\/div>\n\t\t\t<div role=\"region\" aria-expanded=\"false\" class=\"wp-block-ub-content-toggle-accordion-content-wrap ub-hide\" id=\"ub-content-toggle-panel-0-46d92732-6fc9-4061-bb28-efaf538436d7\">\n\n<div class=\"wp-block-group wide-padding has-white-background-color has-background is-vertical is-layout-flex wp-container-core-group-is-layout-1 wp-block-group-is-layout-flex\">\n<h3 class=\"wp-block-heading\">Como o \u00edndice classifica os pa\u00edses<\/h3>\n\n\n\n<p>O \u00cdndice de Sigilo Financeiro avalia minuciosamente as leis das jurisdi\u00e7\u00f5es e monitora o volume de servi\u00e7os financeiros prestados por jurisdi\u00e7\u00f5es a residentes de outros pa\u00edses, tudo isso com o objetivo de criar um quadro claro dos maiores facilitadores do sigilo financeiro global.<\/p>\n\n\n\n<p><\/p>\n\n\n\n<h4 class=\"wp-block-heading\">Pontua\u00e7\u00e3o de sigilo<\/h4>\n\n\n\n<p>Mede quanto espa\u00e7o as leis e regulamenta\u00e7\u00f5es da jurisdi\u00e7\u00e3o oferecem, de forma intencional ou n\u00e3o, para o sigilo financeiro. As pontua\u00e7\u00f5es variam de 0 (sem espa\u00e7o para sigilo financeiro) a 100 (espa\u00e7o ilimitado para sigilo financeiro). Avaliado com base em mais de 100 perguntas, organizadas em 20 indicadores.<\/p>\n\n\n\n<div class=\"wp-block-media-text is-stacked-on-mobile has-small-font-size\" style=\"grid-template-columns:38% auto\"><figure class=\"wp-block-media-text__media\"><img fetchpriority=\"high\" decoding=\"async\" width=\"710\" height=\"150\" src=\"https:\/\/fsi-2025.dev.taxjustice.net\/wp-content\/uploads\/2025\/05\/SecrecyScoreHigh.png\" alt=\"\" class=\"wp-image-3461 size-full\" srcset=\"https:\/\/fsi.taxjustice.net\/wp-content\/uploads\/2025\/05\/SecrecyScoreHigh.png 710w, https:\/\/fsi.taxjustice.net\/wp-content\/uploads\/2025\/05\/SecrecyScoreHigh-300x63.png 300w\" sizes=\"(max-width: 710px) 100vw, 710px\" \/><\/figure><div class=\"wp-block-media-text__content\">\n<p>Pontua\u00e7\u00e3o alta = as leis da jurisdi\u00e7\u00e3o abrem muito espa\u00e7o para sigilo financeiro<\/p>\n<\/div><\/div>\n\n\n\n<div class=\"wp-block-media-text is-stacked-on-mobile\" style=\"grid-template-columns:38% auto\"><figure class=\"wp-block-media-text__media\"><img decoding=\"async\" width=\"711\" height=\"151\" src=\"https:\/\/fsi-2025.dev.taxjustice.net\/wp-content\/uploads\/2025\/05\/SecrecyScoreLow.png\" alt=\"\" class=\"wp-image-3462 size-full\" srcset=\"https:\/\/fsi.taxjustice.net\/wp-content\/uploads\/2025\/05\/SecrecyScoreLow.png 711w, https:\/\/fsi.taxjustice.net\/wp-content\/uploads\/2025\/05\/SecrecyScoreLow-300x64.png 300w\" sizes=\"(max-width: 711px) 100vw, 711px\" \/><\/figure><div class=\"wp-block-media-text__content\">\n<p class=\"has-small-font-size\">Pontua\u00e7\u00e3o baixa = as leis da jurisdi\u00e7\u00e3o abrem pouco espa\u00e7o para sigilo financeiro<\/p>\n<\/div><\/div>\n\n\n\n<p><\/p>\n\n\n\n<h4 class=\"wp-block-heading\">Pondera\u00e7\u00e3o Global<\/h4>\n\n\n\n<p>Mede o volume de servi\u00e7os financeiros que uma jurisdi\u00e7\u00e3o presta a residentes de outros pa\u00edses. Apresentado como uma percentagem do total dos servi\u00e7os financeiros offshore prestados a n\u00edvel mundial. Com base nos dados do FMI.<\/p>\n\n\n\n<div class=\"wp-block-media-text is-stacked-on-mobile\" style=\"grid-template-columns:15% auto\"><figure class=\"wp-block-media-text__media\"><img decoding=\"async\" width=\"496\" height=\"492\" src=\"https:\/\/fsi-2025.dev.taxjustice.net\/wp-content\/uploads\/2025\/05\/GlobalScaleWeight.png\" alt=\"\" class=\"wp-image-3459 size-full\" srcset=\"https:\/\/fsi.taxjustice.net\/wp-content\/uploads\/2025\/05\/GlobalScaleWeight.png 496w, https:\/\/fsi.taxjustice.net\/wp-content\/uploads\/2025\/05\/GlobalScaleWeight-300x298.png 300w, https:\/\/fsi.taxjustice.net\/wp-content\/uploads\/2025\/05\/GlobalScaleWeight-150x150.png 150w\" sizes=\"(max-width: 496px) 100vw, 496px\" \/><\/figure><div class=\"wp-block-media-text__content\">\n<p class=\"has-small-font-size\">A jurisdi\u00e7\u00e3o fornece 1,2% dos servi\u00e7os financeiros offshore globais<\/p>\n<\/div><\/div>\n\n\n\n<p><\/p>\n\n\n\n<h4 class=\"wp-block-heading\">Valor do \u00cdndice de Sigilo Financeiro (Valor FSI)<\/h4>\n\n\n\n<p>Combina a Pontua\u00e7\u00e3o de sigilo com a Pondera\u00e7\u00e3o Global para determinar o peso do papel exercido pela jurisdi\u00e7\u00e3o na permissibilidade de sigilo financeiro global. As jurisdi\u00e7\u00f5es s\u00e3o ranqueadas no \u00edndice com base nesse valor.<\/p>\n\n\n\n<div class=\"wp-block-media-text is-stacked-on-mobile has-small-font-size\" style=\"grid-template-columns:38% auto\"><figure class=\"wp-block-media-text__media\"><img loading=\"lazy\" decoding=\"async\" width=\"709\" height=\"151\" src=\"https:\/\/fsi-2025.dev.taxjustice.net\/wp-content\/uploads\/2025\/05\/FSIValueHigh.png\" alt=\"\" class=\"wp-image-3463 size-full\" srcset=\"https:\/\/fsi.taxjustice.net\/wp-content\/uploads\/2025\/05\/FSIValueHigh.png 709w, https:\/\/fsi.taxjustice.net\/wp-content\/uploads\/2025\/05\/FSIValueHigh-300x64.png 300w\" sizes=\"(max-width: 709px) 100vw, 709px\" \/><\/figure><div class=\"wp-block-media-text__content\">\n<p>Valor alto = grande facilitador do sigilo financeiro<\/p>\n<\/div><\/div>\n\n\n\n<div class=\"wp-block-media-text is-stacked-on-mobile\" style=\"grid-template-columns:38% auto\"><figure class=\"wp-block-media-text__media\"><img loading=\"lazy\" decoding=\"async\" width=\"712\" height=\"151\" src=\"https:\/\/fsi-2025.dev.taxjustice.net\/wp-content\/uploads\/2025\/05\/FSIValueLow.png\" alt=\"\" class=\"wp-image-3464 size-full\" srcset=\"https:\/\/fsi.taxjustice.net\/wp-content\/uploads\/2025\/05\/FSIValueLow.png 712w, https:\/\/fsi.taxjustice.net\/wp-content\/uploads\/2025\/05\/FSIValueLow-300x64.png 300w\" sizes=\"(max-width: 712px) 100vw, 712px\" \/><\/figure><div class=\"wp-block-media-text__content\">\n<p class=\"has-small-font-size\">Valor baixo = pequeno facilitador do sigilo financeiro<\/p>\n<\/div><\/div>\n\n\n\n<p><\/p>\n\n\n\n<h4 class=\"wp-block-heading\">Participa\u00e7\u00e3o no \u00cdndice de Sigilo Financeiro (Participa\u00e7\u00e3o no FSI)<\/h4>\n\n\n\n<p>Mede quanto sigilo financeiro a jurisdi\u00e7\u00e3o \u00e9 respons\u00e1vel por permitir em rela\u00e7\u00e3o ao total de sigilo financeiro permitido em todo o mundo. Calculado a partir do valor FSI da jurisdi\u00e7\u00e3o dividido pela soma dos valores FSI de todas as jurisdi\u00e7\u00f5es.<\/p>\n\n\n\n<div class=\"wp-block-media-text is-stacked-on-mobile\" style=\"grid-template-columns:15% auto\"><figure class=\"wp-block-media-text__media\"><img loading=\"lazy\" decoding=\"async\" width=\"497\" height=\"493\" src=\"https:\/\/fsi-2025.dev.taxjustice.net\/wp-content\/uploads\/2025\/05\/FSIShare.png\" alt=\"\" class=\"wp-image-3460 size-full\" srcset=\"https:\/\/fsi.taxjustice.net\/wp-content\/uploads\/2025\/05\/FSIShare.png 497w, https:\/\/fsi.taxjustice.net\/wp-content\/uploads\/2025\/05\/FSIShare-300x298.png 300w, https:\/\/fsi.taxjustice.net\/wp-content\/uploads\/2025\/05\/FSIShare-150x150.png 150w\" sizes=\"(max-width: 497px) 100vw, 497px\" \/><\/figure><div class=\"wp-block-media-text__content\">\n<p class=\"has-small-font-size\">Facilita 1,6% do sigilo financeiro global<\/p>\n<\/div><\/div>\n<\/div>\n\n\n\n<div style=\"height:30px\" aria-hidden=\"true\" class=\"wp-block-spacer\"><\/div>\n\n\n<div style=\"gap: 20px;\" class=\"align-button-center ub-buttons orientation-button-row ub-flex-wrap wp-block-ub-button\" id=\"ub-button-9f6fa1b0-7608-47f6-a2c2-3ffbc9c17edc\"><div class=\"ub-button-container\">\n\t\t\t<a href=\"\/wp-content\/uploads\/2025\/06\/2025-06-FSIMethodology8.0.pdf\" target=\"_blank\" rel=\"noopener noreferrer  \" class=\"ub-button-block-main ub-button-medium   ub-button-flex-medium\" role=\"button\" style=\"--ub-button-background-color: #2e4e33; --ub-button-color: #ffffff; --ub-button-border: none; --ub-button-hover-background-color: #50805e; --ub-button-hover-color: #ffffff; --ub-button-hover-border: none; border-top-left-radius: 5px;; border-top-right-radius: 5px;; border-bottom-left-radius: 5px;; border-bottom-right-radius: 5px;; \">\n\t\t\t\t<div class=\"ub-button-content-holder\" style=\"flex-direction: row-reverse\">\n\t\t\t\t\t<span class=\"ub-button-block-btn\"><strong><strong>Baixe o PDF da Metodologia<\/strong> PDF<\/strong>     <strong>\u2197<\/strong><\/span>\n\t\t\t\t<\/div>\n\t\t\t<\/a>\n\t\t<\/div><\/div>\n<\/div>\n\t\t<\/div>\n<\/div>\n\n\n<\/div>\n<\/div>\n<div class=\"full-width-section-light\">\n<div class=\"slidercontent\">\n<h1 class=\"wp-block-heading has-text-align-center page-title-content\">\u00daltimas atualiza\u00e7\u00f5es<\/h1>\n<h2 class=\"wp-block-heading has-text-align-center smaller\">Foco do editor<\/h2>\n\n<\/div>\n<\/div>\n\n\n\n<div class=\"full-width-section-normal\">\n<div class=\"slidercontent\">\n<h1 class=\"wp-block-heading has-text-align-center page-title-content\">Cita\u00e7\u00f5es do \u00edndice<\/h1>\n<h2 class=\"wp-block-heading has-text-align-center smaller\">Dados em a\u00e7\u00e3o<\/h2>\n<p class=\"leader-text\">O \u00cdndice de Sigilo Financeiro \u00e9 usado por governos, \u00f3rg\u00e3os internacionais, jornalistas, acad\u00eamicos e ativistas para entender e combater o sigilo financeiro global.<\/p>\n\n<\/div>\n<\/div>\n","protected":false},"excerpt":{"rendered":"<p>Os maiores facilitadores de sigilo financeiro no mundo Metodologia Duas dimens\u00f5es explicam o papel do pa\u00eds em rela\u00e7\u00e3o ao sigilo financeiro O \u00cdndice de Sigilo Financeiro \u00e9&hellip;<\/p>\n<p> <a class=\"more-link\" href=\"https:\/\/fsi.taxjustice.net\/pt\/\">Read more<\/a><\/p>\n","protected":false},"author":1,"featured_media":0,"parent":0,"menu_order":0,"comment_status":"closed","ping_status":"closed","template":"","meta":{"inline_featured_image":false,"ub_ctt_via":"","footnotes":""},"class_list":["post-10","page","type-page","status-publish"],"translation":{"provider":"WPGlobus","version":"3.0.0","language":"pt","enabled_languages":["en","es","fr","pt"],"languages":{"en":{"title":true,"content":true,"excerpt":false},"es":{"title":true,"content":true,"excerpt":false},"fr":{"title":true,"content":true,"excerpt":false},"pt":{"title":true,"content":true,"excerpt":false}}},"featured_image_src":null,"_links":{"self":[{"href":"https:\/\/fsi.taxjustice.net\/pt\/wp-json\/wp\/v2\/pages\/10","targetHints":{"allow":["GET"]}}],"collection":[{"href":"https:\/\/fsi.taxjustice.net\/pt\/wp-json\/wp\/v2\/pages"}],"about":[{"href":"https:\/\/fsi.taxjustice.net\/pt\/wp-json\/wp\/v2\/types\/page"}],"author":[{"embeddable":true,"href":"https:\/\/fsi.taxjustice.net\/pt\/wp-json\/wp\/v2\/users\/1"}],"replies":[{"embeddable":true,"href":"https:\/\/fsi.taxjustice.net\/pt\/wp-json\/wp\/v2\/comments?post=10"}],"version-history":[{"count":481,"href":"https:\/\/fsi.taxjustice.net\/pt\/wp-json\/wp\/v2\/pages\/10\/revisions"}],"predecessor-version":[{"id":3631,"href":"https:\/\/fsi.taxjustice.net\/pt\/wp-json\/wp\/v2\/pages\/10\/revisions\/3631"}],"wp:attachment":[{"href":"https:\/\/fsi.taxjustice.net\/pt\/wp-json\/wp\/v2\/media?parent=10"}],"curies":[{"name":"wp","href":"https:\/\/api.w.org\/{rel}","templated":true}]}}