{"id":3350,"date":"2025-05-30T09:41:02","date_gmt":"2025-05-30T08:41:02","guid":{"rendered":"https:\/\/fsi-2025.dev.taxjustice.net\/?page_id=3350"},"modified":"2025-06-02T22:48:16","modified_gmt":"2025-06-02T21:48:16","slug":"about-the-index","status":"publish","type":"page","link":"https:\/\/fsi.taxjustice.net\/fr\/about-the-index\/","title":{"rendered":"\u00c0 propos de l&#8217;indice"},"content":{"rendered":"\n<h2 class=\"wp-block-heading has-text-align-center\">Aujourd&#8217;hui, deux fois plus de richesses sont dissimul\u00e9es \u00e0 l&#8217;\u00e9tranger que tous les dollars et euros en circulation dans le monde<\/h2>\n\n\n\n<p class=\"has-text-align-center leader-text\">Lorsque la richesse est dissimul\u00e9e \u00e0 l&#8217;\u00e9tranger, elle \u00e9chappe \u00e0 la loi. Cela alimente la fraude fiscale et la criminalit\u00e9, et porte atteinte \u00e0 nos droits humains et \u00e0 nos d\u00e9mocraties.<\/p>\n\n\n\n<div class=\"full-width-section-normal\">\n<div class=\"narrowcontent\">\n\n\n\n<div class=\"wp-block-cover has-medium-font-size\" style=\"min-height:180px;aspect-ratio:unset;\"><span aria-hidden=\"true\" class=\"wp-block-cover__background has-background-dim-0 has-background-dim\"><\/span><img fetchpriority=\"high\" decoding=\"async\" width=\"1024\" height=\"397\" class=\"wp-block-cover__image-background wp-image-2360\" alt=\"Image of green dollar bills\" src=\"https:\/\/fsi-2025.dev.taxjustice.net\/wp-content\/uploads\/2025\/05\/Dollar_Bills-1024x397.png\" data-object-fit=\"cover\" srcset=\"https:\/\/fsi.taxjustice.net\/wp-content\/uploads\/2025\/05\/Dollar_Bills-1024x397.png 1024w, https:\/\/fsi.taxjustice.net\/wp-content\/uploads\/2025\/05\/Dollar_Bills-300x116.png 300w, https:\/\/fsi.taxjustice.net\/wp-content\/uploads\/2025\/05\/Dollar_Bills-768x298.png 768w, https:\/\/fsi.taxjustice.net\/wp-content\/uploads\/2025\/05\/Dollar_Bills.png 1406w\" sizes=\"(max-width: 1024px) 100vw, 1024px\" \/><div class=\"wp-block-cover__inner-container is-layout-constrained wp-block-cover-is-layout-constrained\">\n<h2 class=\"wp-block-heading has-text-align-center has-white-color has-text-color has-link-color has-medium-font-size wp-elements-404a52fd62222bd7ef69cea7c0e0e195\">Quels sont les pays les plus responsables du opacit\u00e9 financi\u00e8re et que pouvons-nous faire \u00e0 leur sujet ? C&#8217;est pour r\u00e9pondre \u00e0 cette question que l&#8217;indice des d&#8217;opacit\u00e9 financi\u00e8re a \u00e9t\u00e9 con\u00e7u.<\/h2>\n<\/div><\/div>\n\n\n\n<p>Pour la plupart des gens, les paradis fiscaux sont de petites \u00eeles bord\u00e9es de palmiers. Mais l&#8217;Indice d&#8217;Opacit\u00e9 Financi\u00e8re montre que les principaux facilitateurs du secret sont certaines des plus grandes \u00e9conomies mondiales et leurs territoires d\u00e9pendants. En fait, tous les pays permettent l\u2019opacit\u00e9 financi\u00e8re \u00e0 l&#8217;\u00e9chelle mondiale \u00e0 un degr\u00e9 diff\u00e9rent, de sorte que tous les pays ont la responsabilit\u00e9 de renforcer leurs lois contre cet abus et peuvent b\u00e9n\u00e9ficier de l&#8217;Indice d&#8217;Opacit\u00e9 Financi\u00e8re.<\/p>\n\n\n\n<\/div>\n<\/div>\n<div class=\"full-width-section-light\">\n<div class=\"narrowcontent\">\n\n\n\n<h1 class=\"wp-block-heading has-text-align-center page-title-content\">Le comment<\/h1>\n\n\n\n<h2 class=\"wp-block-heading has-text-align-center smaller\">M\u00e9thodologie de l&#8217;indice<\/h2>\n\n\n\n<p class=\"has-text-align-center leader-text\">Nous mettons r\u00e9guli\u00e8rement \u00e0 jour la m\u00e9thodologie de l&#8217;Indice d&#8217;Opacit\u00e9 Financi\u00e8re pour tenir compte de l&#8217;\u00e9volution des pratiques d&#8217;opacit\u00e9 financi\u00e8re au niveau mondial, de la m\u00eame mani\u00e8re qu&#8217;un pare-feu est r\u00e9guli\u00e8rement mis \u00e0 jour pour se prot\u00e9ger contre les nouvelles vuln\u00e9rabilit\u00e9s.<\/p>\n\n\n\n<div style=\"height:5px\" aria-hidden=\"true\" class=\"wp-block-spacer\"><\/div>\n\n\n<div style=\"gap: 20px;\" class=\"align-button-center ub-buttons orientation-button-row ub-flex-wrap wp-block-ub-button\" id=\"ub-button-dd5c2a83-a8a4-4e96-aecd-3333e2a49a63\"><div class=\"ub-button-container\">\n\t\t\t<a href=\"\/wp-content\/uploads\/2025\/06\/2025-06-FSIMethodology8.0.pdf\" target=\"_blank\" rel=\"noopener noreferrer  \" class=\"ub-button-block-main ub-button-medium   ub-button-flex-medium\" role=\"button\" style=\"--ub-button-background-color: #2e4e33; --ub-button-color: #ffffff; --ub-button-border: none; --ub-button-hover-background-color: #50805e; --ub-button-hover-color: #ffffff; --ub-button-hover-border: none; border-top-left-radius: 5px;; border-top-right-radius: 5px;; border-bottom-left-radius: 5px;; border-bottom-right-radius: 5px;; \">\n\t\t\t\t<div class=\"ub-button-content-holder\" style=\"flex-direction: row-reverse\">\n\t\t\t\t\t<span class=\"ub-button-block-btn\"><strong><strong>T\u00e9l\u00e9charger la m\u00e9thodologie<\/strong> PDF<\/strong> <strong>\u2197<\/strong><\/span>\n\t\t\t\t<\/div>\n\t\t\t<\/a>\n\t\t<\/div><\/div>\n\n\n<div style=\"height:10px\" aria-hidden=\"true\" class=\"wp-block-spacer\"><\/div>\n\n\n\n<div class=\"wp-block-group wide-padding has-white-background-color has-background is-vertical is-layout-flex wp-container-core-group-is-layout-1 wp-block-group-is-layout-flex\">\n<h3 class=\"wp-block-heading\">Comment l&#8217;indice classe les pays<\/h3>\n\n\n\n<p>L&#8217;Indice d&#8217;Opacit\u00e9 Financi\u00e8re \u00e9value minutieusement les lois des juridictions et surveille le volume des services financiers fournis par celles-ci aux r\u00e9sidents d&#8217;autres pays, afin de dresser un tableau clair des plus grands facilitateurs d&#8217;opacit\u00e9 financi\u00e8re sur les soci\u00e9t\u00e9s dans le monde.<\/p>\n\n\n\n<p><\/p>\n\n\n\n<h4 class=\"wp-block-heading\">Score d&#8217;opacit\u00e9<\/h4>\n\n\n\n<p>Mesure la marge de man\u0153uvre laiss\u00e9e par les lois et r\u00e9glementations de la juridiction en mati\u00e8re d&#8217;opacit\u00e9 financi\u00e8re, qu&#8217;ils soient intentionnels ou non. Les scores vont de 0 (aucune marge de man\u0153uvre pour l\u2019opacit\u00e9 financi\u00e8re) \u00e0 100 (marge de man\u0153uvre illimit\u00e9e pour l\u2019opacit\u00e9 financi\u00e8re). L&#8217;\u00e9valuation se fait sur la base de plus de 100 questions r\u00e9parties en 20 indicateurs.<\/p>\n\n\n\n<div class=\"wp-block-media-text is-stacked-on-mobile\" style=\"grid-template-columns:38% auto\"><figure class=\"wp-block-media-text__media\"><img decoding=\"async\" width=\"710\" height=\"150\" src=\"https:\/\/fsi-2025.dev.taxjustice.net\/wp-content\/uploads\/2025\/05\/SecrecyScoreHigh.png\" alt=\"\" class=\"wp-image-3461 size-full\" srcset=\"https:\/\/fsi.taxjustice.net\/wp-content\/uploads\/2025\/05\/SecrecyScoreHigh.png 710w, https:\/\/fsi.taxjustice.net\/wp-content\/uploads\/2025\/05\/SecrecyScoreHigh-300x63.png 300w\" sizes=\"(max-width: 710px) 100vw, 710px\" \/><\/figure><div class=\"wp-block-media-text__content\">\n<p class=\"has-small-font-size\">Score \u00e9lev\u00e9 = la l\u00e9gislation de la juridiction laisse beaucoup de place au secret financier<\/p>\n<\/div><\/div>\n\n\n\n<div class=\"wp-block-media-text is-stacked-on-mobile\" style=\"grid-template-columns:38% auto\"><figure class=\"wp-block-media-text__media\"><img decoding=\"async\" width=\"711\" height=\"151\" src=\"https:\/\/fsi-2025.dev.taxjustice.net\/wp-content\/uploads\/2025\/05\/SecrecyScoreLow.png\" alt=\"\" class=\"wp-image-3462 size-full\" srcset=\"https:\/\/fsi.taxjustice.net\/wp-content\/uploads\/2025\/05\/SecrecyScoreLow.png 711w, https:\/\/fsi.taxjustice.net\/wp-content\/uploads\/2025\/05\/SecrecyScoreLow-300x64.png 300w\" sizes=\"(max-width: 711px) 100vw, 711px\" \/><\/figure><div class=\"wp-block-media-text__content\">\n<p class=\"has-small-font-size\">Score faible = la l\u00e9gislation de la juridiction laisse peu de place au secret financier<\/p>\n<\/div><\/div>\n\n\n\n<p><\/p>\n\n\n\n<h4 class=\"wp-block-heading\">Le poids \u00e0 l&#8217;\u00e9chelle mondiale<\/h4>\n\n\n\n<p>Mesure le volume des services financiers fournis par une juridiction aux r\u00e9sidents d&#8217;autres pays. Exprim\u00e9 en pourcentage de l&#8217;ensemble des services financiers offshore fournis \u00e0 l&#8217;\u00e9chelle mondiale. Bas\u00e9 sur les donn\u00e9es du FMI.<\/p>\n\n\n\n<div class=\"wp-block-media-text is-stacked-on-mobile has-small-font-size\" style=\"grid-template-columns:15% auto\"><figure class=\"wp-block-media-text__media\"><img loading=\"lazy\" decoding=\"async\" width=\"496\" height=\"492\" src=\"https:\/\/fsi-2025.dev.taxjustice.net\/wp-content\/uploads\/2025\/05\/GlobalScaleWeight.png\" alt=\"\" class=\"wp-image-3459 size-full\" srcset=\"https:\/\/fsi.taxjustice.net\/wp-content\/uploads\/2025\/05\/GlobalScaleWeight.png 496w, https:\/\/fsi.taxjustice.net\/wp-content\/uploads\/2025\/05\/GlobalScaleWeight-300x298.png 300w, https:\/\/fsi.taxjustice.net\/wp-content\/uploads\/2025\/05\/GlobalScaleWeight-150x150.png 150w\" sizes=\"(max-width: 496px) 100vw, 496px\" \/><\/figure><div class=\"wp-block-media-text__content\">\n<p>La juridiction fournit 1,2 % des services financiers offshore mondiaux<\/p>\n<\/div><\/div>\n\n\n\n<p><\/p>\n\n\n\n<h4 class=\"wp-block-heading\">Valeur de l&#8217;indice d&#8217;Opacit\u00e9 Financi\u00e8re (Valeur du FSI)<\/h4>\n\n\n\n<p>Combine le score d\u2019opacit\u00e9 et le poids de l&#8217;\u00e9chelle mondiale pour d\u00e9terminer l&#8217;importance du r\u00f4le jou\u00e9 par la juridiction dans la facilitation d\u2019opacit\u00e9 financi\u00e8re \u00e0 l&#8217;\u00e9chelle mondiale. Les juridictions sont class\u00e9es dans l&#8217;indice en fonction de cette valeur.<\/p>\n\n\n\n<div class=\"wp-block-media-text is-stacked-on-mobile\" style=\"grid-template-columns:38% auto\"><figure class=\"wp-block-media-text__media\"><img loading=\"lazy\" decoding=\"async\" width=\"709\" height=\"151\" src=\"https:\/\/fsi-2025.dev.taxjustice.net\/wp-content\/uploads\/2025\/05\/FSIValueHigh.png\" alt=\"\" class=\"wp-image-3463 size-full\" srcset=\"https:\/\/fsi.taxjustice.net\/wp-content\/uploads\/2025\/05\/FSIValueHigh.png 709w, https:\/\/fsi.taxjustice.net\/wp-content\/uploads\/2025\/05\/FSIValueHigh-300x64.png 300w\" sizes=\"(max-width: 709px) 100vw, 709px\" \/><\/figure><div class=\"wp-block-media-text__content\">\n<p class=\"has-small-font-size\">Valeur \u00e9lev\u00e9e = grande contribution au secret financier<\/p>\n<\/div><\/div>\n\n\n\n<div class=\"wp-block-media-text is-stacked-on-mobile\" style=\"grid-template-columns:38% auto\"><figure class=\"wp-block-media-text__media\"><img loading=\"lazy\" decoding=\"async\" width=\"712\" height=\"151\" src=\"https:\/\/fsi-2025.dev.taxjustice.net\/wp-content\/uploads\/2025\/05\/FSIValueLow.png\" alt=\"\" class=\"wp-image-3464 size-full\" srcset=\"https:\/\/fsi.taxjustice.net\/wp-content\/uploads\/2025\/05\/FSIValueLow.png 712w, https:\/\/fsi.taxjustice.net\/wp-content\/uploads\/2025\/05\/FSIValueLow-300x64.png 300w\" sizes=\"(max-width: 712px) 100vw, 712px\" \/><\/figure><div class=\"wp-block-media-text__content\">\n<p class=\"has-small-font-size\">Faible valeur = faible contribution au secret financier<\/p>\n<\/div><\/div>\n\n\n\n<p><\/p>\n\n\n\n<h4 class=\"wp-block-heading\">Part de l&#8217;indice d&#8217;Opacit\u00e9 Financi\u00e8re (Part du FSI)<\/h4>\n\n\n\n<p>Mesure la part de l&#8217;ensemble d\u2019opacit\u00e9 financi\u00e8re activ\u00e9 dans le monde entier dont la juridiction est responsable. Calcul\u00e9 en divisant la valeur du FSI de la juridiction par la somme des valeurs du FSI de toutes les juridictions.<\/p>\n\n\n\n<div class=\"wp-block-media-text is-stacked-on-mobile has-small-font-size\" style=\"grid-template-columns:15% auto\"><figure class=\"wp-block-media-text__media\"><img loading=\"lazy\" decoding=\"async\" width=\"497\" height=\"493\" src=\"https:\/\/fsi-2025.dev.taxjustice.net\/wp-content\/uploads\/2025\/05\/FSIShare.png\" alt=\"\" class=\"wp-image-3460 size-full\" srcset=\"https:\/\/fsi.taxjustice.net\/wp-content\/uploads\/2025\/05\/FSIShare.png 497w, https:\/\/fsi.taxjustice.net\/wp-content\/uploads\/2025\/05\/FSIShare-300x298.png 300w, https:\/\/fsi.taxjustice.net\/wp-content\/uploads\/2025\/05\/FSIShare-150x150.png 150w\" sizes=\"(max-width: 497px) 100vw, 497px\" \/><\/figure><div class=\"wp-block-media-text__content\">\n<p>Permet 1,6 % du secret financier au niveau mondial<\/p>\n<\/div><\/div>\n<\/div>\n\n\n\n<\/div>\n<\/div>\n<div class=\"full-width-section-normal\">\n<div class=\"narrowcontent\">\n\n\n\n<h1 class=\"wp-block-heading has-text-align-center page-title-content\">Mise \u00e0 jour continue<\/h1>\n\n\n\n<h2 class=\"wp-block-heading has-text-align-center smaller\">Comment nous mettons \u00e0 jour nos donn\u00e9es<\/h2>\n\n\n\n<div style=\"height:15px\" aria-hidden=\"true\" class=\"wp-block-spacer\"><\/div>\n\n\n\n<div class=\"wp-block-group wide-padding has-white-background-color has-background is-vertical is-layout-flex wp-container-core-group-is-layout-2 wp-block-group-is-layout-flex\">\n<p>Nous mettons r\u00e9guli\u00e8rement \u00e0 jour L&#8217;Indice Opacit\u00e9 Finaci\u00e8re pour les entreprises. Nous \u00e9valuons les lois et r\u00e9glementations des pays en fonction de plus de 100 questions, que nous regroupons en 20 indicateurs.<\/p>\n\n\n\n<p>Nous mettons \u00e0 jour quelques indicateurs \u00e0 la fois, tous les deux mois, en proc\u00e9dant par lots au cours de notre cycle de mise \u00e0 jour. Toute modification r\u00e9glementaire port\u00e9e \u00e0 notre attention concernant des indicateurs qui ne sont pas en file d&#8217;attente pour la prochaine mise \u00e0 jour de notre cycle est publi\u00e9e en amont du cycle, dans le cadre de la prochaine mise \u00e0 jour. Ces changements sont publi\u00e9s en tant que &#8220;mises \u00e0 jour suppl\u00e9mentaires&#8221;, parall\u00e8lement aux &#8220;mises \u00e0 jour des indicateurs&#8221;. Cette flexibilit\u00e9 nous permet de saisir les changements dans l&#8217;indice d\u2019opacit\u00e9 financi\u00e8re sans avoir \u00e0 attendre que notre cycle de mise \u00e0 jour atteigne l&#8217;indicateur concern\u00e9.<\/p>\n\n\n\n<p>Les scores des pays en mati\u00e8re d\u2019opacit\u00e9 financi\u00e8re &#8211; qui sont bas\u00e9s sur les 20 indicateurs &#8211; sont mis \u00e0 jour \u00e0 chaque fois que nous publions des mises \u00e0 jour d&#8217;indicateurs et des mises \u00e0 jour suppl\u00e9mentaires.<\/p>\n\n\n\n<p>Parall\u00e8lement aux indicateurs, nous mettons \u00e0 jour une fois par an les pond\u00e9rations de l&#8217;\u00e9chelle globale des pays, qui sont calcul\u00e9es dans les classements des pays.<\/p>\n\n\n\n<p>Avant 2025, l&#8217;indice d\u2019opacit\u00e9 financi\u00e8re pour entreprises \u00e9tait mis \u00e0 jour tous les deux ans. Tous les indicateurs \u00e9taient mis \u00e0 jour en m\u00eame temps dans le cadre de chaque mise \u00e0 jour bisannuelle de l&#8217;indice. La nouvelle base mobile nous permet de saisir les changements plus \u00e9troitement au moment o\u00f9 ils se produisent et d&#8217;offrir une vue plus dynamique du r\u00f4le des pays dans l\u2019opacit\u00e9 financi\u00e8re mondial. Nous partageons r\u00e9guli\u00e8rement nos \u00e9valuations avec tous les pays figurant dans l&#8217;indice d\u2019opacit\u00e9 financi\u00e8re avant de les publier, ce qui donne \u00e0 chaque pays la possibilit\u00e9 de v\u00e9rifier nos \u00e9valuations et de s&#8217;interroger sur d&#8217;\u00e9ventuelles divergences. Si un pays fournit des preuves suffisantes pour modifier une \u00e9valuation que nous avons faite, nous mettons \u00e0 jour l&#8217;\u00e9valuation pour refl\u00e9ter les preuves.<\/p>\n<\/div>\n\n\n\n<div style=\"height:15px\" aria-hidden=\"true\" class=\"wp-block-spacer\"><\/div>\n\n\n\n<\/div>\n<\/div>\n<div class=\"full-width-section-light\">\n<div class=\"slidercontent\">\n<h1 class=\"wp-block-heading has-text-align-center page-title-content\">Le tableau complet<\/h1>\n<h2 class=\"wp-block-heading has-text-align-center smaller\">L&#8217;indice d\u2019opacit\u00e9 financi\u00e8re  vs <br \\> Indice des paradis fiscaux pour les entreprises<\/h2>\n<p class=\"leader-text\">Les deux tiers des abus fiscaux commis chaque ann\u00e9e au niveau mondial sont g\u00e9n\u00e9ralement le fait de soci\u00e9t\u00e9s multinationales qui transf\u00e8rent leurs b\u00e9n\u00e9fices \u00e0 l&#8217;\u00e9tranger. Le reste est le fait de particuliers qui cachent leurs finances \u00e0 l&#8217;\u00e9tranger. Tax Justice Network g\u00e8re deux indices pour surveiller ces deux aspects de l&#8217;abus fiscal mondial.<\/p>\n\n<\/div>\n<\/div>\n\n\n\n<div class=\"full-width-section-normal\">\n<div class=\"slidercontent\">\n<h1 class=\"wp-block-heading has-text-align-center page-title-content\">Citations de l&#8217;index<\/h1>\n<h2 class=\"wp-block-heading has-text-align-center smaller\">Les donn\u00e9es en action<\/h2>\n<p class=\"leader-text\">L\u2019indice d\u2019opacit\u00e9 financi\u00e8re est utilis\u00e9 par les gouvernements, les organismes internationaux, les journalistes, les universitaires et les activistes pour mieux comprendre et combattre l\u2019opacit\u00e9 financi\u00e8re au niveau mondial.<\/p>\n\n<\/div>\n<\/div>\n","protected":false},"excerpt":{"rendered":"<p>Aujourd&#8217;hui, deux fois plus de richesses sont dissimul\u00e9es \u00e0 l&#8217;\u00e9tranger que tous les dollars et euros en circulation dans le monde Lorsque la richesse est dissimul\u00e9e \u00e0&hellip;<\/p>\n<p> <a class=\"more-link\" href=\"https:\/\/fsi.taxjustice.net\/fr\/about-the-index\/\">Lire la suite<\/a><\/p>\n","protected":false},"author":1,"featured_media":0,"parent":0,"menu_order":0,"comment_status":"closed","ping_status":"closed","template":"","meta":{"inline_featured_image":false,"ub_ctt_via":"","footnotes":""},"class_list":["post-3350","page","type-page","status-publish"],"translation":{"provider":"WPGlobus","version":"3.0.0","language":"fr","enabled_languages":["en","es","fr","pt"],"languages":{"en":{"title":true,"content":true,"excerpt":false},"es":{"title":true,"content":true,"excerpt":false},"fr":{"title":true,"content":true,"excerpt":false},"pt":{"title":true,"content":true,"excerpt":false}}},"featured_image_src":null,"_links":{"self":[{"href":"https:\/\/fsi.taxjustice.net\/fr\/wp-json\/wp\/v2\/pages\/3350","targetHints":{"allow":["GET"]}}],"collection":[{"href":"https:\/\/fsi.taxjustice.net\/fr\/wp-json\/wp\/v2\/pages"}],"about":[{"href":"https:\/\/fsi.taxjustice.net\/fr\/wp-json\/wp\/v2\/types\/page"}],"author":[{"embeddable":true,"href":"https:\/\/fsi.taxjustice.net\/fr\/wp-json\/wp\/v2\/users\/1"}],"replies":[{"embeddable":true,"href":"https:\/\/fsi.taxjustice.net\/fr\/wp-json\/wp\/v2\/comments?post=3350"}],"version-history":[{"count":34,"href":"https:\/\/fsi.taxjustice.net\/fr\/wp-json\/wp\/v2\/pages\/3350\/revisions"}],"predecessor-version":[{"id":3633,"href":"https:\/\/fsi.taxjustice.net\/fr\/wp-json\/wp\/v2\/pages\/3350\/revisions\/3633"}],"wp:attachment":[{"href":"https:\/\/fsi.taxjustice.net\/fr\/wp-json\/wp\/v2\/media?parent=3350"}],"curies":[{"name":"wp","href":"https:\/\/api.w.org\/{rel}","templated":true}]}}