{"id":1509,"date":"2025-03-24T13:59:55","date_gmt":"2025-03-24T13:59:55","guid":{"rendered":"https:\/\/fsi-2025.dev.taxjustice.net\/?page_id=1509"},"modified":"2025-06-02T23:22:19","modified_gmt":"2025-06-02T22:22:19","slug":"indicator-profiles","status":"publish","type":"page","link":"https:\/\/fsi.taxjustice.net\/fr\/indicator-profiles\/","title":{"rendered":"Profils d&#8217;indicateurs"},"content":{"rendered":"\n<h2 class=\"wp-block-heading has-text-align-center\">Exploration par indicateur<\/h2>\n\n\n\n<p class=\"has-text-align-center leader-text\">Nous utilisons 20 indicateurs de secret dans quatre domaines cl\u00e9s pour \u00e9valuer l&#8217;efficacit\u00e9 d&#8217;un pays en mati\u00e8re de pr\u00e9vention du secret financier.<\/p>\n\n\n\n<div class=\"wp-block-group wide-padding has-white-background-color has-background is-vertical is-layout-flex wp-container-core-group-is-layout-1 wp-block-group-is-layout-flex\">\n<h3 class=\"wp-block-heading has-text-align-left subtitlecolour-1 has-text-color has-link-color wp-elements-ecd0a3edd019c40158cba279aedc5343\" id=\"1-asset-and-ownership-registration-\" style=\"color:#c27136\">Enregistrement des actifs et de la propri\u00e9t\u00e9<\/h3>\n\n\n\n<p>Lorsqu\u2019un pays permet que les b\u00e9n\u00e9ficiaires effectifs \u2013 les personnes physiques d\u00e9tenant ou contr\u00f4lant en dernier ressort une soci\u00e9t\u00e9, une soci\u00e9t\u00e9 en commandite, un trust ou une fondation \u2013 restent anonymes, il ouvre la voie \u00e0 des activit\u00e9s criminelles. Cette cat\u00e9gorie \u00e9value le niveau de secret bancaire et le degr\u00e9 des obligations en vue de la transparence sur la propri\u00e9t\u00e9 effective des entit\u00e9s juridiques, biens immobiliers et les ports francs et le maintien \u00e0 jour des informations y relatives, aupr\u00e8s d\u2019une autorit\u00e9 publique.<\/p>\n\n\n\n<p class=\"indicatorlink-1\"><a href=\"\/fr\/indicator-detail\/#indicator=SI01\">Secret bancaire \u2192<\/a><\/p>\n\n\n\n<p class=\"indicatorlink-1\"><a href=\"\/fr\/indicator-detail\/#indicator=SI02\">Propri\u00e9t\u00e9 effective des fiducies \u2192<\/a><\/p>\n\n\n\n<p class=\"indicatorlink-1\"><a href=\"\/fr\/indicator-detail\/#indicator=SI03\">Propri\u00e9t\u00e9 effective des fondations \u2192<\/a><\/p>\n\n\n\n<p class=\"indicatorlink-1\"><a href=\"\/fr\/indicator-detail\/#indicator=SI04\">Propri\u00e9t\u00e9 effective de soci\u00e9t\u00e9s \u00e0 responsabilit\u00e9 limit\u00e9e \u2192<\/a><\/p>\n\n\n\n<p class=\"indicatorlink-1\"><a href=\"\/fr\/indicator-detail\/#indicator=SI05\">Propri\u00e9t\u00e9 dans les zones franches \u2192<\/a><\/p>\n\n\n\n<p class=\"indicatorlink-1\"><a href=\"\/fr\/indicator-detail\/#indicator=SI06\">Propri\u00e9t\u00e9 des biens immobiliers \u2192<\/a><\/p>\n<\/div>\n\n\n\n<div style=\"height:50px\" aria-hidden=\"true\" class=\"wp-block-spacer\"><\/div>\n\n\n\n<div class=\"wp-block-group wide-padding has-white-background-color has-background is-vertical is-layout-flex wp-container-core-group-is-layout-2 wp-block-group-is-layout-flex\">\n<h3 class=\"wp-block-heading has-text-align-left subtitlecolour-2 has-text-color has-link-color wp-elements-612dd4f12f468d33d727e7f8dae0db8e\" id=\"8-legal-entity-transparency-\" style=\"color:#c27136\">Transparence des entit\u00e9s juridiques<\/h3>\n\n\n\n<p>Les juridictions facilitent la dissimulation d\u2019informations par les b\u00e9n\u00e9ficiaires effectifs \u2013 les personnes physiques qui contr\u00f4lent ou poss\u00e8dent, en dernier ressort, une entreprise, une soci\u00e9t\u00e9, une fiducie ou une fondation \u2013 lorsque les donn\u00e9es sur la propri\u00e9t\u00e9 ne sont ni accessibles publiquement en ligne ni soumises \u00e0 un examen public. Cette cat\u00e9gorie \u00e9value si les juridictions mettent \u00e0 disposition du public, gratuitement ou \u00e0 faible co\u00fbt, des informations cl\u00e9s en mati\u00e8re de transparence, telles que les registres des b\u00e9n\u00e9ficiaires effectifs, les rapports pays par pays et les identifiants uniques des entit\u00e9s juridiques, afin de renforcer la responsabilit\u00e9 publique.<\/p>\n\n\n\n<p class=\"indicatorlink-2\"><a href=\"\/fr\/indicator-detail\/#indicator=SI07\">Transparence des soci\u00e9t\u00e9s en commandite \u2192<\/a>&nbsp;<\/p>\n\n\n\n<p class=\"indicatorlink-2\"><a href=\"\/fr\/indicator-detail\/#indicator=SI08\">Transparence sur la propri\u00e9t\u00e9 des soci\u00e9t\u00e9s \u00e0 responsabilit\u00e9 limit\u00e9e \u2192<\/a><\/p>\n\n\n\n<p class=\"indicatorlink-2\"><a href=\"\/fr\/indicator-detail\/#indicator=SI09\">Transparence des comptes des entreprises \u2192<\/a><\/p>\n\n\n\n<p class=\"indicatorlink-2\"><a href=\"\/fr\/indicator-detail\/#indicator=SI10\">Publication rapports pays par pays \u2192<\/a><\/p>\n\n\n\n<p class=\"indicatorlink-2\"><a href=\"\/fr\/indicator-detail\/#indicator=SI11\">Identifiant global de l\u2019entit\u00e9 juridique (LEI) \u2192<\/a><\/p>\n<\/div>\n\n\n\n<div style=\"height:50px\" aria-hidden=\"true\" class=\"wp-block-spacer\"><\/div>\n\n\n\n<div class=\"wp-block-group wide-padding has-white-background-color has-background is-vertical is-layout-flex wp-container-core-group-is-layout-3 wp-block-group-is-layout-flex\">\n<h3 class=\"wp-block-heading has-text-align-left subtitlecolour-3 has-text-color has-link-color wp-elements-30c7725830517f0927d855f412e45ff9\" id=\"8-legal-entity-transparency-\" style=\"color:#c27136\">Int\u00e9grit\u00e9 de la r\u00e9glementation fiscale et financi\u00e8re&nbsp;<\/h3>\n\n\n\n<p>Les juridictions favorisent les abus fiscaux lorsque leurs administrations fiscales manquent de capacit\u00e9s, de comp\u00e9tences ou de ressources pour faire respecter les lois fiscales et promouvoir une culture de conformit\u00e9 juridique. Cette cat\u00e9gorie \u00e9value la capacit\u00e9 des administrations fiscales \u00e0 traiter des questions fiscales complexes, ainsi que les politiques nationales concernant l\u2019imposition des revenus des r\u00e9sidents \u00e0 l\u2019\u00e9tranger et l\u2019octroi de la r\u00e9sidence par investissement. Elle examine \u00e9galement dans quelle mesure les pays imposent la publication des d\u00e9cisions fiscales et des contrats li\u00e9s aux industries extractives.<\/p>\n\n\n\n<p class=\"indicatorlink-3\"><a href=\"\/fr\/indicator-detail\/#indicator=SI12\">Conformit\u00e9 fiscale \u2192<\/a>\u00a0<\/p>\n\n\n\n<p class=\"indicatorlink-3\"><a href=\"\/fr\/indicator-detail\/#indicator=SI13\">Visas dor\u00e9s \u2192<\/a><\/p>\n\n\n\n<p class=\"indicatorlink-3\"><a href=\"\/fr\/indicator-detail\/#indicator=SI14\">Revenus issus des investissements \u00e9trangers \u2192<\/a><\/p>\n\n\n\n<p class=\"indicatorlink-3\"><a href=\"\/fr\/indicator-detail\/#indicator=SI15\">Statistiques publiques \u2192<\/a><\/p>\n\n\n\n<p class=\"indicatorlink-3\"><a href=\"\/fr\/indicator-detail\/#indicator=SI16\">D\u00e9cisions fiscales anticip\u00e9es et contrats des industries extractives \u2192<\/a><\/p>\n<\/div>\n\n\n\n<div style=\"height:50px\" aria-hidden=\"true\" class=\"wp-block-spacer\"><\/div>\n\n\n\n<div class=\"wp-block-group wide-padding has-white-background-color has-background is-vertical is-layout-flex wp-container-core-group-is-layout-4 wp-block-group-is-layout-flex\">\n<h3 class=\"wp-block-heading has-text-align-left subtitlecolour-4 has-text-color has-link-color wp-elements-dce1b5cae1529683eec5d1fe17f16841\" id=\"8-legal-entity-transparency-\" style=\"color:#c27136\">Normes et coop\u00e9ration internationales<\/h3>\n\n\n\n<p>Les juridictions offrent aux entit\u00e9s juridiques et aux particuliers de multiples moyens de dissimuler leurs activit\u00e9s financi\u00e8res lorsqu\u2019elles n\u2019\u00e9changent pas d\u2019informations pertinentes avec d\u2019autres pays et ne participent pas aux conventions et accords internationaux destin\u00e9s \u00e0 renforcer la coop\u00e9ration fiscale et judiciaire. Cette cat\u00e9gorie \u00e9value l\u2019engagement des juridictions dans les m\u00e9canismes de coop\u00e9ration internationale et leur adh\u00e9sion aux accords visant \u00e0 promouvoir la transparence financi\u00e8re, \u00e0 lutter contre la corruption et \u00e0 pr\u00e9venir le blanchiment d\u2019argent.<\/p>\n\n\n\n<p class=\"indicatorlink-4\"><a href=\"\/fr\/indicator-detail\/#indicator=SI17\">Lutte contre le blanchiment d\u2019argent \u2192<\/a>&nbsp;<\/p>\n\n\n\n<p class=\"indicatorlink-4\"><a href=\"\/fr\/indicator-detail\/#indicator=SI18\">\u00c9change automatique de renseignements \u2192<\/a><\/p>\n\n\n\n<p class=\"indicatorlink-4\"><a href=\"\/fr\/indicator-detail\/#indicator=SI19\">\u00c9change de renseignement sur demande \u2192<\/a><\/p>\n\n\n\n<p class=\"indicatorlink-4\"><a href=\"\/fr\/indicator-detail\/#indicator=SI20\">Coop\u00e9ration juridique internationale \u2192<\/a><\/p>\n<\/div>\n","protected":false},"excerpt":{"rendered":"<p>Exploration par indicateur Nous utilisons 20 indicateurs de secret dans quatre domaines cl\u00e9s pour \u00e9valuer l&#8217;efficacit\u00e9 d&#8217;un pays en mati\u00e8re de pr\u00e9vention du secret financier. Enregistrement des&hellip;<\/p>\n<p> <a class=\"more-link\" href=\"https:\/\/fsi.taxjustice.net\/fr\/indicator-profiles\/\">Lire la suite<\/a><\/p>\n","protected":false},"author":1,"featured_media":0,"parent":0,"menu_order":0,"comment_status":"closed","ping_status":"closed","template":"","meta":{"inline_featured_image":false,"ub_ctt_via":"","footnotes":""},"class_list":["post-1509","page","type-page","status-publish"],"translation":{"provider":"WPGlobus","version":"3.0.0","language":"fr","enabled_languages":["en","es","fr","pt"],"languages":{"en":{"title":true,"content":true,"excerpt":false},"es":{"title":true,"content":true,"excerpt":false},"fr":{"title":true,"content":true,"excerpt":false},"pt":{"title":true,"content":true,"excerpt":false}}},"featured_image_src":null,"_links":{"self":[{"href":"https:\/\/fsi.taxjustice.net\/fr\/wp-json\/wp\/v2\/pages\/1509","targetHints":{"allow":["GET"]}}],"collection":[{"href":"https:\/\/fsi.taxjustice.net\/fr\/wp-json\/wp\/v2\/pages"}],"about":[{"href":"https:\/\/fsi.taxjustice.net\/fr\/wp-json\/wp\/v2\/types\/page"}],"author":[{"embeddable":true,"href":"https:\/\/fsi.taxjustice.net\/fr\/wp-json\/wp\/v2\/users\/1"}],"replies":[{"embeddable":true,"href":"https:\/\/fsi.taxjustice.net\/fr\/wp-json\/wp\/v2\/comments?post=1509"}],"version-history":[{"count":176,"href":"https:\/\/fsi.taxjustice.net\/fr\/wp-json\/wp\/v2\/pages\/1509\/revisions"}],"predecessor-version":[{"id":3651,"href":"https:\/\/fsi.taxjustice.net\/fr\/wp-json\/wp\/v2\/pages\/1509\/revisions\/3651"}],"wp:attachment":[{"href":"https:\/\/fsi.taxjustice.net\/fr\/wp-json\/wp\/v2\/media?parent=1509"}],"curies":[{"name":"wp","href":"https:\/\/api.w.org\/{rel}","templated":true}]}}