{"id":1505,"date":"2025-03-24T13:54:10","date_gmt":"2025-03-24T13:54:10","guid":{"rendered":"https:\/\/fsi-2025.dev.taxjustice.net\/?page_id=1505"},"modified":"2025-06-02T22:25:25","modified_gmt":"2025-06-02T21:25:25","slug":"latest-updates","status":"publish","type":"page","link":"https:\/\/fsi.taxjustice.net\/fr\/latest-updates\/","title":{"rendered":"Derni\u00e8res mises \u00e0 jour"},"content":{"rendered":"\n<h1 class=\"wp-block-heading has-text-align-center page-title\">Indice d\u2019opacit\u00e9 financi\u00e8re<\/h1>\n\n\n\n<h2 class=\"wp-block-heading has-text-align-center\">Derni\u00e8res mises \u00e0 jour<\/h2>\n\n\n\n<p class=\"has-text-align-center leader-text\">L\u2019indice d\u2019opacit\u00e9 financi\u00e8re est r\u00e9guli\u00e8rement mis \u00e0 jour. Nous mettons \u00e0 jour quelques indicateurs \u00e0 la fois, tous les deux mois, en passant en revue tous les indicateurs au cours de notre cycle de mise \u00e0 jour. Les donn\u00e9es relatives au poids du bar\u00e8me mondial sont mises \u00e0 jour chaque ann\u00e9e. Des mises \u00e0 jour suppl\u00e9mentaires sont effectu\u00e9es si de nouvelles donn\u00e9es sont disponibles avant la mise \u00e0 jour d&#8217;un indicateur au cours du cycle.<\/p>\n\n\n\n<head>\n  <meta charset=\"UTF-8\">\n  <title>Latest Updates &#8211; French<\/title>\n  <style>\n    body {\n      background-color: #FFFFFF;\n    }\n\n    table {\n      width: 80%;\n      border-collapse: collapse;\n      background-color: #FFFFFF;\n      margin: 20px auto;\n    }\n\nth {\n  border: none;\n  padding: 10px;\n  text-align: left;\n  vertical-align: top;\n}\n\ntd {\n  border: none;\n  border-bottom: 1px solid #e0e0e0; \/* light grey lines between rows *\/\n  padding: 10px;\n  text-align: left;\n  vertical-align: top;\n}\n\nthead tr {\n  background-color: #fafafa;\n  border-bottom: 1px solid #777; \/* strong dark grey line under header *\/\n}\n\n    thead tr {\n      background-color: #fafafa;\n    }\n\n    th:nth-child(2),\n    th:nth-child(3),\n    td:nth-child(2),\n    td:nth-child(3) {\n      width: 15%;\n      white-space: nowrap;\n      overflow: hidden;\n      text-overflow: ellipsis;\n    }\n\ntd:nth-child(1) details p {\n  font-size: 0.85em;\n}\n\n    td:nth-child(2) {\n      font-size: 0.75em;\n    }\n\ntd:nth-child(3) {\n  font-size: 0.75em;\n  color: grey;\n}\n\n   details summary {\n  font-weight: bold;\n  cursor: pointer;\n  display: flex;\n  align-items: center;\n  gap: 0.5em;\n  color: rgb(53, 47, 71); \/* custom text color *\/\n}\n\ndetails summary::before {\n  content: \"\u25b8\";          \/* closed state *\/\n  font-size: 1.6em;      \/* bigger arrow *\/\n  color: #777;\n  transition: transform 0.2s ease-in-out, color 0.2s ease-in-out;\n  line-height: 1;\n  display: inline-block;\n  width: 1em;            \/* helps align vertically *\/\n}\n\ndetails[open] summary::before {\n  content: \"\u25be\";          \/* open state *\/\n  color: #777;\n}\n  <\/style>\n<\/head>\n\n<body>\n  <table>\n    <thead>\n      <tr>\n        <th>Mise \u00e0 jour<\/th>\n        <th>Type<\/th>\n        <th>Date<\/th>\n      <\/tr>\n    <\/thead>\n    <tbody>\n      <tr>\n        <td>\n          <details>\n            <summary>Statistiques publiques<\/summary>\n            <p>Cet indicateur \u00e9value si le pays met \u00e0 la disposition du public 10 ensembles de donn\u00e9es statistiques sp\u00e9cifiques.<\/p>\n<a href=\"\/fr\/indicator-detail\/#indicator=SI15\"> Aller \u00e0 l&#8217;indicateur &#x2794;<\/a>\n          <\/details>\n        <\/td>\n        <td>INDICATEUR<\/td> \n        <td>03 JUIN 2025<\/td>\n      <\/tr>\n      <tr>\n        <td>\n          <details>\n            <summary>\u00c9change automatique de renseignements<\/summary>\n<p>Cet indicateur \u00e9value si le pays a sign\u00e9 et met effectivement en \u0153uvre l&#8217;accord multilat\u00e9ral entre autorit\u00e9s comp\u00e9tentes (AMCC) appliquant la norme commune de d\u00e9claration (NCD) de l&#8217;OCDE pour l&#8217;\u00e9change de renseignements sur les comptes financiers. Il \u00e9value \u00e9galement l&#8217;AMCA mettant en \u0153uvre le cadre de d\u00e9claration des crypto-actifs (CARF) et l&#8217;AMCA sur les revenus d\u00e9riv\u00e9s de plateformes num\u00e9riques (DPI).<\/p>\n<a href=\"\/fr\/indicator-detail\/#indicator=SI18\"> Aller \u00e0 l&#8217;indicateur &#x2794;<\/a>\n          <\/details>\n        <\/td>\n        <td>INDICATEUR<\/td>\n        <td>03 JUIN 2025<\/td>\n      <\/tr>\n      <tr>\n        <td>\n          <details>\n            <summary> \u00c9change de renseignement sur demande <\/summary>\n<p> Cet indicateur \u00e9value si le pays est devenu partie \u00e0 la Convention modifi\u00e9e du Conseil de l&#8217;Europe et de l&#8217;OCDE concernant l&#8217;assistance administrative mutuelle en mati\u00e8re fiscale, qui permet l&#8217;\u00e9change d&#8217;informations sur demande entre les juridictions participantes.<\/p>\n<a href=\"\/fr\/indicator-detail\/#indicator=SI19\"> Aller \u00e0 l&#8217;indicateur &#x2794;<\/a>\n          <\/details>\n        <\/td>\n        <td>INDICATEUR<\/td>\n        <td>03 JUIN 2025<\/td>\n      <\/tr>\n      <tr>\n        <td>\n          <details>\n            <summary> Coop\u00e9ration juridique internationale <\/summary>\n            <p> Cet indicateur \u00e9value les performances d&#8217;un pays en mati\u00e8re d&#8217;assistance administrative dans le domaine fiscal, au-del\u00e0 de l&#8217;\u00e9change d&#8217;informations, et d\u00e9termine s&#8217;il est partie aux conventions internationales les plus pertinentes sur l&#8217;assistance juridique en mati\u00e8re de corruption et de blanchiment d&#8217;argent. Il \u00e9value \u00e9galement la mise en \u0153uvre pratique de cette coop\u00e9ration juridique conform\u00e9ment aux orientations du Groupe d&#8217;action financi\u00e8re sur le blanchiment de capitaux (GAFI).<\/p>\n<a href=\"\/fr\/indicator-detail\/#indicator=SI20\"> Aller \u00e0 l&#8217;indicateur &#x2794;<\/a>\n          <\/details>\n        <\/td>\n        <td>INDICATEUR<\/td>\n        <td>03 JUIN 2025<\/td>\n      <\/tr>\n      <tr>\n        <td>\n          <details>\n            <summary> Mises \u00e0 jour compl\u00e9mentaires des pays<\/summary>\n            <p> Les mises \u00e0 jour compl\u00e9mentaires des pays sont effectu\u00e9es pour certains pays lorsque nous prenons connaissance de nouvelles donn\u00e9es les concernant avant la mise \u00e0 jour programm\u00e9e des indicateurs qui aurait normalement pris en compte ces donn\u00e9es. Cela inclut les nouvelles informations communiqu\u00e9es par les minist\u00e8res des finances des pays concern\u00e9s ainsi que par d\u2019autres parties prenantes en r\u00e9ponse \u00e0 nos enqu\u00eates et \u00e9valuations.<\/p>\n            <p> R\u00e9sum\u00e9 des identifiants par pays:<\/p>\n<div style=\"font-size: 0.75em;\">\n            <ul>\n<li><a href=\"\/fr\/country-detail\/#jurisdiction_id=BB\" style=\"font-weight: bold;\">Barbados:<\/a> IDs 157, 272, 273, 274, 317, 360, 363, 400, 403, 405, 406, 421, 435, 489, 552, 553, 555, 558, 559.<\/li>\n<li><a href=\"\/fr\/country-detail\/#jurisdiction_id=CZ\" style=\"font-weight: bold;\"> Tch\u00e9quie <\/a>: IDs 157, 158, 188, 189, 201, 272, 273, 274, 317, 360, 363, 400, 403, 404, 405, 406, 414, 415, 416, 418, 420, 421, 435, 437, 439, 487, 488, 489, 552, 553, 555, 558, 559, 561, 562, 563, 564.<\/li>\n<li><a href=\"\/fr\/country-detail\/#jurisdiction_id=EC\" style=\"font-weight: bold;\"> \u00c9quateur <\/a>: IDs 404, 406.<\/li>\n<li><a href=\"\/fr\/country-detail\/#jurisdiction_id=DE\" style=\"font-weight: bold;\"> Allemagne <\/a>: IDs 363, 416, 435, 437, 487, 489, 552, 553, 555, 558, 559.<\/li>\n<li><a href=\"\/fr\/country-detail\/#jurisdiction_id=IE\" style=\"font-weight: bold;\"> Irlande <\/a>: IDs 158, 272, 273, 274, 317, 363, 400, 403, 404, 405, 406, 418, 421, 435, 439, 489, 552, 553, 555, 558, 559, 561, 562, 563, 564.<\/li>\n<li><a href=\"\/fr\/country-detail\/#jurisdiction_id=LI\" style=\"font-weight: bold;\">Liechtenstein<\/a>: IDs 157, 158, 188, 189, 272, 273, 274, 420, 435, 489, 552, 553, 555, 558, 559.<\/li>\n<li><a href=\"\/fr\/country-detail\/#jurisdiction_id=LU\" style=\"font-weight: bold;\">Luxembourg<\/a>: IDs 201, 403, 404, 405, 406, 421, 435, 489, 552, 553, 555, 558, 559.<\/li>\n<li><a href=\"\/fr\/country-detail\/#jurisdiction_id=MT\" style=\"font-weight: bold;\"> Malte <\/a>: IDs 188, 189, 201, 206, 240, 244, 272, 273, 414, 418, 420, 439, 471, 485.<\/li>\n<li><a href=\"\/fr\/country-detail\/#jurisdiction_id=ME\" style=\"font-weight: bold;\"> Mont\u00e9n\u00e9gro <\/a>: IDs 157, 158, 188, 189, 201, 272, 273, 274, 360, 363, 415, 416, 420, 435, 437, 487, 489, 552, 553, 555, 558, 559.<\/li>\n<li><a href=\"\/fr\/country-detail\/#jurisdiction_id=NL\" style=\"font-weight: bold;\"> Pays-Bas <\/a>: IDs 188, 189, 363, 403, 404, 418, 421, 435, 439, 488, 489, 552, 553, 555, 558, 559.<\/li>\n<li><a href=\"\/fr\/country-detail\/#jurisdiction_id=SC\" style=\"font-weight: bold;\">Seychelles<\/a>: IDs 188, 272, 435, 489, 552, 553, 555, 558, 559.<\/li>\n<li><a href=\"\/fr\/country-detail\/#jurisdiction_id=SK\" style=\"font-weight: bold;\"> Slovaquie <\/a>: IDs 188, 189, 201, 435, 489, 552, 553, 555, 558, 559.<\/li>\n<li><a href=\"\/fr\/country-detail\/#jurisdiction_id=TW\" style=\"font-weight: bold;\"> Ta\u00efwan <\/a>: IDs 157, 158, 317, 363, 400, 403, 404, 405, 406, 418, 421, 435, 439, 488, 489, 552, 553, 555, 558, 559.<\/li>\n<li><a href=\"\/fr\/country-detail\/#jurisdiction_id=AE\" style=\"font-weight: bold;\"> \u00c9mirats Arabes Unis <\/a>: IDs 317,363, 400, 403, 404, 405, 406, 435, 489, 552, 553, 555, 558, 559.<\/li>\n<li><a href=\"\/fr\/country-detail\/#jurisdiction_id=US\" style=\"font-weight: bold;\"> \u00c9tats-Unis <\/a>: ID 188.<\/li>\n            <\/ul>\n<\/div>\n          <\/details>\n        <\/td>\n        <td>SUPPL\u00c9MENTAIRE<\/td>\n        <td>03 JUIN 2025<\/td>\n      <\/tr>\n      <tr>\n        <td>\n          <details>\n            <summary> Mises \u00e0 jour suppl\u00e9mentaires des ID<\/summary>\n            <p> Des mises \u00e0 jour suppl\u00e9mentaires sont effectu\u00e9es sur des ID individuelles si nous prenons connaissance de nouvelles donn\u00e9es ou \u00e9volutions affectant les scores de tous les pays sur un ID avant la mise \u00e0 jour programm\u00e9e de cet indicateur, ou si un changement m\u00e9thodologique est apport\u00e9.<\/p>\n\n            <p> R\u00e9sum\u00e9 des ID par indicateur:<\/p>\n<div style=\"font-size: 0.75em;\">\n<b> Examens par les pairs du GAFI<\/b>\n<ul>\n<li><a href=\"\/fr\/indicator-detail\/#indicator=SI01\" style=\"font-weight: bold;\"> Opacit\u00e9 Banquaire <\/a>:  IDs 352, 353, 643.<\/li>\n<li><a href=\"\/fr\/indicator-detail\/#indicator=SI17\" style=\"font-weight: bold;\"> Lutte contre le blanchiment d\u2019argent <\/a>: ID 335<\/li>\n<\/ul>\n\n<b> Disponibilit\u00e9 des informations sur les b\u00e9n\u00e9ficiaires effectifs<\/b>\n<ul>\n<li><a href=\"\/fr\/indicator-detail\/#indicator=SI02\" style=\"font-weight: bold;\"> B\u00e9n\u00e9ficiaires effectifs des trusts <\/a>: ID 214<\/li>\n<li><a href=\"\/fr\/indicator-detail\/#indicator=SI03\" style=\"font-weight: bold;\"> B\u00e9n\u00e9ficiaires effectifs des fondations priv\u00e9es <\/a>: ID 244<\/li>\n<li><a href=\"\/fr\/indicator-detail\/#indicator=SI07\" style=\"font-weight: bold;\"> Transparence des soci\u00e9t\u00e9s en commandite simple (avec responsabilit\u00e9 limit\u00e9e)<\/a>: ID 482.<\/li>\n<li><a href=\"\/fr\/indicator-detail\/#indicator=SI08\" style=\"font-weight: bold;\"> Transparence de la propri\u00e9t\u00e9 des soci\u00e9t\u00e9s <\/a>: ID 474<\/li>\n<\/ul>\n<b> Pour les pays ayant rejoint le CRS depuis 2022<\/b>\n<ul>\n<li> Utilisation de l\u2019LEI dans la Norme Commune de D\u00e9claration (NCD\/CRS): ID 420<\/li>\n<\/ul>\n<\/div>\n\n          <\/details>\n        <\/td>\n        <td>SUPPL\u00c9MENTAIRE<\/td>\n        <td>03 JUIN 2025<\/td>\n      <\/tr>\n            <tr>\n        <td>\n          <details>\n            <summary>Mise \u00e0 jour du poids \u00e0 l&#8217;\u00e9chelle mondiale 2025<\/summary>\n            <p> Mesure le volume des services financiers fournis par une juridiction aux r\u00e9sidents d&#8217;autres pays. Exprim\u00e9 en pourcentage de l&#8217;ensemble des services financiers offshore fournis \u00e0 l&#8217;\u00e9chelle mondiale. Bas\u00e9 sur les donn\u00e9es du FMI.\nNous mettons \u00e0 jour le poids \u00e0 l&#8217;\u00e9chelle Mondiale de tous les pays une fois  par an.<\/p>\n          <\/details>\n        <\/td>\n        <td>GSW<\/td>\n        <td>03 JUIN 2025<\/td>\n      <\/tr>\n      \n    <\/tbody>\n  <\/table>\n<\/body>\n","protected":false},"excerpt":{"rendered":"<p>Indice d\u2019opacit\u00e9 financi\u00e8re Derni\u00e8res mises \u00e0 jour L\u2019indice d\u2019opacit\u00e9 financi\u00e8re est r\u00e9guli\u00e8rement mis \u00e0 jour. Nous mettons \u00e0 jour quelques indicateurs \u00e0 la fois, tous les deux&hellip;<\/p>\n<p> <a class=\"more-link\" href=\"https:\/\/fsi.taxjustice.net\/fr\/latest-updates\/\">Lire la suite<\/a><\/p>\n","protected":false},"author":1,"featured_media":0,"parent":0,"menu_order":0,"comment_status":"closed","ping_status":"closed","template":"","meta":{"inline_featured_image":false,"ub_ctt_via":"","footnotes":""},"class_list":["post-1505","page","type-page","status-publish"],"translation":{"provider":"WPGlobus","version":"3.0.0","language":"fr","enabled_languages":["en","es","fr","pt"],"languages":{"en":{"title":true,"content":true,"excerpt":false},"es":{"title":true,"content":true,"excerpt":false},"fr":{"title":true,"content":true,"excerpt":false},"pt":{"title":true,"content":true,"excerpt":false}}},"featured_image_src":null,"_links":{"self":[{"href":"https:\/\/fsi.taxjustice.net\/fr\/wp-json\/wp\/v2\/pages\/1505","targetHints":{"allow":["GET"]}}],"collection":[{"href":"https:\/\/fsi.taxjustice.net\/fr\/wp-json\/wp\/v2\/pages"}],"about":[{"href":"https:\/\/fsi.taxjustice.net\/fr\/wp-json\/wp\/v2\/types\/page"}],"author":[{"embeddable":true,"href":"https:\/\/fsi.taxjustice.net\/fr\/wp-json\/wp\/v2\/users\/1"}],"replies":[{"embeddable":true,"href":"https:\/\/fsi.taxjustice.net\/fr\/wp-json\/wp\/v2\/comments?post=1505"}],"version-history":[{"count":156,"href":"https:\/\/fsi.taxjustice.net\/fr\/wp-json\/wp\/v2\/pages\/1505\/revisions"}],"predecessor-version":[{"id":3625,"href":"https:\/\/fsi.taxjustice.net\/fr\/wp-json\/wp\/v2\/pages\/1505\/revisions\/3625"}],"wp:attachment":[{"href":"https:\/\/fsi.taxjustice.net\/fr\/wp-json\/wp\/v2\/media?parent=1505"}],"curies":[{"name":"wp","href":"https:\/\/api.w.org\/{rel}","templated":true}]}}