{"id":10,"date":"2021-12-16T14:00:12","date_gmt":"2021-12-16T14:00:12","guid":{"rendered":"https:\/\/fsi.tjn.smallhill.cz\/?page_id=10"},"modified":"2025-06-02T22:40:23","modified_gmt":"2025-06-02T21:40:23","slug":"home","status":"publish","type":"page","link":"https:\/\/fsi.taxjustice.net\/fr\/","title":{"rendered":"Indice d\u2019opacit\u00e9 financi\u00e8re"},"content":{"rendered":"\n<h2 class=\"wp-block-heading has-text-align-center\">Les principaux contributeurs du secret financier \u00e0 l&#8217;\u00e9chelle mondiale<\/h2>\n\n\n<h5 style=\"text-align: center;color: #919191;font-size: 16px;letter-spacing: 0px;text-transform: uppercase;, sans-serif;font-weight: Bold;line-height: 10px\" class=\"ub_advanced_heading wp-block-ub-advanced-heading\" id=\"ub-advanced-heading-3195b743-c773-423b-b5b0-f0ed8dcba995\" data-blockid=\"3195b743-c773-423b-b5b0-f0ed8dcba995\">Derni\u00e8re mise \u00e0 jour le 3 juin 2025<\/h5>\n\n\n<div style=\"height:30px\" aria-hidden=\"true\" class=\"wp-block-spacer\"><\/div>\n\n\n\n<div style=\"text-align:end;margin-right:-20px;margin-bottom:1em;\">\n  <tjn-scoring-selector><\/tjn-scoring-selector>\n<\/div>\n\n\n\n<div style=\"background-color:#fff;padding:0px;margin: 0 -20px;border-radius:8px;overflow: hidden;\">\n  <tjn-country-ranking detail_url=\"\/fr\/country-detail\/\" scoring_id=\"168\" limit=\"10\" lang=\"fr\"><\/tjn-country-ranking>\n<\/div>\n\n\n\n<div style=\"height:20px\" aria-hidden=\"true\" class=\"wp-block-spacer\"><\/div>\n\n\n<div style=\"gap: ;\" class=\"align-button-center ub-buttons orientation-button-row ub-flex-wrap wp-block-ub-button\" id=\"ub-button-79076dd3-11ec-472a-92c0-133946f822da\"><div class=\"ub-button-container\">\n\t\t\t<a href=\"\/fr\/full-list\" target=\"_self\" rel=\"noopener noreferrer  \" class=\"ub-button-block-main ub-button-medium   ub-button-flex-medium\" role=\"button\" style=\"--ub-button-background-color: transparent; --ub-button-color: #2e4e33; --ub-button-border: 3px solid #2e4e33; --ub-button-hover-color: #919191; --ub-button-hover-border: 3px solid #919191; border-top-left-radius: 0px;; border-top-right-radius: 0px;; border-bottom-left-radius: 0px;; border-bottom-right-radius: 0px;; \">\n\t\t\t\t<div class=\"ub-button-content-holder\" style=\"flex-direction: row-reverse\">\n\t\t\t\t\t<span class=\"ub-button-block-btn\"><strong>VOIR LA LIST COMPL<strong>\u00c8<\/strong>TE  \u2794<\/strong><\/span>\n\t\t\t\t<\/div>\n\t\t\t<\/a>\n\t\t<\/div><\/div>\n\n\n<div style=\"height:30px\" aria-hidden=\"true\" class=\"wp-block-spacer\"><\/div>\n\n\n\n<div class=\"full-width-section-normal\">\n<div class=\"narrowcontent\">\n\n\n\n<h1 class=\"wp-block-heading has-text-align-center page-title-content\">M\u00e9thodologie<\/h1>\n\n\n\n<h2 class=\"wp-block-heading has-text-align-center smaller\">Deux raisons principales de la complicit\u00e9 dans l\u2019opacit\u00e9 financi\u00e8re<\/h2>\n\n\n\n<p>L&#8217;indice de secret financier est un classement des pays qui contribuent le plus \u00e0 aider les particuliers \u00e0 dissimuler leurs finances \u00e0 la justice. L&#8217;indice \u00e9value la marge de man\u0153uvre laiss\u00e9e par les lois et r\u00e9glementations d&#8217;un pays en mati\u00e8re de secret financier &#8211; c&#8217;est le &#8220;Score d\u2019opacit\u00e9&#8221; du pays. L&#8217;indice surveille \u00e9galement le volume des services financiers fournis par le pays aux r\u00e9sidents d&#8217;autres pays &#8211; c&#8217;est le &#8220;poids \u00e0 l&#8217;\u00e9chelle mondiale&#8221; du pays.<\/p>\n\n\n\n<p>Ces deux facteurs sont ensuite combin\u00e9s pour d\u00e9terminer le r\u00f4le jou\u00e9 par le pays dans la facilitation du secret financier \u00e0 l&#8217;\u00e9chelle mondiale &#8211; c&#8217;est la &#8220;valeur du FSI&#8221; du pays et c&#8217;est sur cette base que le pays est class\u00e9.<\/p>\n\n\n<div class=\"wp-block-ub-content-toggle wp-block-ub-content-toggle-block\" id=\"ub-content-toggle-block-4e09772b-3e0e-4e72-a9b6-b1247aad80ef\" data-mobilecollapse=\"true\" data-desktopcollapse=\"true\" data-preventcollapse=\"false\" data-showonlyone=\"false\">\n<div class=\"wp-block-ub-content-toggle-accordion\" style=\"border-color: #ede7e0;\" id=\"ub-content-toggle-panel-block-\">\n\t\t\t<div class=\"wp-block-ub-content-toggle-accordion-title-wrap\" style=\"background-color: #ede7e0;\" aria-controls=\"ub-content-toggle-panel-0-4e09772b-3e0e-4e72-a9b6-b1247aad80ef\" tabindex=\"0\">\n\t\t\t<h4 class=\"wp-block-ub-content-toggle-accordion-title ub-content-toggle-title-4e09772b-3e0e-4e72-a9b6-b1247aad80ef\" style=\"color: #000000; \">Voir plus de d\u00e9tails<\/h4>\n\t\t\t<div class=\"wp-block-ub-content-toggle-accordion-toggle-wrap left\" style=\"color: #000000;\"><span class=\"wp-block-ub-content-toggle-accordion-state-indicator wp-block-ub-chevron-down\"><\/span><\/div>\n\t\t<\/div>\n\t\t\t<div role=\"region\" aria-expanded=\"false\" class=\"wp-block-ub-content-toggle-accordion-content-wrap ub-hide\" id=\"ub-content-toggle-panel-0-4e09772b-3e0e-4e72-a9b6-b1247aad80ef\">\n\n<div class=\"wp-block-group wide-padding has-white-background-color has-background is-vertical is-layout-flex wp-container-core-group-is-layout-1 wp-block-group-is-layout-flex\">\n<h3 class=\"wp-block-heading\">Comment l&#8217;indice classe les pays<\/h3>\n\n\n\n<p>L&#8217;Indice d&#8217;Opacit\u00e9 Financi\u00e8re \u00e9value minutieusement les lois des juridictions et surveille le volume des services financiers fournis par celles-ci aux r\u00e9sidents d&#8217;autres pays, afin de dresser un tableau clair des plus grands facilitateurs d&#8217;opacit\u00e9 financi\u00e8re sur les soci\u00e9t\u00e9s dans le monde.<\/p>\n\n\n\n<p><\/p>\n\n\n\n<h4 class=\"wp-block-heading\">Score d&#8217;opacit\u00e9<\/h4>\n\n\n\n<p>Mesure la marge de man\u0153uvre laiss\u00e9e par les lois et r\u00e9glementations de la juridiction en mati\u00e8re d&#8217;opacit\u00e9 financi\u00e8re, qu&#8217;ils soient intentionnels ou non. Les scores vont de 0 (aucune marge de man\u0153uvre pour l\u2019opacit\u00e9 financi\u00e8re) \u00e0 100 (marge de man\u0153uvre illimit\u00e9e pour l\u2019opacit\u00e9 financi\u00e8re). L&#8217;\u00e9valuation se fait sur la base de plus de 100 questions r\u00e9parties en 20 indicateurs.<\/p>\n\n\n\n<div class=\"wp-block-media-text is-stacked-on-mobile\" style=\"grid-template-columns:38% auto\"><figure class=\"wp-block-media-text__media\"><img fetchpriority=\"high\" decoding=\"async\" width=\"710\" height=\"150\" src=\"https:\/\/fsi-2025.dev.taxjustice.net\/wp-content\/uploads\/2025\/05\/SecrecyScoreHigh.png\" alt=\"\" class=\"wp-image-3461 size-full\" srcset=\"https:\/\/fsi.taxjustice.net\/wp-content\/uploads\/2025\/05\/SecrecyScoreHigh.png 710w, https:\/\/fsi.taxjustice.net\/wp-content\/uploads\/2025\/05\/SecrecyScoreHigh-300x63.png 300w\" sizes=\"(max-width: 710px) 100vw, 710px\" \/><\/figure><div class=\"wp-block-media-text__content\">\n<p class=\"has-small-font-size\">Score \u00e9lev\u00e9 = la l\u00e9gislation de la juridiction laisse beaucoup de place au secret financier<\/p>\n<\/div><\/div>\n\n\n\n<div class=\"wp-block-media-text is-stacked-on-mobile\" style=\"grid-template-columns:38% auto\"><figure class=\"wp-block-media-text__media\"><img decoding=\"async\" width=\"711\" height=\"151\" src=\"https:\/\/fsi-2025.dev.taxjustice.net\/wp-content\/uploads\/2025\/05\/SecrecyScoreLow.png\" alt=\"\" class=\"wp-image-3462 size-full\" srcset=\"https:\/\/fsi.taxjustice.net\/wp-content\/uploads\/2025\/05\/SecrecyScoreLow.png 711w, https:\/\/fsi.taxjustice.net\/wp-content\/uploads\/2025\/05\/SecrecyScoreLow-300x64.png 300w\" sizes=\"(max-width: 711px) 100vw, 711px\" \/><\/figure><div class=\"wp-block-media-text__content\">\n<p class=\"has-small-font-size\">Score faible = la l\u00e9gislation de la juridiction laisse peu de place au secret financier<\/p>\n<\/div><\/div>\n\n\n\n<p><\/p>\n\n\n\n<h4 class=\"wp-block-heading\">Le poids \u00e0 l&#8217;\u00e9chelle mondiale<\/h4>\n\n\n\n<p>Mesure le volume des services financiers fournis par une juridiction aux r\u00e9sidents d&#8217;autres pays. Exprim\u00e9 en pourcentage de l&#8217;ensemble des services financiers offshore fournis \u00e0 l&#8217;\u00e9chelle mondiale. Bas\u00e9 sur les donn\u00e9es du FMI.<\/p>\n\n\n\n<div class=\"wp-block-media-text is-stacked-on-mobile has-small-font-size\" style=\"grid-template-columns:15% auto\"><figure class=\"wp-block-media-text__media\"><img decoding=\"async\" width=\"496\" height=\"492\" src=\"https:\/\/fsi-2025.dev.taxjustice.net\/wp-content\/uploads\/2025\/05\/GlobalScaleWeight.png\" alt=\"\" class=\"wp-image-3459 size-full\" srcset=\"https:\/\/fsi.taxjustice.net\/wp-content\/uploads\/2025\/05\/GlobalScaleWeight.png 496w, https:\/\/fsi.taxjustice.net\/wp-content\/uploads\/2025\/05\/GlobalScaleWeight-300x298.png 300w, https:\/\/fsi.taxjustice.net\/wp-content\/uploads\/2025\/05\/GlobalScaleWeight-150x150.png 150w\" sizes=\"(max-width: 496px) 100vw, 496px\" \/><\/figure><div class=\"wp-block-media-text__content\">\n<p>La juridiction fournit 1,2 % des services financiers offshore mondiaux<\/p>\n<\/div><\/div>\n\n\n\n<p><\/p>\n\n\n\n<h4 class=\"wp-block-heading\">Valeur de l&#8217;indice d&#8217;Opacit\u00e9 Financi\u00e8re (Valeur du FSI)<\/h4>\n\n\n\n<p>Combine le score d\u2019opacit\u00e9 et le poids de l&#8217;\u00e9chelle mondiale pour d\u00e9terminer l&#8217;importance du r\u00f4le jou\u00e9 par la juridiction dans la facilitation d\u2019opacit\u00e9 financi\u00e8re \u00e0 l&#8217;\u00e9chelle mondiale. Les juridictions sont class\u00e9es dans l&#8217;indice en fonction de cette valeur.<\/p>\n\n\n\n<div class=\"wp-block-media-text is-stacked-on-mobile\" style=\"grid-template-columns:38% auto\"><figure class=\"wp-block-media-text__media\"><img loading=\"lazy\" decoding=\"async\" width=\"709\" height=\"151\" src=\"https:\/\/fsi-2025.dev.taxjustice.net\/wp-content\/uploads\/2025\/05\/FSIValueHigh.png\" alt=\"\" class=\"wp-image-3463 size-full\" srcset=\"https:\/\/fsi.taxjustice.net\/wp-content\/uploads\/2025\/05\/FSIValueHigh.png 709w, https:\/\/fsi.taxjustice.net\/wp-content\/uploads\/2025\/05\/FSIValueHigh-300x64.png 300w\" sizes=\"(max-width: 709px) 100vw, 709px\" \/><\/figure><div class=\"wp-block-media-text__content\">\n<p class=\"has-small-font-size\">Valeur \u00e9lev\u00e9e = grande contribution au secret financier<\/p>\n<\/div><\/div>\n\n\n\n<div class=\"wp-block-media-text is-stacked-on-mobile\" style=\"grid-template-columns:38% auto\"><figure class=\"wp-block-media-text__media\"><img loading=\"lazy\" decoding=\"async\" width=\"712\" height=\"151\" src=\"https:\/\/fsi-2025.dev.taxjustice.net\/wp-content\/uploads\/2025\/05\/FSIValueLow.png\" alt=\"\" class=\"wp-image-3464 size-full\" srcset=\"https:\/\/fsi.taxjustice.net\/wp-content\/uploads\/2025\/05\/FSIValueLow.png 712w, https:\/\/fsi.taxjustice.net\/wp-content\/uploads\/2025\/05\/FSIValueLow-300x64.png 300w\" sizes=\"(max-width: 712px) 100vw, 712px\" \/><\/figure><div class=\"wp-block-media-text__content\">\n<p class=\"has-small-font-size\">Faible valeur = faible contribution au secret financier<\/p>\n<\/div><\/div>\n\n\n\n<p><\/p>\n\n\n\n<h4 class=\"wp-block-heading\">Part de l&#8217;indice d&#8217;Opacit\u00e9 Financi\u00e8re (Part du FSI)<\/h4>\n\n\n\n<p>Mesure la part de l&#8217;ensemble d\u2019opacit\u00e9 financi\u00e8re activ\u00e9 dans le monde entier dont la juridiction est responsable. Calcul\u00e9 en divisant la valeur du FSI de la juridiction par la somme des valeurs du FSI de toutes les juridictions.<\/p>\n\n\n\n<div class=\"wp-block-media-text is-stacked-on-mobile has-small-font-size\" style=\"grid-template-columns:15% auto\"><figure class=\"wp-block-media-text__media\"><img loading=\"lazy\" decoding=\"async\" width=\"497\" height=\"493\" src=\"https:\/\/fsi-2025.dev.taxjustice.net\/wp-content\/uploads\/2025\/05\/FSIShare.png\" alt=\"\" class=\"wp-image-3460 size-full\" srcset=\"https:\/\/fsi.taxjustice.net\/wp-content\/uploads\/2025\/05\/FSIShare.png 497w, https:\/\/fsi.taxjustice.net\/wp-content\/uploads\/2025\/05\/FSIShare-300x298.png 300w, https:\/\/fsi.taxjustice.net\/wp-content\/uploads\/2025\/05\/FSIShare-150x150.png 150w\" sizes=\"(max-width: 497px) 100vw, 497px\" \/><\/figure><div class=\"wp-block-media-text__content\">\n<p>Permet 1,6 % du secret financier au niveau mondial<\/p>\n<\/div><\/div>\n<\/div>\n\n\n\n<div style=\"height:30px\" aria-hidden=\"true\" class=\"wp-block-spacer\"><\/div>\n\n\n<div style=\"gap: 20px;\" class=\"align-button-center ub-buttons orientation-button-row ub-flex-wrap wp-block-ub-button\" id=\"ub-button-dd5c2a83-a8a4-4e96-aecd-3333e2a49a63\"><div class=\"ub-button-container\">\n\t\t\t<a href=\"\/wp-content\/uploads\/2025\/06\/2025-06-FSIMethodology8.0.pdf\" target=\"_blank\" rel=\"noopener noreferrer  \" class=\"ub-button-block-main ub-button-medium   ub-button-flex-medium\" role=\"button\" style=\"--ub-button-background-color: #2e4e33; --ub-button-color: #ffffff; --ub-button-border: none; --ub-button-hover-background-color: #50805e; --ub-button-hover-color: #ffffff; --ub-button-hover-border: none; border-top-left-radius: 5px;; border-top-right-radius: 5px;; border-bottom-left-radius: 5px;; border-bottom-right-radius: 5px;; \">\n\t\t\t\t<div class=\"ub-button-content-holder\" style=\"flex-direction: row-reverse\">\n\t\t\t\t\t<span class=\"ub-button-block-btn\"><strong><strong>T\u00e9l\u00e9charger la m\u00e9thodologie<\/strong> PDF<\/strong> <strong>\u2197<\/strong><\/span>\n\t\t\t\t<\/div>\n\t\t\t<\/a>\n\t\t<\/div><\/div>\n<\/div>\n\t\t<\/div>\n<\/div>\n\n\n<\/div>\n<\/div>\n<div class=\"full-width-section-light\">\n<div class=\"slidercontent\">\n<h1 class=\"wp-block-heading has-text-align-center page-title-content\">Derni\u00e8res mises \u00e0 jour<\/h1>\n<h2 class=\"wp-block-heading has-text-align-center smaller\">Le point de vue du r\u00e9dacteur en chef<\/h2>\n\n<\/div>\n<\/div>\n\n\n\n<div class=\"full-width-section-normal\">\n<div class=\"slidercontent\">\n<h1 class=\"wp-block-heading has-text-align-center page-title-content\">Citations de l&#8217;index<\/h1>\n<h2 class=\"wp-block-heading has-text-align-center smaller\">Les donn\u00e9es en action<\/h2>\n<p class=\"leader-text\">L\u2019indice d\u2019opacit\u00e9 financi\u00e8re est utilis\u00e9 par les gouvernements, les organismes internationaux, les journalistes, les universitaires et les activistes pour mieux comprendre et combattre l\u2019opacit\u00e9 financi\u00e8re au niveau mondial.<\/p>\n\n<\/div>\n<\/div>\n","protected":false},"excerpt":{"rendered":"<p>Les principaux contributeurs du secret financier \u00e0 l&#8217;\u00e9chelle mondiale M\u00e9thodologie Deux raisons principales de la complicit\u00e9 dans l\u2019opacit\u00e9 financi\u00e8re L&#8217;indice de secret financier est un classement des&hellip;<\/p>\n<p> <a class=\"more-link\" href=\"https:\/\/fsi.taxjustice.net\/fr\/\">Lire la suite<\/a><\/p>\n","protected":false},"author":1,"featured_media":0,"parent":0,"menu_order":0,"comment_status":"closed","ping_status":"closed","template":"","meta":{"inline_featured_image":false,"ub_ctt_via":"","footnotes":""},"class_list":["post-10","page","type-page","status-publish"],"translation":{"provider":"WPGlobus","version":"3.0.0","language":"fr","enabled_languages":["en","es","fr","pt"],"languages":{"en":{"title":true,"content":true,"excerpt":false},"es":{"title":true,"content":true,"excerpt":false},"fr":{"title":true,"content":true,"excerpt":false},"pt":{"title":true,"content":true,"excerpt":false}}},"featured_image_src":null,"_links":{"self":[{"href":"https:\/\/fsi.taxjustice.net\/fr\/wp-json\/wp\/v2\/pages\/10","targetHints":{"allow":["GET"]}}],"collection":[{"href":"https:\/\/fsi.taxjustice.net\/fr\/wp-json\/wp\/v2\/pages"}],"about":[{"href":"https:\/\/fsi.taxjustice.net\/fr\/wp-json\/wp\/v2\/types\/page"}],"author":[{"embeddable":true,"href":"https:\/\/fsi.taxjustice.net\/fr\/wp-json\/wp\/v2\/users\/1"}],"replies":[{"embeddable":true,"href":"https:\/\/fsi.taxjustice.net\/fr\/wp-json\/wp\/v2\/comments?post=10"}],"version-history":[{"count":481,"href":"https:\/\/fsi.taxjustice.net\/fr\/wp-json\/wp\/v2\/pages\/10\/revisions"}],"predecessor-version":[{"id":3631,"href":"https:\/\/fsi.taxjustice.net\/fr\/wp-json\/wp\/v2\/pages\/10\/revisions\/3631"}],"wp:attachment":[{"href":"https:\/\/fsi.taxjustice.net\/fr\/wp-json\/wp\/v2\/media?parent=10"}],"curies":[{"name":"wp","href":"https:\/\/api.w.org\/{rel}","templated":true}]}}