{"id":3350,"date":"2025-05-30T09:41:02","date_gmt":"2025-05-30T08:41:02","guid":{"rendered":"https:\/\/fsi-2025.dev.taxjustice.net\/?page_id=3350"},"modified":"2025-06-02T22:48:16","modified_gmt":"2025-06-02T21:48:16","slug":"about-the-index","status":"publish","type":"page","link":"https:\/\/fsi.taxjustice.net\/es\/about-the-index\/","title":{"rendered":"Acerca del \u00edndice"},"content":{"rendered":"\n<h2 class=\"wp-block-heading has-text-align-center\">Hoy en d\u00eda hay el doble de riqueza oculta en guaridas fiscales que todos los d\u00f3lares y euros en circulaci\u00f3n<\/h2>\n\n\n\n<p class=\"has-text-align-center leader-text\">Cuando la riqueza se oculta en guaridas fiscales, se oculta al imperio de la ley. Esto incrementa el abuso fiscal y la delincuencia, y socava nuestros derechos humanos y nuestras democracias.<\/p>\n\n\n\n<div class=\"full-width-section-normal\">\n<div class=\"narrowcontent\">\n\n\n\n<div class=\"wp-block-cover\" style=\"min-height:180px;aspect-ratio:unset;\"><span aria-hidden=\"true\" class=\"wp-block-cover__background has-background-dim-0 has-background-dim\"><\/span><img fetchpriority=\"high\" decoding=\"async\" width=\"1024\" height=\"397\" class=\"wp-block-cover__image-background wp-image-2360\" alt=\"Image of green dollar bills\" src=\"https:\/\/fsi-2025.dev.taxjustice.net\/wp-content\/uploads\/2025\/05\/Dollar_Bills-1024x397.png\" data-object-fit=\"cover\" srcset=\"https:\/\/fsi.taxjustice.net\/wp-content\/uploads\/2025\/05\/Dollar_Bills-1024x397.png 1024w, https:\/\/fsi.taxjustice.net\/wp-content\/uploads\/2025\/05\/Dollar_Bills-300x116.png 300w, https:\/\/fsi.taxjustice.net\/wp-content\/uploads\/2025\/05\/Dollar_Bills-768x298.png 768w, https:\/\/fsi.taxjustice.net\/wp-content\/uploads\/2025\/05\/Dollar_Bills.png 1406w\" sizes=\"(max-width: 1024px) 100vw, 1024px\" \/><div class=\"wp-block-cover__inner-container is-layout-constrained wp-block-cover-is-layout-constrained\">\n<h2 class=\"wp-block-heading has-text-align-center has-white-color has-text-color has-link-color has-medium-font-size wp-elements-6c811f5f1daa6ccb5e006852997dbd88\"><strong>Cu\u00e1les son los pa\u00edses m\u00e1s responsables del secreto financiero y qu\u00e9 podemos hacer al respecto? Justo esto es lo que pretende responder el \u00cdndice de Secreto Financiero.<\/strong><\/h2>\n<\/div><\/div>\n\n\n\n<p>La mayor\u00eda de la gente piensa que las guaridas fiscales son peque\u00f1as islas rodeadas de palmeras. Pero el \u00cdndice de Secreto Financiero muestra que las guaridas fiscales m\u00e1s perjudiciales son algunas de las mayores econom\u00edas del mundo y sus territorios dependientes. De hecho, todos los pa\u00edses permiten el abuso fiscal global en distinto grado, por lo que todos los pa\u00edses tienen la responsabilidad de reforzar sus leyes contra ello y para ello pueden beneficiarse del \u00cdndice de Secreto Financiero.<\/p>\n\n\n\n<\/div>\n<\/div>\n<div class=\"full-width-section-light\">\n<div class=\"narrowcontent\">\n\n\n\n<h1 class=\"wp-block-heading has-text-align-center page-title-content\">El c\u00f3mo<\/h1>\n\n\n\n<h2 class=\"wp-block-heading has-text-align-center smaller\">Metodolog\u00eda del \u00edndice<\/h2>\n\n\n\n<p class=\"has-text-align-center leader-text\">Actualizamos peri\u00f3dicamente la metodolog\u00eda del \u00cdndice de Screto Financiero para hacer frente a la naturaleza cambiante de las pr\u00e1cticas de secreto financiero a nivel global, de forma similar a como se actualiza peri\u00f3dicamente un cortafuegos para protegerse de las nuevas vulnerabilidades expuestas.<\/p>\n\n\n\n<div style=\"height:5px\" aria-hidden=\"true\" class=\"wp-block-spacer\"><\/div>\n\n\n<div style=\"gap: 20px;\" class=\"align-button-center ub-buttons orientation-button-row ub-flex-wrap wp-block-ub-button\" id=\"ub-button-b6ef74c5-1ddd-46fe-b669-3259161f9676\"><div class=\"ub-button-container\">\n\t\t\t<a href=\"\/wp-content\/uploads\/2025\/06\/2025-06-FSIMethodology8.0.pdf\" target=\"_blank\" rel=\"noopener noreferrer  \" class=\"ub-button-block-main ub-button-medium   ub-button-flex-medium\" role=\"button\" style=\"--ub-button-background-color: #2e4e33; --ub-button-color: #ffffff; --ub-button-border: none; --ub-button-hover-background-color: #50805e; --ub-button-hover-color: #ffffff; --ub-button-hover-border: none; border-top-left-radius: 5px;; border-top-right-radius: 5px;; border-bottom-left-radius: 5px;; border-bottom-right-radius: 5px;; \">\n\t\t\t\t<div class=\"ub-button-content-holder\" style=\"flex-direction: row-reverse\">\n\t\t\t\t\t<span class=\"ub-button-block-btn\"><strong>Descargar Metodolog\u00eda en PDF<\/strong> <strong>\u2197<\/strong><\/span>\n\t\t\t\t<\/div>\n\t\t\t<\/a>\n\t\t<\/div><\/div>\n\n\n<div style=\"height:15px\" aria-hidden=\"true\" class=\"wp-block-spacer\"><\/div>\n\n\n\n<div class=\"wp-block-group wide-padding has-white-background-color has-background is-vertical is-layout-flex wp-container-core-group-is-layout-1 wp-block-group-is-layout-flex\">\n<h3 class=\"wp-block-heading\">C\u00f3mo clasifica el \u00edndice a los pa\u00edses<\/h3>\n\n\n\n<p>El \u00cdndice de Secreto Financiero eval\u00faa exhaustivamente las leyes de las jurisdicciones y supervisa el volumen de servicios financieros que estas prestan a los residentes de otras jurisdicciones, para crear una imagen clara de los mayores facilitadores mundiales de secreto financiero.<\/p>\n\n\n\n<p><\/p>\n\n\n\n<h4 class=\"wp-block-heading\">Puntaje de secreto financiero<\/h4>\n\n\n\n<p>Mide el margen de maniobra que ofrecen las leyes y normativas de la jurisdicci\u00f3n para el secreto financiero, ya sea intencionado o no. Los puntajes van del 0 (sin margen para el secreto financiero) al 100 (margen ilimitado para el secreto financiero). Se eval\u00faa a partir de m\u00e1s de 100 preguntas organizadas en 20 indicadores.<\/p>\n\n\n\n<div class=\"wp-block-media-text is-stacked-on-mobile\" style=\"grid-template-columns:38% auto\"><figure class=\"wp-block-media-text__media\"><img decoding=\"async\" width=\"710\" height=\"150\" src=\"https:\/\/fsi-2025.dev.taxjustice.net\/wp-content\/uploads\/2025\/05\/SecrecyScoreHigh.png\" alt=\"\" class=\"wp-image-3461 size-full\" srcset=\"https:\/\/fsi.taxjustice.net\/wp-content\/uploads\/2025\/05\/SecrecyScoreHigh.png 710w, https:\/\/fsi.taxjustice.net\/wp-content\/uploads\/2025\/05\/SecrecyScoreHigh-300x63.png 300w\" sizes=\"(max-width: 710px) 100vw, 710px\" \/><\/figure><div class=\"wp-block-media-text__content\">\n<p class=\"has-small-font-size\">Puntaje alto = las leyes de la jurisdicci\u00f3n dejan mucho margen para el secreto financiero<\/p>\n<\/div><\/div>\n\n\n\n<div class=\"wp-block-media-text is-stacked-on-mobile has-small-font-size\" style=\"grid-template-columns:38% auto\"><figure class=\"wp-block-media-text__media\"><img decoding=\"async\" width=\"711\" height=\"151\" src=\"https:\/\/fsi-2025.dev.taxjustice.net\/wp-content\/uploads\/2025\/05\/SecrecyScoreLow.png\" alt=\"\" class=\"wp-image-3462 size-full\" srcset=\"https:\/\/fsi.taxjustice.net\/wp-content\/uploads\/2025\/05\/SecrecyScoreLow.png 711w, https:\/\/fsi.taxjustice.net\/wp-content\/uploads\/2025\/05\/SecrecyScoreLow-300x64.png 300w\" sizes=\"(max-width: 711px) 100vw, 711px\" \/><\/figure><div class=\"wp-block-media-text__content\">\n<p>Puntaje bajo = las leyes de la jurisdicci\u00f3n dejan poco margen para el secreto financiero<\/p>\n<\/div><\/div>\n\n\n\n<h4 class=\"wp-block-heading\">Peso a nivel global<\/h4>\n\n\n\n<p>Mide la cantidad de servicios financieros que una jurisdicci\u00f3n presta a los residentes de otras jurisdicciones. Se presenta como porcentaje del total de servicios financieros extraterritoriales prestados a nivel mundial. Basado en datos del FMI.<\/p>\n\n\n\n<div class=\"wp-block-media-text is-stacked-on-mobile\" style=\"grid-template-columns:15% auto\"><figure class=\"wp-block-media-text__media\"><img loading=\"lazy\" decoding=\"async\" width=\"496\" height=\"492\" src=\"https:\/\/fsi-2025.dev.taxjustice.net\/wp-content\/uploads\/2025\/05\/GlobalScaleWeight.png\" alt=\"\" class=\"wp-image-3459 size-full\" srcset=\"https:\/\/fsi.taxjustice.net\/wp-content\/uploads\/2025\/05\/GlobalScaleWeight.png 496w, https:\/\/fsi.taxjustice.net\/wp-content\/uploads\/2025\/05\/GlobalScaleWeight-300x298.png 300w, https:\/\/fsi.taxjustice.net\/wp-content\/uploads\/2025\/05\/GlobalScaleWeight-150x150.png 150w\" sizes=\"(max-width: 496px) 100vw, 496px\" \/><\/figure><div class=\"wp-block-media-text__content\">\n<p class=\"has-small-font-size\">La jurisdicci\u00f3n proporciona el 1,2 % de los servicios financieros extraterritoriales a nivel mundial<\/p>\n<\/div><\/div>\n\n\n\n<p><\/p>\n\n\n\n<h4 class=\"wp-block-heading\">Valor del \u00edndice de Secreto Financiero (Valor FSI)<\/h4>\n\n\n\n<p>Combina el Puntaje de secreto financiero y el peso a nivel global para determinar la importancia de la jurisdicci\u00f3n a la hora de permitir el secreto financiero a nivel global. Las jurisdicciones se clasifican en el \u00edndice en funci\u00f3n de este valor.<\/p>\n\n\n\n<div class=\"wp-block-media-text is-stacked-on-mobile\" style=\"grid-template-columns:38% auto\"><figure class=\"wp-block-media-text__media\"><img loading=\"lazy\" decoding=\"async\" width=\"709\" height=\"151\" src=\"https:\/\/fsi-2025.dev.taxjustice.net\/wp-content\/uploads\/2025\/05\/FSIValueHigh.png\" alt=\"\" class=\"wp-image-3463 size-full\" srcset=\"https:\/\/fsi.taxjustice.net\/wp-content\/uploads\/2025\/05\/FSIValueHigh.png 709w, https:\/\/fsi.taxjustice.net\/wp-content\/uploads\/2025\/05\/FSIValueHigh-300x64.png 300w\" sizes=\"(max-width: 709px) 100vw, 709px\" \/><\/figure><div class=\"wp-block-media-text__content\">\n<p class=\"has-small-font-size\">Alto valor = gran facilitador del secreto financiero<\/p>\n<\/div><\/div>\n\n\n\n<div class=\"wp-block-media-text is-stacked-on-mobile\" style=\"grid-template-columns:38% auto\"><figure class=\"wp-block-media-text__media\"><img loading=\"lazy\" decoding=\"async\" width=\"712\" height=\"151\" src=\"https:\/\/fsi-2025.dev.taxjustice.net\/wp-content\/uploads\/2025\/05\/FSIValueLow.png\" alt=\"\" class=\"wp-image-3464 size-full\" srcset=\"https:\/\/fsi.taxjustice.net\/wp-content\/uploads\/2025\/05\/FSIValueLow.png 712w, https:\/\/fsi.taxjustice.net\/wp-content\/uploads\/2025\/05\/FSIValueLow-300x64.png 300w\" sizes=\"(max-width: 712px) 100vw, 712px\" \/><\/figure><div class=\"wp-block-media-text__content\">\n<p class=\"has-small-font-size\">Poco valor = peque\u00f1o facilitador del secreto financiero<\/p>\n<\/div><\/div>\n\n\n\n<p><\/p>\n\n\n\n<h4 class=\"wp-block-heading\">Cuota del \u00edndice de Secreto Financiero (Cuota FSI)<\/h4>\n\n\n\n<p>Mide qu\u00e9 parte de todo el secreto financiero global permitido en todo el mundo es responsabilidad de la jurisdicci\u00f3n. Se calcula dividiendo el valor FSI de la jurisdicci\u00f3n entre la suma de los valores FSI de todas las jurisdicciones.<\/p>\n\n\n\n<div class=\"wp-block-media-text is-stacked-on-mobile\" style=\"grid-template-columns:15% auto\"><figure class=\"wp-block-media-text__media\"><img loading=\"lazy\" decoding=\"async\" width=\"497\" height=\"493\" src=\"https:\/\/fsi-2025.dev.taxjustice.net\/wp-content\/uploads\/2025\/05\/FSIShare.png\" alt=\"\" class=\"wp-image-3460 size-full\" srcset=\"https:\/\/fsi.taxjustice.net\/wp-content\/uploads\/2025\/05\/FSIShare.png 497w, https:\/\/fsi.taxjustice.net\/wp-content\/uploads\/2025\/05\/FSIShare-300x298.png 300w, https:\/\/fsi.taxjustice.net\/wp-content\/uploads\/2025\/05\/FSIShare-150x150.png 150w\" sizes=\"(max-width: 497px) 100vw, 497px\" \/><\/figure><div class=\"wp-block-media-text__content\">\n<p class=\"has-small-font-size\">Permite el 1,6% del secreto financiero a nivel mundial<\/p>\n<\/div><\/div>\n<\/div>\n\n\n\n<\/div>\n<\/div>\n<div class=\"full-width-section-normal\">\n<div class=\"narrowcontent\">\n\n\n\n<h1 class=\"wp-block-heading has-text-align-center page-title-content\">Actualizaci\u00f3n continua<\/h1>\n\n\n\n<h2 class=\"wp-block-heading has-text-align-center smaller\">C\u00f3mo actualizamos nuestra data<\/h2>\n\n\n\n<p class=\"has-text-align-center leader-text\">Actualizamos continuamente el \u00cdndice de Secreto Financiero. Evaluamos las leyes y normativas de los pa\u00edses en funci\u00f3n de m\u00e1s de 100 preguntas, que organizamos en 20 indicadores.<\/p>\n\n\n\n<div class=\"wp-block-group wide-padding has-white-background-color has-background is-vertical is-layout-flex wp-container-core-group-is-layout-2 wp-block-group-is-layout-flex\">\n<p>Actualizamos unos cuantos indicadores a la vez, cada pocos meses, recorriendo todos los indicadores por tandas a lo largo de nuestro ciclo de actualizaci\u00f3n. Todos los cambios normativos que se nos comuniquen en relaci\u00f3n con los indicadores que no est\u00e9n en cola para la siguiente actualizaci\u00f3n de nuestro ciclo, se publican antes del ciclo como parte de la siguiente actualizaci\u00f3n. Estos cambios se publican como &#8220;actualizaciones suplementarias&#8221; junto con nuestras &#8220;actualizaciones de indicadores&#8221; en cola. Esta flexibilidad nos permite captar los cambios en el \u00cdndice de Secreto Financiero sin tener que esperar a que nuestro ciclo de actualizaci\u00f3n llegue al indicador afectado.<\/p>\n\n\n\n<p>El Puntaje de secreto financiero de los pa\u00edses -que se basan en los 20 indicadores- se actualiza cada vez que publicamos actualizaciones de indicadores y suplementarias.<\/p>\n\n\n\n<p>Junto con los indicadores, actualizamos una vez al a\u00f1o el Peso a nivel global de los pa\u00edses, que se calculan en las clasificaciones de los pa\u00edses.<\/p>\n\n\n\n<p>Antes de 2025, el \u00cdndice de Secreto Financiero se actualizaba cada dos a\u00f1os. Todos los indicadores se actualizaban al mismo tiempo como parte de cada actualizaci\u00f3n bienal del \u00edndice. La nueva base de actualizaci\u00f3n continua nos permite captar los cambios m\u00e1s cerca del momento en que se producen y ofrecer una visi\u00f3n m\u00e1s din\u00e1mica del papel de los pa\u00edses en el secreto financiero mundial. Compartimos nuestras evaluaciones con todos los pa\u00edses del \u00cdndice de Secreto Financiero antes de publicarlas, dando a cada pa\u00eds la oportunidad de comprobar nuestras evaluaciones y consultar cualquier discrepancia. Si un pa\u00eds aporta pruebas suficientes para modificar una evaluaci\u00f3n que hemos realizado, actualizamos la evaluaci\u00f3n para reflejar la evidencia.<\/p>\n<\/div>\n\n\n\n<div style=\"height:30px\" aria-hidden=\"true\" class=\"wp-block-spacer\"><\/div>\n\n\n\n<\/div>\n<\/div>\n<div class=\"full-width-section-light\">\n<div class=\"slidercontent\">\n<h1 class=\"wp-block-heading has-text-align-center page-title-content\">La imagen completa<\/h1>\n<h2 class=\"wp-block-heading has-text-align-center smaller\">\u00cdndice de Secreto Financiero vs <br \\> \u00cdndice de Guaridas Fiscales Corporativas<\/h2>\n<p class=\"leader-text\">Dos tercios de los abusos fiscales que se producen cada a\u00f1o en todo el mundo suelen ser cometidos por empresas multinacionales que trasladan sus beneficios a guaridas fiscales. El resto lo cometen particulares que ocultan sus finanzas en guaridas fiscales. Tax Justice Network elabora dos \u00edndices para hacer un seguimiento a estas dos vertientes del abuso fiscal mundial.<\/p>\n\n<\/div>\n<\/div>\n\n\n\n<div class=\"full-width-section-normal\">\n<div class=\"slidercontent\">\n<h1 class=\"wp-block-heading has-text-align-center page-title-content\">Citas del \u00cdndice<\/h1>\n<h2 class=\"wp-block-heading has-text-align-center smaller\">Datos en acci\u00f3n<\/h2>\n<p class=\"leader-text\">El \u00cdndice de Secreto Financiero es utilizado por gobiernos, organismos internacionales, periodistas, acad\u00e9micos y activistas para comprender mejor y atajar el secreto financiero mundial.<\/p>\n\n<\/div>\n<\/div>\n","protected":false},"excerpt":{"rendered":"<p>Hoy en d\u00eda hay el doble de riqueza oculta en guaridas fiscales que todos los d\u00f3lares y euros en circulaci\u00f3n Cuando la riqueza se oculta en guaridas&hellip;<\/p>\n<p> <a class=\"more-link\" href=\"https:\/\/fsi.taxjustice.net\/es\/about-the-index\/\">Leer m\u00e1s<\/a><\/p>\n","protected":false},"author":1,"featured_media":0,"parent":0,"menu_order":0,"comment_status":"closed","ping_status":"closed","template":"","meta":{"inline_featured_image":false,"ub_ctt_via":"","footnotes":""},"class_list":["post-3350","page","type-page","status-publish"],"translation":{"provider":"WPGlobus","version":"3.0.0","language":"es","enabled_languages":["en","es","fr","pt"],"languages":{"en":{"title":true,"content":true,"excerpt":false},"es":{"title":true,"content":true,"excerpt":false},"fr":{"title":true,"content":true,"excerpt":false},"pt":{"title":true,"content":true,"excerpt":false}}},"featured_image_src":null,"_links":{"self":[{"href":"https:\/\/fsi.taxjustice.net\/es\/wp-json\/wp\/v2\/pages\/3350","targetHints":{"allow":["GET"]}}],"collection":[{"href":"https:\/\/fsi.taxjustice.net\/es\/wp-json\/wp\/v2\/pages"}],"about":[{"href":"https:\/\/fsi.taxjustice.net\/es\/wp-json\/wp\/v2\/types\/page"}],"author":[{"embeddable":true,"href":"https:\/\/fsi.taxjustice.net\/es\/wp-json\/wp\/v2\/users\/1"}],"replies":[{"embeddable":true,"href":"https:\/\/fsi.taxjustice.net\/es\/wp-json\/wp\/v2\/comments?post=3350"}],"version-history":[{"count":34,"href":"https:\/\/fsi.taxjustice.net\/es\/wp-json\/wp\/v2\/pages\/3350\/revisions"}],"predecessor-version":[{"id":3633,"href":"https:\/\/fsi.taxjustice.net\/es\/wp-json\/wp\/v2\/pages\/3350\/revisions\/3633"}],"wp:attachment":[{"href":"https:\/\/fsi.taxjustice.net\/es\/wp-json\/wp\/v2\/media?parent=3350"}],"curies":[{"name":"wp","href":"https:\/\/api.w.org\/{rel}","templated":true}]}}