{"id":1509,"date":"2025-03-24T13:59:55","date_gmt":"2025-03-24T13:59:55","guid":{"rendered":"https:\/\/fsi-2025.dev.taxjustice.net\/?page_id=1509"},"modified":"2025-06-02T23:22:19","modified_gmt":"2025-06-02T22:22:19","slug":"indicator-profiles","status":"publish","type":"page","link":"https:\/\/fsi.taxjustice.net\/es\/indicator-profiles\/","title":{"rendered":"Perfiles de los indicadores"},"content":{"rendered":"\n<h2 class=\"wp-block-heading has-text-align-center\">Explorar por indicador<\/h2>\n\n\n\n<p class=\"has-text-align-center leader-text\">Para evaluar la eficacia de un pa\u00eds a la hora de prevenir el secreto financiero, utilizamos 20 indicadores de secreto en cuatro \u00e1reas clave.<\/p>\n\n\n\n<div class=\"wp-block-group wide-padding has-white-background-color has-background is-vertical is-layout-flex wp-container-core-group-is-layout-1 wp-block-group-is-layout-flex\">\n<h3 class=\"wp-block-heading has-text-align-left subtitlecolour-1 has-text-color has-link-color wp-elements-4e9fb0eb86fbc5451e5c04dc61aad1f2\" id=\"1-asset-and-ownership-registration-\" style=\"color:#c27136\">Registro de bienes y de la titularidad<\/h3>\n\n\n\n<p>Los pa\u00edses dejan la puerta abierta a delincuentes cuando permiten que beneficiarios y beneficiarias finales -las personas reales de carne y hueso que en \u00faltima instancia son propietarias de una sociedad de capital, sociedad en comandita simple, fideicomiso o fundaci\u00f3n- permanezcan invisibles. Con el objetivo de esclarecer la titularidad y el uso de los activos, esta categor\u00eda eval\u00faa el secreto bancario y los requisitos para que los veh\u00edculos legales, los bienes inmuebles y los puertos francos registren p\u00fablicamente y mantengan actualizados a sus beneficiarios y beneficiarias finales ante una autoridad gubernamental.<\/p>\n\n\n\n<p class=\"indicatorlink-1\"><a href=\"\/es\/indicator-detail\/#indicator=SI01\">Secreto bancario \u2192<\/a><\/p>\n\n\n\n<p class=\"indicatorlink-1\"><a href=\"\/es\/indicator-detail\/#indicator=SI02\">Beneficiarios finales de fideicomisos \u2192<\/a><\/p>\n\n\n\n<p class=\"indicatorlink-1\"><a href=\"\/es\/indicator-detail\/#indicator=SI03\">Beneficiarios finales de fundaciones \u2192<\/a><\/p>\n\n\n\n<p class=\"indicatorlink-1\"><a href=\"\/es\/indicator-detail\/#indicator=SI04\">Beneficiaros finales de sociedades de capital \u2192<\/a><\/p>\n\n\n\n<p class=\"indicatorlink-1\"><a href=\"\/es\/indicator-detail\/#indicator=SI05\">Titularidad en zonas francas \u2192<\/a><\/p>\n\n\n\n<p class=\"indicatorlink-1\"><a href=\"\/es\/indicator-detail\/#indicator=SI06\">Titularidad de bienes inmuebles \u2192<\/a><\/p>\n<\/div>\n\n\n\n<div style=\"height:50px\" aria-hidden=\"true\" class=\"wp-block-spacer\"><\/div>\n\n\n\n<div class=\"wp-block-group wide-padding has-white-background-color has-background is-vertical is-layout-flex wp-container-core-group-is-layout-2 wp-block-group-is-layout-flex\">\n<h3 class=\"wp-block-heading has-text-align-left subtitlecolour-2 has-text-color has-link-color wp-elements-5a5da28a95693e855e4d34c7876601cc\" id=\"8-legal-entity-transparency-\" style=\"color:#c27136\">Transparencia de la entidad jur\u00eddica&nbsp;<\/h3>\n\n\n\n<p>Los pa\u00edses facilitan a beneficiarios y beneficiarias finales -las personas de carne y hueso que en \u00faltima instancia son propietarias de una sociedad de capital, sociedad en comandita simple, fideicomiso o fundaci\u00f3n- la divulgaci\u00f3n de informaci\u00f3n inexacta cuando los datos de titularidad no son accesibles p\u00fablicamente en l\u00ednea y se ocultan del escrutinio p\u00fablico. Esta categor\u00eda eval\u00faa si los pa\u00edses ponen a disposici\u00f3n del p\u00fablico en l\u00ednea, a bajo coste o gratuitamente, datos clave sobre transparencia, como la titularidad real, la informaci\u00f3n por pa\u00edses y los n\u00fameros de identificaci\u00f3n de entidades jur\u00eddicas, para fomentar la rendici\u00f3n p\u00fablica de cuentas.<\/p>\n\n\n\n<p class=\"indicatorlink-2\"><a href=\"\/es\/indicator-detail\/#indicator=SI07\">Transparencia de las sociedades en comandita simple \u2192<\/a>&nbsp;<\/p>\n\n\n\n<p class=\"indicatorlink-2\"><a href=\"\/es\/indicator-detail\/#indicator=SI08\">Transparencia de titularidad de sociedades de capital \u2192<\/a><\/p>\n\n\n\n<p class=\"indicatorlink-2\"><a href=\"\/es\/indicator-detail\/#indicator=SI09\">Transparencia de estados contables de las sociedades de capital \u2192<\/a><\/p>\n\n\n\n<p class=\"indicatorlink-2\"><a href=\"\/es\/indicator-detail\/#indicator=SI10\">Informes p\u00fablicos desglosados por pa\u00edses \u2192<\/a><\/p>\n\n\n\n<p class=\"indicatorlink-2\"><a href=\"\/es\/indicator-detail\/#indicator=SI11\">Identificador global de entidad jur\u00eddica (LEI) \u2192<\/a><\/p>\n<\/div>\n\n\n\n<div style=\"height:50px\" aria-hidden=\"true\" class=\"wp-block-spacer\"><\/div>\n\n\n\n<div class=\"wp-block-group wide-padding has-white-background-color has-background is-vertical is-layout-flex wp-container-core-group-is-layout-3 wp-block-group-is-layout-flex\">\n<h3 class=\"wp-block-heading has-text-align-left subtitlecolour-3 has-text-color has-link-color wp-elements-6d0da4d2961f408469e83f49228e4756\" id=\"8-legal-entity-transparency-\" style=\"color:#c27136\">Integridad de la normativa fiscal y financiera<\/h3>\n\n\n\n<p>Los pa\u00edses invitan al abuso fiscal cuando sus administraciones tributarias carecen de la capacidad, los conocimientos y los medios para hacer cumplir las leyes fiscales y aplicar una cultura de cumplimiento del marco jur\u00eddico. Esta categor\u00eda eval\u00faa la capacidad de las administraciones tributarias para abordar cuestiones fiscales complejas, y si los pa\u00edses gravan los ingresos de sus residentes en el extranjero y permiten la compra de residencia a cambio de inversi\u00f3n. Tambi\u00e9n eval\u00faa en qu\u00e9 medida el pa\u00eds obliga a publicar los acuerdos fiscales y los contratos de las industrias extractivas.<\/p>\n\n\n\n<p class=\"indicatorlink-3\"><a href=\"\/es\/indicator-detail\/#indicator=SI12\">Enfoque en el cumplimiento tributario \u2192<\/a>&nbsp;<\/p>\n\n\n\n<p class=\"indicatorlink-3\"><a href=\"\/es\/indicator-detail\/#indicator=SI13\">Visas de oro \u2192<\/a><\/p>\n\n\n\n<p class=\"indicatorlink-3\"><a href=\"\/es\/indicator-detail\/#indicator=SI14\">Rentas de inversi\u00f3n extranjera \u2192<\/a><\/p>\n\n\n\n<p class=\"indicatorlink-3\"><a href=\"\/es\/indicator-detail\/#indicator=SI15\">Estad\u00edsticas p\u00fablicas \u2192<\/a><\/p>\n\n\n\n<p class=\"indicatorlink-3\"><a href=\"\/es\/indicator-detail\/#indicator=SI16\">Acuerdos fiscales y contratos de las industrias extractivas \u2192<\/a><\/p>\n<\/div>\n\n\n\n<div style=\"height:50px\" aria-hidden=\"true\" class=\"wp-block-spacer\"><\/div>\n\n\n\n<div class=\"wp-block-group wide-padding has-white-background-color has-background is-vertical is-layout-flex wp-container-core-group-is-layout-4 wp-block-group-is-layout-flex\">\n<h3 class=\"wp-block-heading has-text-align-left subtitlecolour-4 has-text-color has-link-color wp-elements-980764aa0ed6a5d5eb748df8531667ae\" id=\"8-legal-entity-transparency-\" style=\"color:#c27136\">Normas internacionales y cooperaci\u00f3n<\/h3>\n\n\n\n<p>Los pa\u00edses pueden proporcionar a los veh\u00edculos legales y a las personas naturales muchos medios para ocultar sus asuntos financieros cuando no intercambian informaci\u00f3n relevante con otros pa\u00edses y no se adhieren a convenios y acuerdos internacionales para mejorar la cooperaci\u00f3n en asuntos judiciales y fiscales. Esta categor\u00eda eval\u00faa la adhesi\u00f3n de los pa\u00edses a los mecanismos de cooperaci\u00f3n y a los convenios internacionales que pretenden esclarecer los asuntos financieros y atajar la corrupci\u00f3n y el blanqueo de dinero.<\/p>\n\n\n\n<p class=\"indicatorlink-4\"><a href=\"\/es\/indicator-detail\/#indicator=SI17\">Prevenci\u00f3n del lavado de dinero \u2192<\/a>&nbsp;<\/p>\n\n\n\n<p class=\"indicatorlink-4\"><a href=\"\/es\/indicator-detail\/#indicator=SI18\">Intercambio autom\u00e1tico de informaci\u00f3n \u2192<\/a><\/p>\n\n\n\n<p class=\"indicatorlink-4\"><a href=\"\/es\/indicator-detail\/#indicator=SI19\">Intercambio de informaci\u00f3n a solicitud \u2192<\/a><\/p>\n\n\n\n<p class=\"indicatorlink-4\"><a href=\"\/es\/indicator-detail\/#indicator=SI20\">Cooperaci\u00f3n legal internacional \u2192<\/a><\/p>\n<\/div>\n\n\n\n<p><\/p>\n","protected":false},"excerpt":{"rendered":"<p>Explorar por indicador Para evaluar la eficacia de un pa\u00eds a la hora de prevenir el secreto financiero, utilizamos 20 indicadores de secreto en cuatro \u00e1reas clave.&hellip;<\/p>\n<p> <a class=\"more-link\" href=\"https:\/\/fsi.taxjustice.net\/es\/indicator-profiles\/\">Leer m\u00e1s<\/a><\/p>\n","protected":false},"author":1,"featured_media":0,"parent":0,"menu_order":0,"comment_status":"closed","ping_status":"closed","template":"","meta":{"inline_featured_image":false,"ub_ctt_via":"","footnotes":""},"class_list":["post-1509","page","type-page","status-publish"],"translation":{"provider":"WPGlobus","version":"3.0.0","language":"es","enabled_languages":["en","es","fr","pt"],"languages":{"en":{"title":true,"content":true,"excerpt":false},"es":{"title":true,"content":true,"excerpt":false},"fr":{"title":true,"content":true,"excerpt":false},"pt":{"title":true,"content":true,"excerpt":false}}},"featured_image_src":null,"_links":{"self":[{"href":"https:\/\/fsi.taxjustice.net\/es\/wp-json\/wp\/v2\/pages\/1509","targetHints":{"allow":["GET"]}}],"collection":[{"href":"https:\/\/fsi.taxjustice.net\/es\/wp-json\/wp\/v2\/pages"}],"about":[{"href":"https:\/\/fsi.taxjustice.net\/es\/wp-json\/wp\/v2\/types\/page"}],"author":[{"embeddable":true,"href":"https:\/\/fsi.taxjustice.net\/es\/wp-json\/wp\/v2\/users\/1"}],"replies":[{"embeddable":true,"href":"https:\/\/fsi.taxjustice.net\/es\/wp-json\/wp\/v2\/comments?post=1509"}],"version-history":[{"count":176,"href":"https:\/\/fsi.taxjustice.net\/es\/wp-json\/wp\/v2\/pages\/1509\/revisions"}],"predecessor-version":[{"id":3651,"href":"https:\/\/fsi.taxjustice.net\/es\/wp-json\/wp\/v2\/pages\/1509\/revisions\/3651"}],"wp:attachment":[{"href":"https:\/\/fsi.taxjustice.net\/es\/wp-json\/wp\/v2\/media?parent=1509"}],"curies":[{"name":"wp","href":"https:\/\/api.w.org\/{rel}","templated":true}]}}