{"id":1505,"date":"2025-03-24T13:54:10","date_gmt":"2025-03-24T13:54:10","guid":{"rendered":"https:\/\/fsi-2025.dev.taxjustice.net\/?page_id=1505"},"modified":"2025-06-02T22:25:25","modified_gmt":"2025-06-02T21:25:25","slug":"latest-updates","status":"publish","type":"page","link":"https:\/\/fsi.taxjustice.net\/es\/latest-updates\/","title":{"rendered":"\u00daltimas actualizaciones"},"content":{"rendered":"\n<h1 class=\"wp-block-heading has-text-align-center page-title\">\u00cdndice de Secreto Financiero<\/h1>\n\n\n\n<h2 class=\"wp-block-heading has-text-align-center\">\u00daltimas actualizaciones<\/h2>\n\n\n\n<p class=\"has-text-align-center leader-text\">El \u00cdndice de Secreto Financiero se actualiza continuamente. Actualizamos unos cuantos indicadores a la vez, cada pocos meses, recorriendo todos los indicadores a lo largo de nuestro ciclo de actualizaci\u00f3n. Los datos del Peso a Nivel Global se actualizan anualmente. Se realizan actualizaciones suplementarias si se dispone de nuevos datos antes de la actualizaci\u00f3n en cola de un indicador en el ciclo.<\/p>\n\n\n\n<head>\n  <meta charset=\"UTF-8\">\n  <title>Latest Updates<\/title>\n  <style>\n    body {\n      background-color: #FFFFFF;\n    }\n\n    table {\n      width: 80%;\n      border-collapse: collapse;\n      background-color: #FFFFFF;\n      margin: 20px auto;\n    }\n\nth {\n  border: none;\n  padding: 10px;\n  text-align: left;\n  vertical-align: top;\n}\n\ntd {\n  border: none;\n  border-bottom: 1px solid #e0e0e0; \/* light grey lines between rows *\/\n  padding: 10px;\n  text-align: left;\n  vertical-align: top;\n}\n\nthead tr {\n  background-color: #fafafa;\n  border-bottom: 1px solid #777; \/* strong dark grey line under header *\/\n}\n\n    thead tr {\n      background-color: #fafafa;\n    }\n\n    th:nth-child(2),\n    th:nth-child(3),\n    td:nth-child(2),\n    td:nth-child(3) {\n      width: 15%;\n      white-space: nowrap;\n      overflow: hidden;\n      text-overflow: ellipsis;\n    }\n\ntd:nth-child(1) details p {\n  font-size: 0.85em;\n}\n\n    td:nth-child(2) {\n      font-size: 0.75em;\n    }\n\ntd:nth-child(3) {\n  font-size: 0.75em;\n  color: grey;\n}\n\n   details summary {\n  font-weight: bold;\n  cursor: pointer;\n  display: flex;\n  align-items: center;\n  gap: 0.5em;\n  color: rgb(53, 47, 71); \/* custom text color *\/\n}\n\ndetails summary::before {\n  content: \"\u25b8\";          \/* closed state *\/\n  font-size: 1.6em;      \/* bigger arrow *\/\n  color: #777;\n  transition: transform 0.2s ease-in-out, color 0.2s ease-in-out;\n  line-height: 1;\n  display: inline-block;\n  width: 1em;            \/* helps align vertically *\/\n}\n\ndetails[open] summary::before {\n  content: \"\u25be\";          \/* open state *\/\n  color: #777;\n}\n  <\/style>\n<\/head>\n\n<body>\n  <table>\n    <thead>\n      <tr>\n        <th>Actualizaci\u00f3n<\/th>\n        <th>Tipo<\/th>\n        <th>Fecha<\/th>\n      <\/tr>\n    <\/thead>\n    <tbody>\n      <tr>\n        <td>\n          <details>\n            <summary>Estad\u00edsticas p\u00fablicas<\/summary>\n            <p>Este indicador eval\u00faa si el pa\u00eds pone a disposici\u00f3n del p\u00fablico 10 conjuntos de datos estad\u00edsticos espec\u00edficos.<\/p>\n<a href=\"\/es\/indicator-detail\/#indicator=SI15\"> Ir al indicador &#x2794;<\/a>\n          <\/details>\n        <\/td>\n        <td>INDICADOR<\/td>\n        <td>3 DE JUNIO DE 2025<\/td>\n      <\/tr>\n      <tr>\n        <td>\n          <details>\n            <summary> Intercambio autom\u00e1tico de informaci\u00f3n <\/summary>\n<p> Este indicador eval\u00faa si el pa\u00eds ha firmado y est\u00e1 aplicando efectivamente el Acuerdo Multilateral entre Autoridades Competentes (AMAC) que aplica el Estandar Com\u00fan de Reporte (ECR) de la OCDE para el intercambio de informaci\u00f3n sobre cuentas financieras. Tambi\u00e9n eval\u00faa el AMAC que implementa el Marco de Informaci\u00f3n sobre Criptoactivos (CARF, por sus siglas en ingl\u00e9s) y el AMAC sobre Rentas Derivadas de Plataformas Digitales (DPI, por sus siglas en ingl\u00e9s). <\/p>\n <a href=\"\/es\/indicator-detail\/#indicator=SI18\">Ir al indicador &#x2794;<\/a>\n          <\/details>\n        <\/td>\n        <td>INDICADOR<\/td>\n        <td>3 DE JUNIO DE 2025<\/td>\n      <\/tr>\n      <tr>\n        <td>\n          <details>\n            <summary> Intercambio de informaci\u00f3n a solicitud<\/summary>\n<p> Este indicador eval\u00faa si el pa\u00eds se ha adherido a la versi\u00f3n modificada del Convenio sobre Asistencia Administrativa Mutua en Materia Fiscal del Consejo de Europa y la OCDE, que permite el intercambio de informaci\u00f3n a solicitud entre las jurisdicciones participantes. <\/p>\n<a href=\"\/es\/indicator-detail\/#indicator=SI19\">Ir al indicador &#x2794;<\/a>\n          <\/details>\n        <\/td>\n        <td>INDICADOR<\/td>\n        <td>3 DE JUNIO DE 2025<\/td>\n      <\/tr>\n      <tr>\n        <td>\n          <details>\n            <summary> Cooperaci\u00f3n legal internacional <\/summary>\n            <p> Este indicador eval\u00faa la actuaci\u00f3n de un pa\u00eds en materia de asistencia administrativa en asuntos fiscales m\u00e1s all\u00e1 del intercambio de informaci\u00f3n y si es parte en los convenios internacionales m\u00e1s relevantes sobre asistencia legal en materia de corrupci\u00f3n y blanqueo de capitales. Tambi\u00e9n eval\u00faa la aplicaci\u00f3n pr\u00e1ctica de esta cooperaci\u00f3n legal en consonancia con las recomendaciones del Grupo de Acci\u00f3n Financiera Internacional (GAFI).<\/p>\n<a href=\"\/es\/indicator-detail\/#indicator=SI20\">Ir al indicador &#x2794;<\/a>\n          <\/details>\n        <\/td>\n        <td>INDICADOR<\/td>\n        <td>3 DE JUNIO DE 2025<\/td>\n      <\/tr>\n      <tr>\n        <td>\n          <details>\n            <summary>Actualizaciones suplementarias por pa\u00edses <\/summary>\n            <p> Las actualizaciones suplementarias de pa\u00edses se realizan para pa\u00edses individuales si tenemos conocimiento de nuevos datos para un pa\u00eds antes de la actualizaci\u00f3n de indicadores en cola que normalmente habr\u00edan capturado tales datos. Esto incluye la evidencia que nos es compartida por los ministerios de finanzas u otras partes interesadas en respuesta a nuestras encuestas y evaluaciones.<\/p>\n            <p> Resumen de IDs por pa\u00eds:<\/p>\n<div style=\"font-size: 0.75em;\">\n            <ul>\n<li><a href=\"\/es\/country-detail\/#jurisdiction_id=BB\" style=\"font-weight: bold;\">Barbados:<\/a> IDs 157, 272, 273, 274, 317, 360, 363, 400, 403, 405, 406, 421, 435, 489, 552, 553, 555, 558, 559.<\/li>\n<li><a href=\"\/es\/country-detail\/#jurisdiction_id=CZ\" style=\"font-weight: bold;\">Chequia <\/a>: IDs 157, 158, 188, 189, 201, 272, 273, 274, 317, 360, 363, 400, 403, 404, 405, 406, 414, 415, 416, 418, 420, 421, 435, 437, 439, 487, 488, 489, 552, 553, 555, 558, 559, 561, 562, 563, 564.<\/li>\n<li><a href=\"\/es\/country-detail\/#jurisdiction_id=EC\" style=\"font-weight: bold;\">Ecuador<\/a>: IDs 404, 406.<\/li>\n<li><a href=\"\/es\/country-detail\/#jurisdiction_id=DE\" style=\"font-weight: bold;\">Alemania<\/a>: IDs 363, 416, 435, 437, 487, 489, 552, 553, 555, 558, 559.<\/li>\n<li><a href=\"\/es\/country-detail\/#jurisdiction_id=IE\" style=\"font-weight: bold;\">Irlanda <\/a>: IDs 158, 272, 273, 274, 317, 363, 400, 403, 404, 405, 406, 418, 421, 435, 439, 489, 552, 553, 555, 558, 559, 561, 562, 563, 564.<\/li>\n<li><a href=\"\/es\/country-detail\/#jurisdiction_id=LI\" style=\"font-weight: bold;\">Liechtenstein<\/a>: IDs 157, 158, 188, 189, 272, 273, 274, 420, 435, 489, 552, 553, 555, 558, 559.<\/li>\n<li><a href=\"\/es\/country-detail\/#jurisdiction_id=LU\" style=\"font-weight: bold;\"> Luxemburgo<\/a>: IDs 201, 403, 404, 405, 406, 421, 435, 489, 552, 553, 555, 558, 559.<\/li>\n<li><a href=\"\/es\/country-detail\/#jurisdiction_id=MT\" style=\"font-weight: bold;\">Malta<\/a>: IDs 188, 189, 201, 206, 240, 244, 272, 273, 414, 418, 420, 439, 471, 485.<\/li>\n<li><a href=\"\/es\/country-detail\/#jurisdiction_id=ME\" style=\"font-weight: bold;\">Montenegro<\/a>: IDs 157, 158, 188, 189, 201, 272, 273, 274, 360, 363, 415, 416, 420, 435, 437, 487, 489, 552, 553, 555, 558, 559.<\/li>\n<li><a href=\"\/es\/country-detail\/#jurisdiction_id=NL\" style=\"font-weight: bold;\"> Pa\u00edses Bajos<\/a>: IDs 188, 189, 363, 403, 404, 418, 421, 435, 439, 488, 489, 552, 553, 555, 558, 559.<\/li>\n<li><a href=\"\/es\/country-detail\/#jurisdiction_id=SC\" style=\"font-weight: bold;\">Seychelles<\/a>: IDs 188, 272, 435, 489, 552, 553, 555, 558, 559.<\/li>\n<li><a href=\"\/es\/country-detail\/#jurisdiction_id=SK\" style=\"font-weight: bold;\">Eslovaquia<\/a>: IDs 188, 189, 201, 435, 489, 552, 553, 555, 558, 559.<\/li>\n<li><a href=\"\/es\/country-detail\/#jurisdiction_id=TW\" style=\"font-weight: bold;\">Taiwan<\/a>: IDs 157, 158, 317, 363, 400, 403, 404, 405, 406, 418, 421, 435, 439, 488, 489, 552, 553, 555, 558, 559.<\/li>\n<li><a href=\"\/es\/country-detail\/#jurisdiction_id=AE\" style=\"font-weight: bold;\">Emiratos \u00c1rabes Unidos<\/a>: IDs 317,363, 400, 403, 404, 405, 406, 435, 489, 552, 553, 555, 558, 559.<\/li>\n<li><a href=\"\/es\/country-detail\/#jurisdiction_id=US\" style=\"font-weight: bold;\"> Estados Unidos <\/a>: ID 188.<\/li>\n            <\/ul>\n<\/div>\n          <\/details>\n        <\/td>\n        <td>SUPLEMENTARIO<\/td>\n        <td>3 DE JUNIO DE 2025<\/td>\n      <\/tr>\n      <tr>\n        <td>\n          <details>\n            <summary>Actualizaciones suplementarias de IDs<\/summary>\n            <p> Las actualizaciones suplementarias de IDs se realizan para IDs individuales si tenemos conocimiento de nuevos datos o desarrollos que afectan a los puntajes de todos los pa\u00edses en un ID antes de la actualizaci\u00f3n de indicadores en cola para tal ID, o si un cambio metodol\u00f3gico es hecho.<\/p>\n            <p>Resumen de IDs por indicadores:<\/p>\n<div style=\"font-size: 0.75em;\">\n<b> Revisi\u00f3n de pares del GAFI <\/b>\n<ul>\n<li><a href=\"\/es\/indicator-detail\/#indicator=SI01\" style=\"font-weight: bold;\">\tSecreto bancario<\/a>:  IDs 352, 353, 643.<\/li>\n<li><a href=\"\/es\/indicator-detail\/#indicator=SI17\" style=\"font-weight: bold;\">Prevenci\u00f3n del lavado de dinero<\/a>: ID 335<\/li>\n<\/ul>\n\n<b>Accesibilidad de informaci\u00f3n del beneficiario final<\/b>\n<ul>\n<li><a href=\"\/es\/indicator-detail\/#indicator=SI02\" style=\"font-weight: bold;\">Beneficiario final de fideicomisos<\/a>: ID 214<\/li>\n<li><a href=\"\/es\/indicator-detail\/#indicator=SI03\" style=\"font-weight: bold;\">Beneficiario final de fundaciones<\/a>: ID 244<\/li>\n<li><a href=\"\/es\/indicator-detail\/#indicator=SI07\" style=\"font-weight: bold;\">Transparencia de las sociedades en comandita simple<\/a>: ID 482.<\/li>\n<li><a href=\"\/es\/indicator-detail\/#indicator=SI08\" style=\"font-weight: bold;\">Transparencia de titularidad de sociedades de capital<\/a>: ID 474<\/li>\n<\/ul>\n<b> Pa\u00edses que se unieron al Est\u00e1ndar Com\u00fan de Reporte desde 2022<\/b>\n<ul>\n<li>Identificador global de entidad jur\u00eddica: ID 420<\/li>\n<\/ul>\n<\/div>\n\n          <\/details>\n        <\/td>\n        <td>SUPLEMENTARIO<\/td>\n        <td>3 DE JUNIO DE 2025<\/td>\n      <\/tr>\n            <tr>\n        <td>\n          <details>\n            <summary> Peso a nivel global actualizaci\u00f3n 2025<\/summary>\n            <p> Mide la cantidad de servicios financieros que una jurisdicci\u00f3n  presta a los residentes de otras jurisdicciones. Se presenta como porcentaje del total de servicios financieros extraterritoriales prestados a nivel mundial. Basado en datos del FMI.\nActualizamos una vez al a\u00f1o la ponderaci\u00f3n peso a nivel global de todos los pa\u00edses.<\/p>\n          <\/details>\n        <\/td>\n        <td>GSW<\/td>\n        <td>3 DE JUNIO DE 2025<\/td>\n      <\/tr>\n      \n    <\/tbody>\n  <\/table>\n<\/body>\n","protected":false},"excerpt":{"rendered":"<p>\u00cdndice de Secreto Financiero \u00daltimas actualizaciones El \u00cdndice de Secreto Financiero se actualiza continuamente. Actualizamos unos cuantos indicadores a la vez, cada pocos meses, recorriendo todos los&hellip;<\/p>\n<p> <a class=\"more-link\" href=\"https:\/\/fsi.taxjustice.net\/es\/latest-updates\/\">Leer m\u00e1s<\/a><\/p>\n","protected":false},"author":1,"featured_media":0,"parent":0,"menu_order":0,"comment_status":"closed","ping_status":"closed","template":"","meta":{"inline_featured_image":false,"ub_ctt_via":"","footnotes":""},"class_list":["post-1505","page","type-page","status-publish"],"translation":{"provider":"WPGlobus","version":"3.0.0","language":"es","enabled_languages":["en","es","fr","pt"],"languages":{"en":{"title":true,"content":true,"excerpt":false},"es":{"title":true,"content":true,"excerpt":false},"fr":{"title":true,"content":true,"excerpt":false},"pt":{"title":true,"content":true,"excerpt":false}}},"featured_image_src":null,"_links":{"self":[{"href":"https:\/\/fsi.taxjustice.net\/es\/wp-json\/wp\/v2\/pages\/1505","targetHints":{"allow":["GET"]}}],"collection":[{"href":"https:\/\/fsi.taxjustice.net\/es\/wp-json\/wp\/v2\/pages"}],"about":[{"href":"https:\/\/fsi.taxjustice.net\/es\/wp-json\/wp\/v2\/types\/page"}],"author":[{"embeddable":true,"href":"https:\/\/fsi.taxjustice.net\/es\/wp-json\/wp\/v2\/users\/1"}],"replies":[{"embeddable":true,"href":"https:\/\/fsi.taxjustice.net\/es\/wp-json\/wp\/v2\/comments?post=1505"}],"version-history":[{"count":156,"href":"https:\/\/fsi.taxjustice.net\/es\/wp-json\/wp\/v2\/pages\/1505\/revisions"}],"predecessor-version":[{"id":3625,"href":"https:\/\/fsi.taxjustice.net\/es\/wp-json\/wp\/v2\/pages\/1505\/revisions\/3625"}],"wp:attachment":[{"href":"https:\/\/fsi.taxjustice.net\/es\/wp-json\/wp\/v2\/media?parent=1505"}],"curies":[{"name":"wp","href":"https:\/\/api.w.org\/{rel}","templated":true}]}}