{"id":10,"date":"2021-12-16T14:00:12","date_gmt":"2021-12-16T14:00:12","guid":{"rendered":"https:\/\/fsi.tjn.smallhill.cz\/?page_id=10"},"modified":"2025-06-02T22:40:23","modified_gmt":"2025-06-02T21:40:23","slug":"home","status":"publish","type":"page","link":"https:\/\/fsi.taxjustice.net\/es\/","title":{"rendered":"\u00cdndice de Secreto Financiero"},"content":{"rendered":"\n<h2 class=\"wp-block-heading has-text-align-center\">Los mayores facilitadores mundiales del secreto financiero<\/h2>\n\n\n<h5 style=\"text-align: center;color: #919191;font-size: 16px;letter-spacing: 0px;text-transform: uppercase;, sans-serif;font-weight: Bold;line-height: 10px\" class=\"ub_advanced_heading wp-block-ub-advanced-heading\" id=\"ub-advanced-heading-1b04a3e4-5c65-4043-8cbe-f3a54a0c481b\" data-blockid=\"1b04a3e4-5c65-4043-8cbe-f3a54a0c481b\">\u00daltima actualizaci\u00f3n: 3 de junio de 2025<\/h5>\n\n\n<div style=\"height:30px\" aria-hidden=\"true\" class=\"wp-block-spacer\"><\/div>\n\n\n\n<div style=\"text-align:end;margin-right:-20px;margin-bottom:1em;\">\n  <tjn-scoring-selector><\/tjn-scoring-selector>\n<\/div>\n\n\n\n<div style=\"background-color:#fff;padding:0px;margin: 0 -20px;border-radius:8px;overflow: hidden;\">\n  <tjn-country-ranking detail_url=\"\/es\/country-detail\/\" scoring_id=\"168\" limit=\"10\" lang=\"es\"><\/tjn-country-ranking>\n<\/div>\n\n\n\n<div style=\"height:20px\" aria-hidden=\"true\" class=\"wp-block-spacer\"><\/div>\n\n\n<div style=\"gap: ;\" class=\"align-button-center ub-buttons orientation-button-row ub-flex-wrap wp-block-ub-button\" id=\"ub-button-1febd6bf-cd2f-4e3b-9d40-ceee0c17abf4\"><div class=\"ub-button-container\">\n\t\t\t<a href=\"\/es\/full-list\" target=\"_self\" rel=\"noopener noreferrer  \" class=\"ub-button-block-main ub-button-medium   ub-button-flex-medium\" role=\"button\" style=\"--ub-button-background-color: transparent; --ub-button-color: #2e4e33; --ub-button-border: 3px solid #2e4e33; --ub-button-hover-color: #919191; --ub-button-hover-border: 3px solid #919191; border-top-left-radius: 0px;; border-top-right-radius: 0px;; border-bottom-left-radius: 0px;; border-bottom-right-radius: 0px;; \">\n\t\t\t\t<div class=\"ub-button-content-holder\" style=\"flex-direction: row-reverse\">\n\t\t\t\t\t<span class=\"ub-button-block-btn\"><strong>VER LISTA COMPLETA<\/strong>    \u2794<\/span>\n\t\t\t\t<\/div>\n\t\t\t<\/a>\n\t\t<\/div><\/div>\n\n\n<div style=\"height:30px\" aria-hidden=\"true\" class=\"wp-block-spacer\"><\/div>\n\n\n\n<div class=\"full-width-section-normal\">\n<div class=\"narrowcontent\">\n\n\n\n<h1 class=\"wp-block-heading has-text-align-center page-title-content\">Metodolog\u00eda<\/h1>\n\n\n\n<h2 class=\"wp-block-heading has-text-align-center smaller\">Dos factores principales detr\u00e1s de la complicidad de la opacidad financiera<\/h2>\n\n\n\n<p>El \u00cdndice de Secreto Financiero es una clasificaci\u00f3n de los pa\u00edses m\u00e1s c\u00f3mplices a la hora de ayudar a las personas a ocultar sus finanzas al Estado de derecho. El \u00edndice eval\u00faa el margen de maniobra que ofrecen las leyes y regulaciones de un pa\u00eds para el secreto financiero, esto es, el &#8220;Puntaje de secreto financiero&#8221; del pa\u00eds. El \u00edndice tambi\u00e9n controla la cantidad de servicios financieros que el pa\u00eds proporciona a los residentes de otros pa\u00edses, lo que constituye su &#8220;Peso a nivel global&#8221;.<\/p>\n\n\n\n<p>Estos dos factores se combinan para determinar el papel que desempe\u00f1a el pa\u00eds en la facilitaci\u00f3n del secreto financiero a nivel global, es decir, el &#8220;Valor FSI&#8221; del pa\u00eds y por el que se clasifica.<\/p>\n\n\n<div class=\"wp-block-ub-content-toggle wp-block-ub-content-toggle-block\" id=\"ub-content-toggle-block-2821a4df-f40a-4667-88db-381725c7d87c\" data-mobilecollapse=\"true\" data-desktopcollapse=\"true\" data-preventcollapse=\"false\" data-showonlyone=\"false\">\n<div class=\"wp-block-ub-content-toggle-accordion\" style=\"border-color: #ede7e0;\" id=\"ub-content-toggle-panel-block-\">\n\t\t\t<div class=\"wp-block-ub-content-toggle-accordion-title-wrap\" style=\"background-color: #ede7e0;\" aria-controls=\"ub-content-toggle-panel-0-2821a4df-f40a-4667-88db-381725c7d87c\" tabindex=\"0\">\n\t\t\t<h4 class=\"wp-block-ub-content-toggle-accordion-title ub-content-toggle-title-2821a4df-f40a-4667-88db-381725c7d87c\" style=\"color: #000000; \">Ver m\u00e1s detalles<\/h4>\n\t\t\t<div class=\"wp-block-ub-content-toggle-accordion-toggle-wrap left\" style=\"color: #000000;\"><span class=\"wp-block-ub-content-toggle-accordion-state-indicator wp-block-ub-chevron-down\"><\/span><\/div>\n\t\t<\/div>\n\t\t\t<div role=\"region\" aria-expanded=\"false\" class=\"wp-block-ub-content-toggle-accordion-content-wrap ub-hide\" id=\"ub-content-toggle-panel-0-2821a4df-f40a-4667-88db-381725c7d87c\">\n\n<div class=\"wp-block-group wide-padding has-white-background-color has-background is-vertical is-layout-flex wp-container-core-group-is-layout-1 wp-block-group-is-layout-flex\">\n<h3 class=\"wp-block-heading\">C\u00f3mo clasifica el \u00edndice a los pa\u00edses<\/h3>\n\n\n\n<p>El \u00cdndice de Secreto Financiero eval\u00faa exhaustivamente las leyes de las jurisdicciones y supervisa el volumen de servicios financieros que estas prestan a los residentes de otras jurisdicciones, para crear una imagen clara de los mayores facilitadores mundiales de secreto financiero.<\/p>\n\n\n\n<p><\/p>\n\n\n\n<h4 class=\"wp-block-heading\">Puntaje de secreto financiero<\/h4>\n\n\n\n<p>Mide el margen de maniobra que ofrecen las leyes y normativas de la jurisdicci\u00f3n para el secreto financiero, ya sea intencionado o no. Los puntajes van del 0 (sin margen para el secreto financiero) al 100 (margen ilimitado para el secreto financiero). Se eval\u00faa a partir de m\u00e1s de 100 preguntas organizadas en 20 indicadores.<\/p>\n\n\n\n<div class=\"wp-block-media-text is-stacked-on-mobile\" style=\"grid-template-columns:38% auto\"><figure class=\"wp-block-media-text__media\"><img fetchpriority=\"high\" decoding=\"async\" width=\"710\" height=\"150\" src=\"https:\/\/fsi-2025.dev.taxjustice.net\/wp-content\/uploads\/2025\/05\/SecrecyScoreHigh.png\" alt=\"\" class=\"wp-image-3461 size-full\" srcset=\"https:\/\/fsi.taxjustice.net\/wp-content\/uploads\/2025\/05\/SecrecyScoreHigh.png 710w, https:\/\/fsi.taxjustice.net\/wp-content\/uploads\/2025\/05\/SecrecyScoreHigh-300x63.png 300w\" sizes=\"(max-width: 710px) 100vw, 710px\" \/><\/figure><div class=\"wp-block-media-text__content\">\n<p class=\"has-small-font-size\">Puntaje alto = las leyes de la jurisdicci\u00f3n dejan mucho margen para el secreto financiero<\/p>\n<\/div><\/div>\n\n\n\n<div class=\"wp-block-media-text is-stacked-on-mobile has-small-font-size\" style=\"grid-template-columns:38% auto\"><figure class=\"wp-block-media-text__media\"><img decoding=\"async\" width=\"711\" height=\"151\" src=\"https:\/\/fsi-2025.dev.taxjustice.net\/wp-content\/uploads\/2025\/05\/SecrecyScoreLow.png\" alt=\"\" class=\"wp-image-3462 size-full\" srcset=\"https:\/\/fsi.taxjustice.net\/wp-content\/uploads\/2025\/05\/SecrecyScoreLow.png 711w, https:\/\/fsi.taxjustice.net\/wp-content\/uploads\/2025\/05\/SecrecyScoreLow-300x64.png 300w\" sizes=\"(max-width: 711px) 100vw, 711px\" \/><\/figure><div class=\"wp-block-media-text__content\">\n<p>Puntaje bajo = las leyes de la jurisdicci\u00f3n dejan poco margen para el secreto financiero<\/p>\n<\/div><\/div>\n\n\n\n<h4 class=\"wp-block-heading\">Peso a nivel global<\/h4>\n\n\n\n<p>Mide la cantidad de servicios financieros que una jurisdicci\u00f3n presta a los residentes de otras jurisdicciones. Se presenta como porcentaje del total de servicios financieros extraterritoriales prestados a nivel mundial. Basado en datos del FMI.<\/p>\n\n\n\n<div class=\"wp-block-media-text is-stacked-on-mobile\" style=\"grid-template-columns:15% auto\"><figure class=\"wp-block-media-text__media\"><img decoding=\"async\" width=\"496\" height=\"492\" src=\"https:\/\/fsi-2025.dev.taxjustice.net\/wp-content\/uploads\/2025\/05\/GlobalScaleWeight.png\" alt=\"\" class=\"wp-image-3459 size-full\" srcset=\"https:\/\/fsi.taxjustice.net\/wp-content\/uploads\/2025\/05\/GlobalScaleWeight.png 496w, https:\/\/fsi.taxjustice.net\/wp-content\/uploads\/2025\/05\/GlobalScaleWeight-300x298.png 300w, https:\/\/fsi.taxjustice.net\/wp-content\/uploads\/2025\/05\/GlobalScaleWeight-150x150.png 150w\" sizes=\"(max-width: 496px) 100vw, 496px\" \/><\/figure><div class=\"wp-block-media-text__content\">\n<p class=\"has-small-font-size\">La jurisdicci\u00f3n proporciona el 1,2 % de los servicios financieros extraterritoriales a nivel mundial<\/p>\n<\/div><\/div>\n\n\n\n<p><\/p>\n\n\n\n<h4 class=\"wp-block-heading\">Valor del \u00edndice de Secreto Financiero (Valor FSI)<\/h4>\n\n\n\n<p>Combina el Puntaje de secreto financiero y el peso a nivel global para determinar la importancia de la jurisdicci\u00f3n a la hora de permitir el secreto financiero a nivel global. Las jurisdicciones se clasifican en el \u00edndice en funci\u00f3n de este valor.<\/p>\n\n\n\n<div class=\"wp-block-media-text is-stacked-on-mobile\" style=\"grid-template-columns:38% auto\"><figure class=\"wp-block-media-text__media\"><img loading=\"lazy\" decoding=\"async\" width=\"709\" height=\"151\" src=\"https:\/\/fsi-2025.dev.taxjustice.net\/wp-content\/uploads\/2025\/05\/FSIValueHigh.png\" alt=\"\" class=\"wp-image-3463 size-full\" srcset=\"https:\/\/fsi.taxjustice.net\/wp-content\/uploads\/2025\/05\/FSIValueHigh.png 709w, https:\/\/fsi.taxjustice.net\/wp-content\/uploads\/2025\/05\/FSIValueHigh-300x64.png 300w\" sizes=\"(max-width: 709px) 100vw, 709px\" \/><\/figure><div class=\"wp-block-media-text__content\">\n<p class=\"has-small-font-size\">Alto valor = gran facilitador del secreto financiero<\/p>\n<\/div><\/div>\n\n\n\n<div class=\"wp-block-media-text is-stacked-on-mobile\" style=\"grid-template-columns:38% auto\"><figure class=\"wp-block-media-text__media\"><img loading=\"lazy\" decoding=\"async\" width=\"712\" height=\"151\" src=\"https:\/\/fsi-2025.dev.taxjustice.net\/wp-content\/uploads\/2025\/05\/FSIValueLow.png\" alt=\"\" class=\"wp-image-3464 size-full\" srcset=\"https:\/\/fsi.taxjustice.net\/wp-content\/uploads\/2025\/05\/FSIValueLow.png 712w, https:\/\/fsi.taxjustice.net\/wp-content\/uploads\/2025\/05\/FSIValueLow-300x64.png 300w\" sizes=\"(max-width: 712px) 100vw, 712px\" \/><\/figure><div class=\"wp-block-media-text__content\">\n<p class=\"has-small-font-size\">Poco valor = peque\u00f1o facilitador del secreto financiero<\/p>\n<\/div><\/div>\n\n\n\n<p><\/p>\n\n\n\n<h4 class=\"wp-block-heading\">Cuota del \u00edndice de Secreto Financiero (Cuota FSI)<\/h4>\n\n\n\n<p>Mide qu\u00e9 parte de todo el secreto financiero global permitido en todo el mundo es responsabilidad de la jurisdicci\u00f3n. Se calcula dividiendo el valor FSI de la jurisdicci\u00f3n entre la suma de los valores FSI de todas las jurisdicciones.<\/p>\n\n\n\n<div class=\"wp-block-media-text is-stacked-on-mobile\" style=\"grid-template-columns:15% auto\"><figure class=\"wp-block-media-text__media\"><img loading=\"lazy\" decoding=\"async\" width=\"497\" height=\"493\" src=\"https:\/\/fsi-2025.dev.taxjustice.net\/wp-content\/uploads\/2025\/05\/FSIShare.png\" alt=\"\" class=\"wp-image-3460 size-full\" srcset=\"https:\/\/fsi.taxjustice.net\/wp-content\/uploads\/2025\/05\/FSIShare.png 497w, https:\/\/fsi.taxjustice.net\/wp-content\/uploads\/2025\/05\/FSIShare-300x298.png 300w, https:\/\/fsi.taxjustice.net\/wp-content\/uploads\/2025\/05\/FSIShare-150x150.png 150w\" sizes=\"(max-width: 497px) 100vw, 497px\" \/><\/figure><div class=\"wp-block-media-text__content\">\n<p class=\"has-small-font-size\">Permite el 1,6% del secreto financiero a nivel mundial<\/p>\n<\/div><\/div>\n<\/div>\n\n\n\n<div style=\"height:30px\" aria-hidden=\"true\" class=\"wp-block-spacer\"><\/div>\n\n\n<div style=\"gap: 20px;\" class=\"align-button-center ub-buttons orientation-button-row ub-flex-wrap wp-block-ub-button\" id=\"ub-button-b6ef74c5-1ddd-46fe-b669-3259161f9676\"><div class=\"ub-button-container\">\n\t\t\t<a href=\"\/wp-content\/uploads\/2025\/06\/2025-06-FSIMethodology8.0.pdf\" target=\"_blank\" rel=\"noopener noreferrer  \" class=\"ub-button-block-main ub-button-medium   ub-button-flex-medium\" role=\"button\" style=\"--ub-button-background-color: #2e4e33; --ub-button-color: #ffffff; --ub-button-border: none; --ub-button-hover-background-color: #50805e; --ub-button-hover-color: #ffffff; --ub-button-hover-border: none; border-top-left-radius: 5px;; border-top-right-radius: 5px;; border-bottom-left-radius: 5px;; border-bottom-right-radius: 5px;; \">\n\t\t\t\t<div class=\"ub-button-content-holder\" style=\"flex-direction: row-reverse\">\n\t\t\t\t\t<span class=\"ub-button-block-btn\"><strong>Descargar Metodolog\u00eda en PDF<\/strong> <strong>\u2197<\/strong><\/span>\n\t\t\t\t<\/div>\n\t\t\t<\/a>\n\t\t<\/div><\/div>\n<\/div>\n\t\t<\/div>\n<\/div>\n\n\n<\/div>\n<\/div>\n<div class=\"full-width-section-light\">\n<div class=\"slidercontent\">\n<h1 class=\"wp-block-heading has-text-align-center page-title-content\">\u00faltimas actualizaciones<\/h1>\n<h2 class=\"wp-block-heading has-text-align-center smaller\">Enfoque de editores<\/h2>\n\n<\/div>\n<\/div>\n\n\n\n<div class=\"full-width-section-normal\">\n<div class=\"slidercontent\">\n<h1 class=\"wp-block-heading has-text-align-center page-title-content\">Citas del \u00cdndice<\/h1>\n<h2 class=\"wp-block-heading has-text-align-center smaller\">Datos en acci\u00f3n<\/h2>\n<p class=\"leader-text\">El \u00cdndice de Secreto Financiero es utilizado por gobiernos, organismos internacionales, periodistas, acad\u00e9micos y activistas para comprender mejor y atajar el secreto financiero mundial.<\/p>\n\n<\/div>\n<\/div>\n","protected":false},"excerpt":{"rendered":"<p>Los mayores facilitadores mundiales del secreto financiero Metodolog\u00eda Dos factores principales detr\u00e1s de la complicidad de la opacidad financiera El \u00cdndice de Secreto Financiero es una clasificaci\u00f3n&hellip;<\/p>\n<p> <a class=\"more-link\" href=\"https:\/\/fsi.taxjustice.net\/es\/\">Leer m\u00e1s<\/a><\/p>\n","protected":false},"author":1,"featured_media":0,"parent":0,"menu_order":0,"comment_status":"closed","ping_status":"closed","template":"","meta":{"inline_featured_image":false,"ub_ctt_via":"","footnotes":""},"class_list":["post-10","page","type-page","status-publish"],"translation":{"provider":"WPGlobus","version":"3.0.0","language":"es","enabled_languages":["en","es","fr","pt"],"languages":{"en":{"title":true,"content":true,"excerpt":false},"es":{"title":true,"content":true,"excerpt":false},"fr":{"title":true,"content":true,"excerpt":false},"pt":{"title":true,"content":true,"excerpt":false}}},"featured_image_src":null,"_links":{"self":[{"href":"https:\/\/fsi.taxjustice.net\/es\/wp-json\/wp\/v2\/pages\/10","targetHints":{"allow":["GET"]}}],"collection":[{"href":"https:\/\/fsi.taxjustice.net\/es\/wp-json\/wp\/v2\/pages"}],"about":[{"href":"https:\/\/fsi.taxjustice.net\/es\/wp-json\/wp\/v2\/types\/page"}],"author":[{"embeddable":true,"href":"https:\/\/fsi.taxjustice.net\/es\/wp-json\/wp\/v2\/users\/1"}],"replies":[{"embeddable":true,"href":"https:\/\/fsi.taxjustice.net\/es\/wp-json\/wp\/v2\/comments?post=10"}],"version-history":[{"count":482,"href":"https:\/\/fsi.taxjustice.net\/es\/wp-json\/wp\/v2\/pages\/10\/revisions"}],"predecessor-version":[{"id":3714,"href":"https:\/\/fsi.taxjustice.net\/es\/wp-json\/wp\/v2\/pages\/10\/revisions\/3714"}],"wp:attachment":[{"href":"https:\/\/fsi.taxjustice.net\/es\/wp-json\/wp\/v2\/media?parent=10"}],"curies":[{"name":"wp","href":"https:\/\/api.w.org\/{rel}","templated":true}]}}